{"id":997,"date":"2023-06-14T10:02:33","date_gmt":"2023-06-14T10:02:33","guid":{"rendered":"http:\/\/tndmarkets.com\/?page_id=997"},"modified":"2024-02-15T10:03:43","modified_gmt":"2024-02-15T10:03:43","slug":"indices","status":"publish","type":"page","link":"https:\/\/tndmarkets.com\/pt-br\/indices\/","title":{"rendered":"Indices"},"content":{"rendered":"<div class=\"innerpage-wrap trading-inner-page\">\r\n\r\n <div class=\"tip-top\">\r\n  <div class=\"container\">\r\n   <div class=\"row\">\r\n     <div class=\"col-lg-6\">\r\n        <h3>Aproveite a pr\u00f3xima oportunidade de negocia\u00e7\u00e3o com os CFDs de \u00edndices de a\u00e7\u00f5es populares<\/h3>\r\n        <p>Ao negociar CFDs de \u00edndices conosco, voc\u00ea est\u00e1 lidando com os maiores nomes do mercado. Os traders gostam de explorar oportunidades no mercado de \u00edndices, porque isso lhes permite aproveitar v\u00e1rios benef\u00edcios em uma \u00fanica opera\u00e7\u00e3o.<\/p>\r\n     <\/div>\r\n\t <div class=\"col-lg-6\">\r\n\t   <img decoding=\"async\" class=\"img-fluid\" src=\"\/wp-content\/themes\/website-theme\/images\/in-img-01.jpg\" alt=\"\">\r\n     <\/div>\r\n   <\/div>\r\n <\/div>\r\n <\/div>\r\n \r\n  <div class=\"tip-middle\">\r\n   <div class=\"container\">\r\n   <div class=\"row\">\r\n   \r\n     <div class=\"col-lg-12\">\r\n       <h3>Por que negociar CFDs de \u00edndices com a TNDMarkets?<\/h3>\r\n\t <\/div>\r\n\t \r\n\t <div class=\"col-lg-4\">\r\n\t    <div class=\"tip-middle-box\">\r\n\t\t  <div class=\"icon ind-02\"><\/div>\r\n\t\t    <h3>Custos de negocia\u00e7\u00e3o imbat\u00edveis<\/h3>\r\n            <p>Negocie \u00edndices com taxas de comiss\u00e3o superbaixas e spreads reduzidos.\r\n\t\t<\/div>\r\n\t <\/div>\r\n\t \r\n\t <div class=\"col-lg-4\">\r\n\t  <div class=\"tip-middle-box\">\r\n\t     <div class=\"icon ind-03\"><\/div>\r\n\t     <h3>Velocidades de execu\u00e7\u00e3o r\u00e1pidas<\/h3>\r\n         <p>Suas transa\u00e7\u00f5es ser\u00e3o executadas em milissegundos, o que significa que voc\u00ea sempre obter\u00e1 o melhor pre\u00e7o de mercado.<\/p>\r\n     <\/div>\r\n\t <\/div>\r\n\t \r\n\t <div class=\"col-lg-4\">\r\n\t <div class=\"tip-middle-box\">\r\n\t    <div class=\"icon ind-01\"><\/div>\r\n\t    <h3>Explore e negocie os principais \u00edndices<\/h3>\r\n        <p>Ultrapasse as fronteiras geogr\u00e1ficas e explore a negocia\u00e7\u00e3o dos principais \u00edndices em n\u00edvel global, mergulhando em um mundo de oportunidades nos mercados financeiros.<\/p>\r\n\t <\/div>\r\n\t <\/div>\r\n\t \r\n   <\/div>\r\n <\/div>\r\n <\/div>\r\n \r\n <div class=\"tip-bottom\">\r\n   <div class=\"container\">\r\n   <div class=\"row\">\r\n     <div class=\"col-lg-5\">\r\n\t   <img decoding=\"async\" class=\"img-fluid\" src=\"\/wp-content\/themes\/website-theme\/images\/in-img-02.png\" alt=\"\">\r\n     <\/div>\r\n\t <div class=\"col-lg-7\">\r\n        <h2>O que s\u00e3o CFDs de \u00edndices?<\/h2>\r\n\t\t<p>CFDs de \u00edndices s\u00e3o instrumentos financeiros que permitem que os traders lucrem com as flutua\u00e7\u00f5es de pre\u00e7o dos \u00edndices do mercado de a\u00e7\u00f5es, como o S&#038;P 500, Dow Jones Industrial Average, NASDAQ ou FTSE 100. Ao negociar um CFD em um \u00edndice, voc\u00ea n\u00e3o possui o \u00edndice real ou suas a\u00e7\u00f5es constituintes, mas celebra um contrato com uma corretora para especular sobre a diferen\u00e7a de pre\u00e7o do \u00edndice.<\/p>\r\n\t\t<h3>Recursos did\u00e1ticos<\/h3>\r\n\t\t<p>Muitos corretores de CFDs oferecem recursos e ferramentas did\u00e1ticas para ajudar os traders a aprender a negociar CFDs de \u00edndices, incluindo webinars, tutoriais e contas de demonstra\u00e7\u00e3o para praticar.<\/p>\r\n     <\/div>\r\n   <\/div>\r\n <\/div>\r\n <\/div>\r\n \r\n\r\n<\/div>","protected":false},"excerpt":{"rendered":"Aproveite a pr\u00f3xima oportunidade de negocia\u00e7\u00e3o com os CFDs de \u00edndices de a\u00e7\u00f5es populares Ao negociar CFDs de \u00edndices conosco, voc\u00ea est\u00e1 lidando com os maiores nomes do mercado. Os traders gostam de explorar oportunidades no mercado de \u00edndices, porque isso lhes permite aproveitar v\u00e1rios benef\u00edcios em uma \u00fanica opera\u00e7\u00e3o. Por que negociar CFDs de &hellip;","protected":false},"author":6,"featured_media":0,"parent":0,"menu_order":0,"comment_status":"closed","ping_status":"closed","template":"fullwidth-page.php","meta":{"footnotes":""},"class_list":["post-997","page","type-page","status-publish","hentry"],"_links":{"self":[{"href":"https:\/\/tndmarkets.com\/pt-br\/wp-json\/wp\/v2\/pages\/997","targetHints":{"allow":["GET"]}}],"collection":[{"href":"https:\/\/tndmarkets.com\/pt-br\/wp-json\/wp\/v2\/pages"}],"about":[{"href":"https:\/\/tndmarkets.com\/pt-br\/wp-json\/wp\/v2\/types\/page"}],"author":[{"embeddable":true,"href":"https:\/\/tndmarkets.com\/pt-br\/wp-json\/wp\/v2\/users\/6"}],"replies":[{"embeddable":true,"href":"https:\/\/tndmarkets.com\/pt-br\/wp-json\/wp\/v2\/comments?post=997"}],"version-history":[{"count":3,"href":"https:\/\/tndmarkets.com\/pt-br\/wp-json\/wp\/v2\/pages\/997\/revisions"}],"predecessor-version":[{"id":1011,"href":"https:\/\/tndmarkets.com\/pt-br\/wp-json\/wp\/v2\/pages\/997\/revisions\/1011"}],"wp:attachment":[{"href":"https:\/\/tndmarkets.com\/pt-br\/wp-json\/wp\/v2\/media?parent=997"}],"curies":[{"name":"wp","href":"https:\/\/api.w.org\/{rel}","templated":true}]}}