{"id":994,"date":"2023-06-13T13:49:05","date_gmt":"2023-06-13T13:49:05","guid":{"rendered":"http:\/\/tndmarkets.com\/?page_id=994"},"modified":"2024-02-15T09:42:57","modified_gmt":"2024-02-15T09:42:57","slug":"forex","status":"publish","type":"page","link":"https:\/\/tndmarkets.com\/pt-br\/forex\/","title":{"rendered":"Forex"},"content":{"rendered":"<div class=\"innerpage-wrap trading-inner-page\">\r\n\r\n <div class=\"tip-top\">\r\n  <div class=\"container\">\r\n   <div class=\"row\">\r\n     <div class=\"col-lg-6\">\r\n<h3>O mundo din\u00e2mico dos CFDs na negocia\u00e7\u00e3o Forex<\/h3>\r\n       <p>O mercado de Forex \u00e9 o mercado mais l\u00edquido do mundo, com um grande n\u00famero de compradores e vendedores buscando fazer uma negocia\u00e7\u00e3o a qualquer momento. O alto volume di\u00e1rio de transa\u00e7\u00f5es de divisas se traduz em bilh\u00f5es de d\u00f3lares a cada minuto, o que torna vol\u00e1teis os movimentos de pre\u00e7o de algumas moedas. Negociar no mercado de Forex envolve vender uma moeda para comprar outra, e \u00e9 por isso que \u00e9 poss\u00edvel lucrar, apesar dos movimentos do mercado.<\/p>\r\n     <\/div>\r\n\t <div class=\"col-lg-6\">\r\n\t   <img decoding=\"async\" class=\"img-fluid\" src=\"\/wp-content\/themes\/website-theme\/images\/fx-img-01.jpg\" alt=\"\">\r\n     <\/div>\r\n   <\/div>\r\n <\/div>\r\n <\/div>\r\n \r\n  <div class=\"tip-middle\">\r\n   <div class=\"container\">\r\n   <div class=\"row\">\r\n     <div class=\"col-lg-12\">\r\n       <h3>Por que negociar CFDs em Forex conosco<\/h3>\r\n\t   <p>Os traders ativos de Forex buscam identificar oportunidades e obter ideias dos mercados mundiais de divisas. Conosco, voc\u00ea tem a possibilidade de acessar pacotes globais de gr\u00e1ficos Forex e mapas de negocia\u00e7\u00e3o de moedas, tudo em uma \u00fanica plataforma integrada.<\/p>\r\n     <\/div>\r\n   <\/div>\r\n <\/div>\r\n <\/div>\r\n \r\n <div class=\"tip-bottom\">\r\n   <div class=\"container\">\r\n   <div class=\"row\">\r\n     <div class=\"col-lg-5\">\r\n\t   <img decoding=\"async\" class=\"img-fluid\" src=\"\/wp-content\/themes\/website-theme\/images\/fx-img-02.png\" alt=\"\">\r\n     <\/div>\r\n\t <div class=\"col-lg-7\">\r\n        <h3>O que \u00e9 a negocia\u00e7\u00e3o de divisas e por que os traders a adoram?<\/h3>\r\n        <p>As moedas s\u00e3o sempre negociadas em pares. A primeira moeda do par \u00e9 chamada de \u201cmoeda-base\u201d, e a segunda, de \u201cmoeda de cota\u00e7\u00e3o\u201d. Os traders de Forex compram uma moeda do par e vendem a outra ao mesmo tempo, dependendo de como acham que seus valores mudar\u00e3o em rela\u00e7\u00e3o ao outro.<\/p>\r\n        <p>Os valores das moedas podem ser afetados por v\u00e1rios fatores que afetam a for\u00e7a da economia de uma na\u00e7\u00e3o, incluindo infla\u00e7\u00e3o, taxas de juro e estabilidade pol\u00edtica, para mencionar apenas alguns. Normalmente, os operadores de Forex observam uma maior volatilidade antes e depois de acontecimentos econ\u00f4micos ou pol\u00edticos importantes, especulando como eles podem afetar os mercados.<\/p>\r\n        <p>Os pares de moedas se dividem em tr\u00eas categorias. Os pares de moedas principais s\u00e3o mais transacionados no setor de c\u00e2mbio. Normalmente, o d\u00f3lar americano \u00e9 uma das metades do par, como \u00e9 o caso do EUR\/USD e do USD\/JPY. Outros pares comumente negociados s\u00e3o o EUR\/JPY e o EUR\/GBP.<\/p>\t\t\r\n     <\/div>\r\n   <\/div>\r\n <\/div>\r\n <\/div>\r\n \r\n\r\n<\/div>","protected":false},"excerpt":{"rendered":"O mundo din\u00e2mico dos CFDs na negocia\u00e7\u00e3o Forex O mercado de Forex \u00e9 o mercado mais l\u00edquido do mundo, com um grande n\u00famero de compradores e vendedores buscando fazer uma negocia\u00e7\u00e3o a qualquer momento. O alto volume di\u00e1rio de transa\u00e7\u00f5es de divisas se traduz em bilh\u00f5es de d\u00f3lares a cada minuto, o que torna vol\u00e1teis &hellip;","protected":false},"author":6,"featured_media":0,"parent":0,"menu_order":0,"comment_status":"closed","ping_status":"closed","template":"fullwidth-page.php","meta":{"footnotes":""},"class_list":["post-994","page","type-page","status-publish","hentry"],"_links":{"self":[{"href":"https:\/\/tndmarkets.com\/pt-br\/wp-json\/wp\/v2\/pages\/994","targetHints":{"allow":["GET"]}}],"collection":[{"href":"https:\/\/tndmarkets.com\/pt-br\/wp-json\/wp\/v2\/pages"}],"about":[{"href":"https:\/\/tndmarkets.com\/pt-br\/wp-json\/wp\/v2\/types\/page"}],"author":[{"embeddable":true,"href":"https:\/\/tndmarkets.com\/pt-br\/wp-json\/wp\/v2\/users\/6"}],"replies":[{"embeddable":true,"href":"https:\/\/tndmarkets.com\/pt-br\/wp-json\/wp\/v2\/comments?post=994"}],"version-history":[{"count":2,"href":"https:\/\/tndmarkets.com\/pt-br\/wp-json\/wp\/v2\/pages\/994\/revisions"}],"predecessor-version":[{"id":996,"href":"https:\/\/tndmarkets.com\/pt-br\/wp-json\/wp\/v2\/pages\/994\/revisions\/996"}],"wp:attachment":[{"href":"https:\/\/tndmarkets.com\/pt-br\/wp-json\/wp\/v2\/media?parent=994"}],"curies":[{"name":"wp","href":"https:\/\/api.w.org\/{rel}","templated":true}]}}