{"id":985,"date":"2023-10-19T12:15:34","date_gmt":"2023-10-19T12:15:34","guid":{"rendered":"http:\/\/tndmarkets.com\/?page_id=985"},"modified":"2024-02-15T09:33:24","modified_gmt":"2024-02-15T09:33:24","slug":"security-of-funds","status":"publish","type":"page","link":"https:\/\/tndmarkets.com\/pt-br\/security-of-funds\/","title":{"rendered":"Security of funds"},"content":{"rendered":"<div class=\"innerpage-wrap about-us-page security-of-funds\">\r\n   \r\n  <div class=\"aboutus-top\">\r\n<div class=\"container\">\r\n  <div class=\"row\">\r\n       <div class=\"col-lg-12 text-center\">\r\n          <h2> A seguran\u00e7a de fundos na TNDMarkets<\/h2>\r\n          <p>Na TNDMarkets, acreditamos que a seguran\u00e7a de seus fundos n\u00e3o \u00e9 negoci\u00e1vel. Os fundos de nossos clientes s\u00e3o mantidos \u00e0 parte de nossos fundos operacionais. Essa separa\u00e7\u00e3o garante que seus ativos permane\u00e7am intocados, mesmo no caso improv\u00e1vel de a empresa sofrer dificuldades financeiras. Seus fundos s\u00e3o seus fundos e n\u00e3o s\u00e3o usados para as necessidades operacionais da empresa.<\/p>\r\n       \r\n       <\/div>\r\n  \r\n  <\/div>\r\n  <\/div>\t \r\n  <\/div>\r\n\r\n<div class=\"aboutus-middle\">\r\n<div class=\"container\">\r\n<div class=\"row\">\r\n    <div class=\"col-md-6 pe-0\">\r\n  <div class=\"ab-green-box\">\r\n        <h2>Sua seguran\u00e7a \u00e9 nossa prioridade<\/h2>\r\n    <p>Na TNDMarkets, estamos totalmente empenhados em proteger seus fundos. Investimos continuamente em medidas de seguran\u00e7a avan\u00e7adas e trabalhamos com afinco para antecipar amea\u00e7as emergentes. Sua confian\u00e7a \u00e9 nosso bem mais precioso, por isso levamos muito a s\u00e9rio a responsabilidade de proteger seus fundos.<\/p>\r\n    <p>Obrigado por escolher a TNDMarkets como sua parceira de neg\u00f3cios. Estamos aqui para criar um ambiente seguro e protegido onde voc\u00ea possa explorar o emocionante mundo da negocia\u00e7\u00e3o de CFDs.<\/p>\r\n      <\/div>\r\n    <\/div>\r\n    <div class=\"col-md-6 ps-0\">\r\n      <img decoding=\"async\" src=\"\/wp-content\/themes\/website-theme\/images\/funds-img.jpg\" class=\"img-fluid\" alt=\"...\">\r\n    <\/div>\r\n  <\/div>\r\n  <\/div>\r\n  <\/div>\r\n\r\n<\/div>\r\n\r\n\r\n","protected":false},"excerpt":{"rendered":"A seguran\u00e7a de fundos na TNDMarkets Na TNDMarkets, acreditamos que a seguran\u00e7a de seus fundos n\u00e3o \u00e9 negoci\u00e1vel. Os fundos de nossos clientes s\u00e3o mantidos \u00e0 parte de nossos fundos operacionais. Essa separa\u00e7\u00e3o garante que seus ativos permane\u00e7am intocados, mesmo no caso improv\u00e1vel de a empresa sofrer dificuldades financeiras. Seus fundos s\u00e3o seus fundos e &hellip;","protected":false},"author":6,"featured_media":0,"parent":0,"menu_order":0,"comment_status":"closed","ping_status":"closed","template":"fullwidth-page.php","meta":{"footnotes":""},"class_list":["post-985","page","type-page","status-publish","hentry"],"_links":{"self":[{"href":"https:\/\/tndmarkets.com\/pt-br\/wp-json\/wp\/v2\/pages\/985","targetHints":{"allow":["GET"]}}],"collection":[{"href":"https:\/\/tndmarkets.com\/pt-br\/wp-json\/wp\/v2\/pages"}],"about":[{"href":"https:\/\/tndmarkets.com\/pt-br\/wp-json\/wp\/v2\/types\/page"}],"author":[{"embeddable":true,"href":"https:\/\/tndmarkets.com\/pt-br\/wp-json\/wp\/v2\/users\/6"}],"replies":[{"embeddable":true,"href":"https:\/\/tndmarkets.com\/pt-br\/wp-json\/wp\/v2\/comments?post=985"}],"version-history":[{"count":3,"href":"https:\/\/tndmarkets.com\/pt-br\/wp-json\/wp\/v2\/pages\/985\/revisions"}],"predecessor-version":[{"id":988,"href":"https:\/\/tndmarkets.com\/pt-br\/wp-json\/wp\/v2\/pages\/985\/revisions\/988"}],"wp:attachment":[{"href":"https:\/\/tndmarkets.com\/pt-br\/wp-json\/wp\/v2\/media?parent=985"}],"curies":[{"name":"wp","href":"https:\/\/api.w.org\/{rel}","templated":true}]}}