{"id":962,"date":"2023-06-12T11:40:26","date_gmt":"2023-06-12T11:40:26","guid":{"rendered":"http:\/\/tndmarkets.com\/?page_id=962"},"modified":"2024-02-15T13:54:58","modified_gmt":"2024-02-15T13:54:58","slug":"about-us","status":"publish","type":"page","link":"https:\/\/tndmarkets.com\/pt-br\/about-us\/","title":{"rendered":"About Us"},"content":{"rendered":"<div class=\"innerpage-wrap about-us-page\">\r\n   \r\n  <div class=\"aboutus-top\">\r\n<div class=\"container\">\r\n  <div class=\"row\">\r\n       <div class=\"col-lg-12 text-center\">\r\n          <h2>Plataformas poderosas e intuitivas para todo tipo de investidor<\/h2>\r\n          <p>N\u00e3o importa se voc\u00ea est\u00e1 negociando ativamente ou investindo a longo prazo, nossas plataformas est\u00e3o repletas de ferramentas e recursos inovadores com tudo o que voc\u00ea precisa para tomar decis\u00f5es mais inteligentes e informadas. Independentemente da plataforma que escolher, voc\u00ea pode pesquisar a\u00e7\u00f5es, fazer negocia\u00e7\u00f5es e gerir seu portf\u00f3lio com informa\u00e7\u00f5es transmitidas por streaming ao vivo, cota\u00e7\u00f5es em tempo real e especialistas com anos de experi\u00eancia.<\/p>\r\n       <\/div>\r\n  \r\n  <\/div>\r\n  <\/div>   \r\n  <\/div>\r\n\r\n<div class=\"aboutus-middle\">\r\n<div class=\"container\">\r\n<div class=\"row\">\r\n    <div class=\"col-lg-6 pe-0\">\r\n  <div class=\"ab-green-box\">\r\n        <h2>Mais op\u00e7\u00f5es de investimento. Mais oportunidades de crescimento.<\/h2>\r\n    <p>Tenha acesso a CFDs de a\u00e7\u00f5es, Forex, commodities, \u00edndices e muito mais para manter a diversifica\u00e7\u00e3o e aproveitar toda uma s\u00e9rie de oportunidades<\/p>\r\n      <\/div>\r\n    <\/div>\r\n    <div class=\"col-lg-6 ps-0\">\r\n      <img decoding=\"async\" src=\"\/wp-content\/themes\/website-theme\/images\/ab-img.jpg\" class=\"img-fluid\" alt=\"...\">\r\n    <\/div>\r\n  <\/div>\r\n  <\/div>\r\n  <\/div>\r\n\r\n<div class=\"aboutus-yellow-sec\">\r\n<div class=\"container\">\r\n  <div class=\"row\">\r\n       <div class=\"col-lg-12\">\r\n          <h2 class=\"green-color\">Junte-se \u00e0 comunidade da TNDMarkets<\/h2>\r\n    <p>N\u00f3s o convidamos a entrar para a comunidade TNDMarkets. Quer voc\u00ea seja um operador experiente ou esteja apenas come\u00e7ando sua jornada nos mercados de negocia\u00e7\u00e3o, nossa plataforma foi projetada para apoi\u00e1-lo e capacit\u00e1-lo.<\/p>\r\n      <p>Obrigado por escolher a TNDMarkets como sua parceira de confian\u00e7a. Estamos ansiosos para ajud\u00e1-lo a atingir suas metas financeiras no emocionante mundo do trading.<\/p>\r\n       <\/div>\r\n  <\/div>\r\n  <\/div>\r\n  <\/div>\r\n\r\n<div class=\"section aboutus-bottom\">\r\n<div class=\"container\">\r\n<div class=\"row\">\r\n\r\n<div class=\"col-lg-12 mb-4\">\r\n  <h2>Nossa equipe<\/h2>\r\n  <p>Nossa equipe de traders experientes e especialistas financeiros est\u00e1 \u00e0 sua disposi\u00e7\u00e3o, fornecendo insights di\u00e1rios e an\u00e1lises detalhadas do mercado para que voc\u00ea esteja sempre informado e preparado para tomar decis\u00f5es de negocia\u00e7\u00e3o confiantes em tempo real.<\/p>\r\n<\/div>\r\n<!-- <div class=\"col-lg-4 mtp\">\r\n <div class=\"ab-box\">\r\n <img decoding=\"async\" src=\"\/wp-content\/themes\/website-theme\/images\/ab-pic-01.png\" class=\"img-fluid mb-3\" alt=\"...\">\r\n   <h3 class=\"green-color\">John Doe <\/h3>\r\n    <p>CEO & Co-Founder <\/p>\r\n     <p class=\"mt-4\">John is a trading enthusiast with a background in financial services. He founded TNDMarkets to bridge the gap between traditional finance and the digital asset space.<\/p>\r\n   <\/div>   \r\n<\/div>\r\n<div class=\"col-lg-4 mtp\">\r\n<div class=\"ab-box\">\r\n<img decoding=\"async\" src=\"\/wp-content\/themes\/website-theme\/images\/ab-pic-02.png\" class=\"img-fluid mb-3\" alt=\"...\">\r\n  <h3 class=\"green-color\">Jane Smith<\/h3>\r\n  <p> Chief Technology Officer <\/p>\r\n   <p class=\"mt-4\">Jane brings years of experience in software development and blockchain technology. Her leadership in the technical team ensures a secure and robust trading platform.<\/p>\r\n  <\/div>    \r\n<\/div>\r\n<div class=\"col-lg-4 mtp\">\r\n <div class=\"ab-box\">\r\n <img decoding=\"async\" src=\"\/wp-content\/themes\/website-theme\/images\/ab-pic-03.png\" class=\"img-fluid mb-3\" alt=\"...\">\r\n  <h3 class=\"green-color\">Mark Wilson <\/h3>\r\n  <p> Head of Customer Support <\/p>\r\n   <p class=\"mt-4\">Mark is here to assist you 24\/7. He and his team are committed to providing prompt, efficient support to answer your questions and resolve any issues.<\/p>\r\n   <\/div>   \r\n<\/div> -->\r\n<\/div>\r\n<\/div>\r\n<\/div>\r\n\r\n\r\n\r\n<\/div>\r\n\r\n","protected":false},"excerpt":{"rendered":"Plataformas poderosas e intuitivas para todo tipo de investidor N\u00e3o importa se voc\u00ea est\u00e1 negociando ativamente ou investindo a longo prazo, nossas plataformas est\u00e3o repletas de ferramentas e recursos inovadores com tudo o que voc\u00ea precisa para tomar decis\u00f5es mais inteligentes e informadas. Independentemente da plataforma que escolher, voc\u00ea pode pesquisar a\u00e7\u00f5es, fazer negocia\u00e7\u00f5es e &hellip;","protected":false},"author":6,"featured_media":0,"parent":0,"menu_order":0,"comment_status":"closed","ping_status":"closed","template":"fullwidth-page.php","meta":{"footnotes":""},"class_list":["post-962","page","type-page","status-publish","hentry"],"_links":{"self":[{"href":"https:\/\/tndmarkets.com\/pt-br\/wp-json\/wp\/v2\/pages\/962","targetHints":{"allow":["GET"]}}],"collection":[{"href":"https:\/\/tndmarkets.com\/pt-br\/wp-json\/wp\/v2\/pages"}],"about":[{"href":"https:\/\/tndmarkets.com\/pt-br\/wp-json\/wp\/v2\/types\/page"}],"author":[{"embeddable":true,"href":"https:\/\/tndmarkets.com\/pt-br\/wp-json\/wp\/v2\/users\/6"}],"replies":[{"embeddable":true,"href":"https:\/\/tndmarkets.com\/pt-br\/wp-json\/wp\/v2\/comments?post=962"}],"version-history":[{"count":4,"href":"https:\/\/tndmarkets.com\/pt-br\/wp-json\/wp\/v2\/pages\/962\/revisions"}],"predecessor-version":[{"id":984,"href":"https:\/\/tndmarkets.com\/pt-br\/wp-json\/wp\/v2\/pages\/962\/revisions\/984"}],"wp:attachment":[{"href":"https:\/\/tndmarkets.com\/pt-br\/wp-json\/wp\/v2\/media?parent=962"}],"curies":[{"name":"wp","href":"https:\/\/api.w.org\/{rel}","templated":true}]}}