{"id":1092,"date":"2023-10-27T06:43:30","date_gmt":"2023-10-27T06:43:30","guid":{"rendered":"http:\/\/tndmarkets.com\/?page_id=1092"},"modified":"2024-02-16T06:09:13","modified_gmt":"2024-02-16T06:09:13","slug":"why-trade-with-us","status":"publish","type":"page","link":"https:\/\/tndmarkets.com\/pt-br\/why-trade-with-us\/","title":{"rendered":"Why Trade with us"},"content":{"rendered":"<div class=\"innerpage-wrap about-us-page\">\r\n   \r\n  <div class=\"aboutus-top\">\r\n<div class=\"container\">\r\n  <div class=\"row\">\r\n       <div class=\"col-lg-12 text-center mb-5\">\r\n          <h2>Vantagem da TNDMarkets: o caminho para o sucesso nas negocia\u00e7\u00f5es<\/h2>\r\n            <p>Descubra por que negociar com a TNDMarkets \u00e9 a chave para uma carreira de negocia\u00e7\u00e3o bem-sucedida e gratificante. Oferecemos uma s\u00e9rie de vantagens que nos distinguem dos demais:<\/p>\r\n          \r\n       <\/div>\r\n       <div class=\"col-md-4\">\r\n        <img decoding=\"async\" src=\"\/wp-content\/themes\/website-theme\/images\/why-trade-img-01.png\" class=\"img-fluid mr-20\" alt=\"\">\r\n       <\/div>\r\n       <div class=\"col-md-8\">\r\n        <h3 class=\"medium-heading\">Insights e an\u00e1lises de especialistas<\/h3>\r\n        <p>Na TNDMarkets, acreditamos que \u00e9 essencial estar informado para tomar decis\u00f5es de negocia\u00e7\u00e3o. \u00c9 por isso que nossa equipe de traders experientes e especialistas financeiros fornece insights e an\u00e1lises di\u00e1rias de mercado. Nossa pesquisa aprofundada o mant\u00e9m a par das \u00faltimas tend\u00eancias do mercado, para que voc\u00ea possa fazer negocia\u00e7\u00f5es informadas.<\/p>\r\n       <\/div>\r\n       <div class=\"clearfix mt-5\"><\/div>\r\n\r\n  <div class=\"col-md-4\">\r\n        <img decoding=\"async\" src=\"\/wp-content\/themes\/website-theme\/images\/why-trade-img-02.png\" class=\"img-fluid mr-20\" alt=\"\">\r\n       <\/div>\r\n       <div class=\"col-md-8\">\r\n        <h3 class=\"medium-heading\">Sele\u00e7\u00e3o diversificada de CFDs<\/h3>\r\n        <p>A diversidade \u00e9 o ponto central dos mercados financeiros, e isso se reflete em nossa ampla gama de ativos de negocia\u00e7\u00e3o de CFDs. Desde os principais pares de moedas Forex at\u00e9, a\u00e7\u00f5es, commodities e \u00edndices, temos um grande n\u00famero de oportunidades de investimento. Diversifique seu portf\u00f3lio e explore novos horizontes.<\/p>\r\n       <\/div>\r\n  <\/div>\r\n  <\/div>   \r\n  <\/div>\r\n\r\n\r\n\r\n<div class=\"aboutus-yellow-sec mt-5\">\r\n<div class=\"container\">\r\n  <div class=\"row\">\r\n       <div class=\"col-lg-12\">\r\n          <h2>Prepare sua carreira de negocia\u00e7\u00e3o com a TNDMarkets<\/h2>\r\n          <p>A TNDMarkets \u00e9 sua parceira de confian\u00e7a no caminho para a excel\u00eancia na negocia\u00e7\u00e3o. Mais do que uma plataforma de trading, somos sua fiel aliada, comprometida em ajud\u00e1-lo a explorar todo seu potencial nos mercados financeiros. A TNDMarkets \u00e9 sua porta de acesso a uma ampla gama de benef\u00edcios, meticulosamente desenvolvidos para melhorar sua experi\u00eancia de negocia\u00e7\u00e3o e maximizar suas chances de sucesso.<\/p>\r\n          <p>Nossa equipe de traders experientes e especialistas financeiros est\u00e1 \u00e0 sua disposi\u00e7\u00e3o, fornecendo insights di\u00e1rios sobre o mercado e an\u00e1lises detalhadas para que voc\u00ea esteja sempre informado e capacitado para tomar decis\u00f5es de negocia\u00e7\u00e3o confiantes em tempo real. A grande diversidade de CFDs que oferecemos, abrangendo pares de moedas Forex principais e cruzados, a\u00e7\u00f5es, commodities e \u00edndices, permite que voc\u00ea diversifique seu portf\u00f3lio e explore novos horizontes.<\/p>\r\n       <\/div>\r\n  <\/div>\r\n  <\/div>\r\n  <\/div>\r\n\r\n  <div class=\"pt-5 aboutus-top\">\r\n    <div class=\"container\">\r\n      <div class=\"row\">        \r\n         <div class=\"col-md-8\">\r\n          <h3 class=\"medium-heading\">Spreads competitivos e transpar\u00eancia de pre\u00e7os<\/h3>\r\n          <p>Nosso objetivo \u00e9 aumentar seus lucros com spreads competitivos e pre\u00e7os transparentes. Acesse mercados com taxas favor\u00e1veis e minimize os custos, come\u00e7ando sua jornada de negocia\u00e7\u00e3o um passo \u00e0 frente dos outros.\r\n\r\n<\/p>\r\n         <\/div>\r\n         <div class=\"col-md-4\">\r\n          <img decoding=\"async\" src=\"\/wp-content\/themes\/website-theme\/images\/why-trade-img-03.png\" class=\"img-fluid\" alt=\"\">\r\n         <\/div>\r\n      <\/div>\r\n      <div class=\"row mt-5\">        \r\n        <div class=\"col-md-8\">\r\n         <h3 class=\"medium-heading\">Solu\u00e7\u00f5es de negocia\u00e7\u00e3o inovadoras<\/h3>\r\n         <p>Os mercados financeiros est\u00e3o em constante evolu\u00e7\u00e3o, e n\u00f3s tamb\u00e9m. A TNDMarkets se adapta consistentemente \u00e0s mudan\u00e7as do mercado, oferecendo solu\u00e7\u00f5es de negocia\u00e7\u00e3o inovadoras, para que voc\u00ea permane\u00e7a na vanguarda das oportunidades de negocia\u00e7\u00e3o.<\/p>\r\n        <\/div>\r\n        <div class=\"col-md-4\">\r\n         <img decoding=\"async\" src=\"\/wp-content\/themes\/website-theme\/images\/why-trade-img-04.png\" class=\"img-fluid\" alt=\"\">\r\n        <\/div>\r\n     <\/div>\r\n    <\/div>\r\n  <\/div>\r\n\r\n<\/div>\r\n\r\n","protected":false},"excerpt":{"rendered":"Vantagem da TNDMarkets: o caminho para o sucesso nas negocia\u00e7\u00f5es Descubra por que negociar com a TNDMarkets \u00e9 a chave para uma carreira de negocia\u00e7\u00e3o bem-sucedida e gratificante. Oferecemos uma s\u00e9rie de vantagens que nos distinguem dos demais: Insights e an\u00e1lises de especialistas Na TNDMarkets, acreditamos que \u00e9 essencial estar informado para tomar decis\u00f5es de &hellip;","protected":false},"author":6,"featured_media":0,"parent":0,"menu_order":0,"comment_status":"closed","ping_status":"closed","template":"fullwidth-page.php","meta":{"footnotes":""},"class_list":["post-1092","page","type-page","status-publish","hentry"],"_links":{"self":[{"href":"https:\/\/tndmarkets.com\/pt-br\/wp-json\/wp\/v2\/pages\/1092","targetHints":{"allow":["GET"]}}],"collection":[{"href":"https:\/\/tndmarkets.com\/pt-br\/wp-json\/wp\/v2\/pages"}],"about":[{"href":"https:\/\/tndmarkets.com\/pt-br\/wp-json\/wp\/v2\/types\/page"}],"author":[{"embeddable":true,"href":"https:\/\/tndmarkets.com\/pt-br\/wp-json\/wp\/v2\/users\/6"}],"replies":[{"embeddable":true,"href":"https:\/\/tndmarkets.com\/pt-br\/wp-json\/wp\/v2\/comments?post=1092"}],"version-history":[{"count":2,"href":"https:\/\/tndmarkets.com\/pt-br\/wp-json\/wp\/v2\/pages\/1092\/revisions"}],"predecessor-version":[{"id":1097,"href":"https:\/\/tndmarkets.com\/pt-br\/wp-json\/wp\/v2\/pages\/1092\/revisions\/1097"}],"wp:attachment":[{"href":"https:\/\/tndmarkets.com\/pt-br\/wp-json\/wp\/v2\/media?parent=1092"}],"curies":[{"name":"wp","href":"https:\/\/api.w.org\/{rel}","templated":true}]}}