{"id":1087,"date":"2023-10-19T12:46:04","date_gmt":"2023-10-19T12:46:04","guid":{"rendered":"http:\/\/tndmarkets.com\/?page_id=1087"},"modified":"2024-02-15T14:20:19","modified_gmt":"2024-02-15T14:20:19","slug":"cryptocurrencies","status":"publish","type":"page","link":"https:\/\/tndmarkets.com\/pt-br\/cryptocurrencies\/","title":{"rendered":"Cryptocurrencies"},"content":{"rendered":"<div class=\"innerpage-wrap trading-inner-page\">\r\n\r\n  <div class=\"tip-top\">\r\n   <div class=\"container\">\r\n    <div class=\"row\">\r\n      <div class=\"col-lg-6\">\r\n        <h2>Descubra todo um mundo de CFDs de criptomoedas na TNDMarkets<\/h2>\r\n         <p>Na TNDMarkets, acreditamos em oferecer aos nossos clientes acesso a CFDs de criptomoedas para atender a todas as estrat\u00e9gias de negocia\u00e7\u00e3o e prefer\u00eancias de investimento. Nossa plataforma oferece uma sele\u00e7\u00e3o diversificada de ativos digitais, garantindo que voc\u00ea tenha flexibilidade para explorar o emocionante mundo dos CFDs na negocia\u00e7\u00e3o de criptomoedas.<\/p>\r\n      <\/div>\r\n    <div class=\"col-lg-6\">\r\n      <img decoding=\"async\" class=\"img-fluid\" src=\"\/wp-content\/themes\/website-theme\/images\/crypto-img-01.jpg\" alt=\"\">\r\n      <\/div>\r\n    <\/div>\r\n  <\/div>\r\n  <\/div>\r\n  \r\n   <div class=\"tip-middle\">\r\n    <div class=\"container\">\r\n    <div class=\"row\">    \r\n      <div class=\"col-lg-12\">\r\n        <h3>Negociar CFDs de criptomoedas com a TNDMarkets<\/h3>\r\n        <p>Na TNDMarkets, oferecemos a emocionante oportunidade de negociar CFDs de criptomoedas, acrescentando uma nova dimens\u00e3o ao seu portf\u00f3lio de negocia\u00e7\u00e3o.<\/p>\r\n    <\/div>    \r\n    <div class=\"col-lg-3\">\r\n       <div class=\"tip-middle-box\">\r\n         <h3>Diversas op\u00e7\u00f5es<\/h3>\r\n          <p>Os CFDs de criptomoedas oferecem acesso a Bitcoin e Ethereum<\/p>\r\n     <\/div>\r\n    <\/div>    \r\n    <div class=\"col-lg-3\">\r\n     <div class=\"tip-middle-box\">       \r\n        <h3>Flexibilidade<\/h3>\r\n          <p>A negocia\u00e7\u00e3o de CFDs permite que voc\u00ea lucre tanto com a subida como com a descida de pre\u00e7os das criptomoedas. Voc\u00ea pode abrir posi\u00e7\u00f5es longas (compra) e curtas (venda), tirando proveito da volatilidade do mercado<\/p>\r\n      <\/div>\r\n    <\/div>\r\n    <div class=\"col-lg-3\">\r\n      <div class=\"tip-middle-box\">        \r\n         <h3>Alavancagem<\/h3>\r\n           <p>A alavancagem pode levar a lucros maiores, mas \u00e9 importante lembrar que tamb\u00e9m acarreta riscos mais elevados, devendo ser usada com cautela.<\/p>\r\n       <\/div>\r\n     <\/div>\r\n     <div class=\"col-lg-3\">\r\n      <div class=\"tip-middle-box\">        \r\n         <h3>Gerenciamento do risco<\/h3>\r\n           <p>Nossa plataforma oferece ferramentas de gerencimaneto de risco, incluindo ordens de stop-loss, para ajudar a proteger seu capital e a gerenciar sua exposi\u00e7\u00e3o ao risco de forma eficaz.<\/p>\r\n       <\/div>\r\n     <\/div>    \r\n    <\/div>\r\n  <\/div>\r\n  <\/div>\r\n  \r\n  <div class=\"tip-bottom\">\r\n    <div class=\"container\">\r\n    <div class=\"row\">\r\n       <div class=\"col-lg-7\">\r\n         <h2>Negociar CFDs de criptomoedas: um guia completo<\/h2>\r\n     <p>As criptomoedas revolucionaram o cen\u00e1rio financeiro, e negoci\u00e1-las por meio de CFDs abriu novos horizontes para investidores e traders. Os CFDs s\u00e3o uma forma flex\u00edvel de especular sobre os movimentos de pre\u00e7o das criptomoedas sem chegar a possuir os ativos subjacentes. Neste guia, iremos nos aprofundar no mundo dos CFDs de criptomoedas, explicando o que s\u00e3o e como negoci\u00e1-los na pr\u00e1tica.\r\n<\/p>\r\n     <h2 class=\"mt-4\">O que s\u00e3o CFDs de criptomoedas??<\/h2>\r\n     <p>Contratos por diferen\u00e7a (CFDs) s\u00e3o um derivativo financeiro que permite que os traders especulem sobre os movimentos de pre\u00e7o das criptomoedas sem possuir moedas reais. Ao negociar CFDs de criptomoedas, voc\u00ea est\u00e1 essencialmente a celebrar um contrato com um corretor para trocar a diferen\u00e7a do pre\u00e7o da criptomoeda entre o momento em que voc\u00ea abre e fecha sua posi\u00e7\u00e3o.<\/p>\r\n   <\/div>   \r\n    <div class=\"col-lg-5\">\r\n      <img decoding=\"async\" class=\"img-fluid\" src=\"\/wp-content\/themes\/website-theme\/images\/crypto-img-02.png\" alt=\"\">\r\n      <\/div>\r\n    <\/div>\r\n  <\/div>\r\n  <\/div>\r\n  \r\n \r\n <\/div>","protected":false},"excerpt":{"rendered":"Descubra todo um mundo de CFDs de criptomoedas na TNDMarkets Na TNDMarkets, acreditamos em oferecer aos nossos clientes acesso a CFDs de criptomoedas para atender a todas as estrat\u00e9gias de negocia\u00e7\u00e3o e prefer\u00eancias de investimento. Nossa plataforma oferece uma sele\u00e7\u00e3o diversificada de ativos digitais, garantindo que voc\u00ea tenha flexibilidade para explorar o emocionante mundo dos &hellip;","protected":false},"author":6,"featured_media":0,"parent":0,"menu_order":0,"comment_status":"closed","ping_status":"closed","template":"fullwidth-page.php","meta":{"footnotes":""},"class_list":["post-1087","page","type-page","status-publish","hentry"],"_links":{"self":[{"href":"https:\/\/tndmarkets.com\/pt-br\/wp-json\/wp\/v2\/pages\/1087","targetHints":{"allow":["GET"]}}],"collection":[{"href":"https:\/\/tndmarkets.com\/pt-br\/wp-json\/wp\/v2\/pages"}],"about":[{"href":"https:\/\/tndmarkets.com\/pt-br\/wp-json\/wp\/v2\/types\/page"}],"author":[{"embeddable":true,"href":"https:\/\/tndmarkets.com\/pt-br\/wp-json\/wp\/v2\/users\/6"}],"replies":[{"embeddable":true,"href":"https:\/\/tndmarkets.com\/pt-br\/wp-json\/wp\/v2\/comments?post=1087"}],"version-history":[{"count":3,"href":"https:\/\/tndmarkets.com\/pt-br\/wp-json\/wp\/v2\/pages\/1087\/revisions"}],"predecessor-version":[{"id":1091,"href":"https:\/\/tndmarkets.com\/pt-br\/wp-json\/wp\/v2\/pages\/1087\/revisions\/1091"}],"wp:attachment":[{"href":"https:\/\/tndmarkets.com\/pt-br\/wp-json\/wp\/v2\/media?parent=1087"}],"curies":[{"name":"wp","href":"https:\/\/api.w.org\/{rel}","templated":true}]}}