{"id":1033,"date":"2023-06-13T14:39:23","date_gmt":"2023-06-13T14:39:23","guid":{"rendered":"http:\/\/tndmarkets.com\/?page_id=1033"},"modified":"2026-03-30T13:08:06","modified_gmt":"2026-03-30T13:08:06","slug":"legal-information","status":"publish","type":"page","link":"https:\/\/tndmarkets.com\/pt-br\/legal-information\/","title":{"rendered":"Legal Information"},"content":{"rendered":"<div class=\"innerpage-wrap legal-page\">\r\n<div class=\"container\">\r\n<div class=\"row\">\r\n\r\n<div class=\"col-lg-6\">\r\n\t    <div class=\"legal-box\">\r\n\t       <h3>Taxas administrativas<\/h3>\r\n\t\t   <a class=\"common-btn\" href=\"\/wp-content\/themes\/website-theme\/images\/pdf\/Ad-Fees.pdf\">Clique aqui<\/a>\r\n\t    <\/div>\r\n\t <\/div>\r\n\t <div class=\"col-lg-6\">\r\n          <div class=\"legal-box\">\r\n\t\t      <h3>Pol\u00edtica de AML e KYC<\/h3>\r\n\t\t\t  <a class=\"common-btn\" href=\"\/wp-content\/themes\/website-theme\/images\/pdf\/AML_&#038;_KYC_Policy.pdf\">Clique aqui<\/a>\r\n\t\t  <\/div>\r\n\t  <\/div> \r\n\t <div class=\"col-lg-6\">\r\n          <div class=\"legal-box\">\r\n\t\t      <h3>Termos do b\u00f4nus<\/h3>\r\n\t\t\t  <a class=\"common-btn\" href=\"\/wp-content\/themes\/website-theme\/images\/pdf\/Bonus_terms.pdf\">Clique aqui<\/a>\r\n\t\t  <\/div>\r\n\t  <\/div>\r\n      <div class=\"col-lg-6\">\r\n          <div class=\"legal-box\">\r\n\t\t      <h3>Processo de Tratamento de Reclama\u00e7\u00f5es<\/h3>\r\n\t\t\t  <a class=\"common-btn\" href=\"\/wp-content\/themes\/website-theme\/images\/pdf\/Complaint_Handling_Process.pdf\">Clique aqui<\/a>\r\n\t\t  <\/div>\r\n\t  <\/div>\r\n      <div class=\"col-lg-6\">\r\n          <div class=\"legal-box\">\r\n\t\t      <h3>Formul\u00e1rio de Reclama\u00e7\u00f5es<\/h3>\r\n\t\t\t  <a class=\"common-btn\" href=\"\/wp-content\/themes\/website-theme\/images\/pdf\/Complaints_form.pdf\">Clique aqui<\/a>\r\n\t\t  <\/div>\r\n\t  <\/div>\r\n      <div class=\"col-lg-6\">\r\n          <div class=\"legal-box\">\r\n\t\t      <h3>Pol\u00edtica de cookies<\/h3>\r\n\t\t\t  <a class=\"common-btn\" href=\"\/wp-content\/themes\/website-theme\/images\/pdf\/Cookie_Policy.pdf\">Clique aqui<\/a>\r\n\t\t  <\/div>\r\n\t  <\/div>\r\n\t   <div class=\"col-lg-6\">\r\n          <div class=\"  legal-box\">\r\n\t\t      <h3>Termos e condi\u00e7\u00f5es gerais<\/h3>\r\n\t\t     <a class=\"common-btn\" href=\"\/wp-content\/themes\/website-theme\/images\/pdf\/General_terms_and_conditions.pdf\">Clique aqui<\/a>\r\n\t\t  <\/div>\r\n\t  <\/div>    \r\n\t   <div class=\"col-lg-6\">\r\n          <div class=\"  legal-box\">\r\n\t\t      <h3>Pol\u00edtica de reembolsos e devolu\u00e7\u00f5es<\/h3>\r\n\t\t     <a class=\"common-btn\" href=\"\/wp-content\/themes\/website-theme\/images\/pdf\/Refunds_&#038;_Returns_Policy.pdf\">Clique aqui<\/a>\r\n\t\t  <\/div>\r\n\t  <\/div>    \r\n\t   <div class=\"col-lg-6\">\r\n          <div class=\"  legal-box\">\r\n\t\t      <h3>Pol\u00edtica de privacidade<\/h3>\r\n\t\t     <a class=\"common-btn\" href=\"\/wp-content\/themes\/website-theme\/images\/pdf\/Privacy_policy.pdf\">Clique aqui<\/a>\r\n\t\t  <\/div>\r\n\t  <\/div>    \r\n\t   <div class=\"col-lg-6\">\r\n          <div class=\"  legal-box\">\r\n\t\t      <h3>Declara\u00e7\u00e3o de divulga\u00e7\u00e3o de riscos<\/h3>\r\n\t\t     <a class=\"common-btn\" href=\"\/wp-content\/themes\/website-theme\/images\/pdf\/Risk_disclosure_statement.pdf\">Clique aqui<\/a>\r\n\t\t  <\/div>\r\n\t  <\/div>  \r\n\t  \r\n<\/div>\r\n<\/div>\r\n<\/div>","protected":false},"excerpt":{"rendered":"Taxas administrativas Clique aqui Pol\u00edtica de AML e KYC Clique aqui Termos do b\u00f4nus Clique aqui Processo de Tratamento de Reclama\u00e7\u00f5es Clique aqui Formul\u00e1rio de Reclama\u00e7\u00f5es Clique aqui Pol\u00edtica de cookies Clique aqui Termos e condi\u00e7\u00f5es gerais Clique aqui Pol\u00edtica de reembolsos e devolu\u00e7\u00f5es Clique aqui Pol\u00edtica de privacidade Clique aqui Declara\u00e7\u00e3o de divulga\u00e7\u00e3o de &hellip;","protected":false},"author":6,"featured_media":0,"parent":0,"menu_order":0,"comment_status":"closed","ping_status":"closed","template":"fullwidth-page.php","meta":{"footnotes":""},"class_list":["post-1033","page","type-page","status-publish","hentry"],"_links":{"self":[{"href":"https:\/\/tndmarkets.com\/pt-br\/wp-json\/wp\/v2\/pages\/1033","targetHints":{"allow":["GET"]}}],"collection":[{"href":"https:\/\/tndmarkets.com\/pt-br\/wp-json\/wp\/v2\/pages"}],"about":[{"href":"https:\/\/tndmarkets.com\/pt-br\/wp-json\/wp\/v2\/types\/page"}],"author":[{"embeddable":true,"href":"https:\/\/tndmarkets.com\/pt-br\/wp-json\/wp\/v2\/users\/6"}],"replies":[{"embeddable":true,"href":"https:\/\/tndmarkets.com\/pt-br\/wp-json\/wp\/v2\/comments?post=1033"}],"version-history":[{"count":3,"href":"https:\/\/tndmarkets.com\/pt-br\/wp-json\/wp\/v2\/pages\/1033\/revisions"}],"predecessor-version":[{"id":1165,"href":"https:\/\/tndmarkets.com\/pt-br\/wp-json\/wp\/v2\/pages\/1033\/revisions\/1165"}],"wp:attachment":[{"href":"https:\/\/tndmarkets.com\/pt-br\/wp-json\/wp\/v2\/media?parent=1033"}],"curies":[{"name":"wp","href":"https:\/\/api.w.org\/{rel}","templated":true}]}}