{"id":1027,"date":"2023-10-20T07:20:06","date_gmt":"2023-10-20T07:20:06","guid":{"rendered":"http:\/\/tndmarkets.com\/?page_id=1027"},"modified":"2024-02-15T11:12:59","modified_gmt":"2024-02-15T11:12:59","slug":"economic-calendar","status":"publish","type":"page","link":"https:\/\/tndmarkets.com\/pt-br\/economic-calendar\/","title":{"rendered":"Economic Calendar"},"content":{"rendered":"<div class=\"innerpage-wrap trading-inner-page\">\r\n  <div class=\"pb-5\">\r\n  <div class=\"container\">\r\n    <div class=\"row\">\r\n      <div class=\"col-lg-7\">\r\n        <h2>Aproveite o calend\u00e1rio econ\u00f4mico da TNDMarkets para obter sucesso nas negocia\u00e7\u00f5es Forex<\/h2>\r\n          <h3>Seu guia para a negocia\u00e7\u00e3o estrat\u00e9gica de Forex<\/h3>\r\n          <p>Bem-vindo ao calend\u00e1rio econ\u00f4mico da TNDMarkets, sua ferramenta indispens\u00e1vel para navegar no mundo din\u00e2mico da negocia\u00e7\u00e3o Forex. Neste guia, iremos explicar como usar nosso calend\u00e1rio econ\u00f4mico para tomar decis\u00f5es de negocia\u00e7\u00e3o informadas no mercado global de c\u00e2mbio.<\/p>\r\n      <\/div>\r\n      <div class=\"col-lg-5\">\r\n        <img decoding=\"async\" class=\"img-fluid\" src=\"\/wp-content\/themes\/website-theme\/images\/calendar-img-01.jpg\" alt=\"\">\r\n      <\/div>\r\n    <\/div>\r\n    \r\n  <\/div>\r\n  <\/div>\r\n  \r\n  \r\n    \r\n     <div class=\"tip-middle\">\r\n      <div class=\"container\">\r\n      <div class=\"row\">\r\n        <div class=\"col-lg-12\">\r\n         <h3>Entendendo o calend\u00e1rio econ\u00f4mico<\/h3>\r\n         <h4>A chave para negocia\u00e7\u00f5es informadas<\/h4>\r\n        <p>O calend\u00e1rio econ\u00f4mico \u00e9 mais do que um calend\u00e1rio de eventos: \u00e9 uma janela para os fatores fundamentais que influenciam os mercados cambiais. Fornece informa\u00e7\u00f5es valiosas sobre indicadores econ\u00f4micos, eventos e an\u00fancios de pa\u00edses de todo mundo. Entender como interpretar essas informa\u00e7\u00f5es pode ajud\u00e1-lo a planejar eficazmente suas estrat\u00e9gias de negocia\u00e7\u00e3o Forex.<\/p>\r\n        <\/div>\r\n      <\/div>\r\n    <\/div>\r\n    <\/div>\r\n    \r\n    <div class=\"tip-bottom\">\r\n      <div class=\"container\">\r\n      <div class=\"row\">\r\n        <div class=\"col-md-12 text-center\">\r\n          <h2>Sua parceira de confian\u00e7a na negocia\u00e7\u00e3o Forex<\/h2>         \r\n        <p>A TNDMarkets se compromete a fornecer as ferramentas e o conhecimento de que voc\u00ea precisa para ter sucesso na negocia\u00e7\u00e3o de divisas. Nosso calend\u00e1rio econ\u00f4mico \u00e9 apenas um dos muitos recursos que oferecemos para impulsionar sua jornada de negocia\u00e7\u00e3o. Com dados e informa\u00e7\u00f5es em tempo real \u00e0 sua disposi\u00e7\u00e3o, voc\u00ea poder\u00e1 tomar decis\u00f5es informadas e navegar no mercado cambial com confian\u00e7a.<\/p>\r\n        <div class=\"widget-wr\">\r\n          <!-- TradingView Widget BEGIN -->\r\n<div class=\"tradingview-widget-container\">\r\n  <div class=\"tradingview-widget-container__widget\"><\/div>\r\n\r\n  <script src=\"https:\/\/s3.tradingview.com\/external-embedding\/embed-widget-events.js\" async>\r\n  {\r\n  \"colorTheme\": \"light\",\r\n  \"isTransparent\": false,\r\n  \"width\": \"100%\",\r\n  \"height\": \"600\",\r\n  \"locale\": \"in\",\r\n  \"importanceFilter\": \"-1,0,1\",\r\n  \"currencyFilter\": \"USD,EUR,ITL,NZD,CHF,AUD,FRF,JPY,ZAR,TRL,CAD,DEM,MXN,ESP,GBP\"\r\n}\r\n  <\/script>\r\n<\/div>\r\n<!-- TradingView Widget END -->\r\n        <\/div>\r\n        <\/div>\r\n        \r\n      <\/div>\r\n    <\/div>\r\n    <\/div>\r\n    \r\n   \r\n   <\/div>","protected":false},"excerpt":{"rendered":"Aproveite o calend\u00e1rio econ\u00f4mico da TNDMarkets para obter sucesso nas negocia\u00e7\u00f5es Forex Seu guia para a negocia\u00e7\u00e3o estrat\u00e9gica de Forex Bem-vindo ao calend\u00e1rio econ\u00f4mico da TNDMarkets, sua ferramenta indispens\u00e1vel para navegar no mundo din\u00e2mico da negocia\u00e7\u00e3o Forex. Neste guia, iremos explicar como usar nosso calend\u00e1rio econ\u00f4mico para tomar decis\u00f5es de negocia\u00e7\u00e3o informadas no mercado global &hellip;","protected":false},"author":6,"featured_media":0,"parent":0,"menu_order":0,"comment_status":"closed","ping_status":"closed","template":"fullwidth-page.php","meta":{"footnotes":""},"class_list":["post-1027","page","type-page","status-publish","hentry"],"_links":{"self":[{"href":"https:\/\/tndmarkets.com\/pt-br\/wp-json\/wp\/v2\/pages\/1027","targetHints":{"allow":["GET"]}}],"collection":[{"href":"https:\/\/tndmarkets.com\/pt-br\/wp-json\/wp\/v2\/pages"}],"about":[{"href":"https:\/\/tndmarkets.com\/pt-br\/wp-json\/wp\/v2\/types\/page"}],"author":[{"embeddable":true,"href":"https:\/\/tndmarkets.com\/pt-br\/wp-json\/wp\/v2\/users\/6"}],"replies":[{"embeddable":true,"href":"https:\/\/tndmarkets.com\/pt-br\/wp-json\/wp\/v2\/comments?post=1027"}],"version-history":[{"count":2,"href":"https:\/\/tndmarkets.com\/pt-br\/wp-json\/wp\/v2\/pages\/1027\/revisions"}],"predecessor-version":[{"id":1029,"href":"https:\/\/tndmarkets.com\/pt-br\/wp-json\/wp\/v2\/pages\/1027\/revisions\/1029"}],"wp:attachment":[{"href":"https:\/\/tndmarkets.com\/pt-br\/wp-json\/wp\/v2\/media?parent=1027"}],"curies":[{"name":"wp","href":"https:\/\/api.w.org\/{rel}","templated":true}]}}