{"id":1024,"date":"2023-10-27T09:17:22","date_gmt":"2023-10-27T09:17:22","guid":{"rendered":"http:\/\/tndmarkets.com\/?page_id=1024"},"modified":"2024-02-15T11:13:29","modified_gmt":"2024-02-15T11:13:29","slug":"news-and-insights","status":"publish","type":"page","link":"https:\/\/tndmarkets.com\/pt-br\/news-and-insights\/","title":{"rendered":"News and Insights"},"content":{"rendered":"<div class=\"innerpage-wrap about-us-page\">\r\n   \r\n  <div class=\"aboutus-top\">\r\n<div class=\"container\">\r\n  <div class=\"row\">     \r\n      \r\n       <div class=\"col-lg-8\">\r\n        <h2 class=\"medium-heading\">Mantenha-se informado com as not\u00edcias sobre o mercado de Forex da TNDMarkets<\/h2>\r\n          <h3 class=\"medium-heading\">Sua fonte de informa\u00e7\u00e3o sobre o mercado de Forex<\/h3>\r\n          <p>Bem-vindo \u00e0s not\u00edcias e informa\u00e7\u00f5es da TNDMarkets, seu canal de acesso ao mundo din\u00e2mico da negocia\u00e7\u00e3o em Forex. Nesta se\u00e7\u00e3o, iremos explorar a import\u00e2ncia de se manter atualizado com as \u00faltimas not\u00edcias e como elas podem influenciar suas decis\u00f5es de negocia\u00e7\u00e3o Forex.<\/p>\r\n       <\/div>\r\n       <div class=\"col-lg-4\">\r\n        <img decoding=\"async\" src=\"\/wp-content\/themes\/website-theme\/images\/news-img.jpg\" class=\"img-fluid\" alt=\"\">\r\n       <\/div>\r\n     \r\n  <\/div>\r\n  <\/div>\t \r\n  <\/div>\r\n\r\n\r\n\r\n<div class=\"aboutus-yellow-sec mt-5\">\r\n<div class=\"container\">\r\n  <div class=\"row\">\r\n       <div class=\"col-lg-12\">\r\n          <h2>Implementando estrat\u00e9gias baseadas em not\u00edcias<\/h2>\r\n          <h3 class=\"medium-heading\">Transformando o conhecimento em lucro<\/h3>\r\n          <p>Como negociador Forex, voc\u00ea pode aproveitar os insights obtidos com as not\u00edcias e an\u00e1lises para adaptar suas estrat\u00e9gias. Por exemplo, voc\u00ea optar por entrar ou sair de negocia\u00e7\u00f5es em resposta a eventos noticiosos importantes ou ajustar seus par\u00e2metros de gerenciamento de risco com base no sentimento que predomina no mercado.\r\n<\/p>\r\n          <p>Entender como as not\u00edcias influenciam o mercado e ter acesso a informa\u00e7\u00f5es em tempo real \u00e9 fundamental para o sucesso de suas negocia\u00e7\u00f5es.<\/p>\r\n       <\/div>\r\n  <\/div>\r\n  <\/div>\r\n  <\/div>\r\n\r\n <div class=\"news-page pt-5\">\r\n  <div class=\"container\">\r\n    <h2 class=\"lg-heading text-center\">Insights Hub: Uma fus\u00e3o de not\u00edcias e blogues<\/h2>\r\n    <div class=\"row\">\r\n      <div class=\"col-lg-4 newsp\">\r\n        <div class=\"box\">\r\n          <img decoding=\"async\" src=\"\/wp-content\/themes\/website-theme\/images\/news-img-01.png\" alt=\"\" class=\"img-fluid\">\r\n          <h3>Principais movimentos do mercado<\/h3>\r\n          <p>Esteja sempre um passo \u00e0 frente com atualiza\u00e7\u00f5es em tempo real sobre movimentos significativos do mercado. Nossa an\u00e1lise se aprofunda nos fatores que geram essas mudan\u00e7as e oferece perspectivas sobre o que esperar no futuro.<\/p>\r\n          <p class=\"number\">19 Novembro 11.55<\/p>\r\n        <\/div>\r\n        <div class=\"box\">\r\n          <img decoding=\"async\" src=\"\/wp-content\/themes\/website-theme\/images\/news-img-03.png\" alt=\"\" class=\"img-fluid\">\r\n          <h3>Significado dos indicadores econ\u00f4micos<\/h3>\r\n          <p>Os indicadores econ\u00f4micos desempenham um papel crucial nas negocia\u00e7\u00f5es. Nossos artigos analisam os principais dados econ\u00f4micos, seu impacto nos mercados e como voc\u00ea pode utilizar essas informa\u00e7\u00f5es a seu favor.<\/p>\r\n          <p class=\"number\">18 Novembro 12.34<\/p>\r\n        <\/div>\r\n      <\/div>\r\n      <div class=\"col-lg-4 newsp\">\r\n        <div class=\"box text-center\">\r\n          <h3>Not\u00edcias de negocia\u00e7\u00e3o<\/h3>\r\n          <p>Mantenha-se atualizado e tome decis\u00f5es de negocia\u00e7\u00e3o informadas com as \u00faltimas not\u00edcias sobre o mundo do trading. Nossa equipe de especialistas compila e publica not\u00edcias de \u00faltima hora com an\u00e1lises criteriosas sobre os mercados financeiros, ajudando-o a se orientar de forma eficaz no mundo do trading. Quer voc\u00ea seja um operador experiente ou esteja apenas dando os primeiros passos, nossas not\u00edcias atualizadas e artigos detalhados o manter\u00e3o informado e o capacitar\u00e3o em sua atividade de negocia\u00e7\u00e3o.<\/p>          \r\n        <\/div>\r\n        <div class=\"box\">\r\n          <img decoding=\"async\" src=\"\/wp-content\/themes\/website-theme\/images\/news-img-04.png\" alt=\"\" class=\"img-fluid\">\r\n          <h3>Negocia\u00e7\u00e3o em mercados vol\u00e1teis<\/h3>\r\n          <p>A volatilidade do mercado \u00e9 uma constante nas negocia\u00e7\u00f5es. Embora apresente riscos, ela tamb\u00e9m traz oportunidades. Em nosso artigo sobre \u201cNegocia\u00e7\u00e3o em mercados vol\u00e1teis\u201d, explicamos como atravessar tempos turbulentos. Aprenda estrat\u00e9gias de gerenciamento de risco, indicadores de volatilidade e t\u00e1ticas para aproveitar as oportunidades durante as oscila\u00e7\u00f5es do mercado. A volatilidade n\u00e3o precisa ser sua inimiga: ela pode se tornar sua aliada se voc\u00ea souber como utiliz\u00e1-la de forma eficaz.<\/p>\r\n          <p class=\"number\">20 Novembro 10.22<\/p>\r\n        <\/div>\r\n      <\/div>\r\n      <div class=\"col-lg-4 newsp\">\r\n        <div class=\"box\">\r\n          <img decoding=\"async\" src=\"\/wp-content\/themes\/website-theme\/images\/news-img-02.png\" alt=\"\" class=\"img-fluid\">\r\n          <h3>Tend\u00eancias econ\u00f4micas globais<\/h3>\r\n          <p>Entenda o atual cen\u00e1rio econ\u00f4mico global e seu impacto nas diferentes classes de ativos. Nossas an\u00e1lises ajudam voc\u00ea a entender o panorama geral e a fazer escolhas de investimento informadas.<\/p>\r\n          <p class=\"number\">16 Novembro 12.55<\/p>\r\n        <\/div>\r\n        <div class=\"box\">\r\n          <img decoding=\"async\" src=\"\/wp-content\/themes\/website-theme\/images\/news-img-05.png\" alt=\"\" class=\"img-fluid\">\r\n          <h3>Estrat\u00e9gias de negocia\u00e7\u00e3o para o sucesso<\/h3>\r\n          <p>Descubra estrat\u00e9gias e t\u00e1ticas de negocia\u00e7\u00e3o eficazes com nossos especialistas. Saiba como adaptar suas estrat\u00e9gias \u00e0s condi\u00e7\u00f5es do mercado e otimizar seu portf\u00f3lio de negocia\u00e7\u00e3o.<\/p>\r\n          <p class=\"number\">17 Novembro 11.00<\/p>\r\n        <\/div>\r\n      <\/div>\r\n\r\n    <\/div>\r\n    <div class=\"mt-5 clearfix\"><\/div>\r\n    <div class=\"row\">\r\n      <div class=\"col-lg-6 mt-2\">\r\n        <div class=\"box fbox\">\r\n          <div class=\"row\">\r\n            <div class=\"col-md-5\">\r\n              <img decoding=\"async\" src=\"\/wp-content\/themes\/website-theme\/images\/blog-img-01.jpg\" class=\"img-fluid\" alt=\"...\">\r\n            <\/div>\r\n            <div class=\"col-md-7\">\r\n              <h3 class=\"medium-heading\">Desmistificando os pares de Forex: principais, cruzados e ex\u00f3ticos<\/h3>\r\n              <p>Nessa postagem de blogue, analisamos as diferen\u00e7as entre pares principais, cruzados e ex\u00f3ticos, explicando seu significado e ajudando os traders a fazer escolhas de negocia\u00e7\u00e3o informadas.<\/p>\r\n            <\/div>\r\n          <\/div>\r\n        <\/div>\r\n      <\/div>\r\n    \r\n        <div class=\"col-lg-6 mt-2\">\r\n          <div class=\"box fbox\">\r\n            <div class=\"row\">\r\n              <div class=\"col-md-5\">\r\n                <img decoding=\"async\" src=\"\/wp-content\/themes\/website-theme\/images\/blog-img-02.jpg\" class=\"img-fluid\" alt=\"...\">\r\n              <\/div>\r\n              <div class=\"col-md-7\">\r\n                <h3 class=\"medium-heading\">A arte do gerenciamento de risco na negocia\u00e7\u00e3o Forex<\/h3>\r\n                <p>O gerenciamento de risco \u00e9 a pedra angular do sucesso na negocia\u00e7\u00e3o Forex. Nesta postagem, discutimos a import\u00e2ncia das t\u00e9cnicas de gerenciamento de risco, como a configura\u00e7\u00e3o de ordens de stop-loss, o gerenciamento da alavancagem e a diversifica\u00e7\u00e3o dos portf\u00f3lios.<\/p>\r\n              <\/div>\r\n            <\/div>\r\n          <\/div>\r\n        <\/div>\r\n      <\/div>\r\n      <div class=\"row\">\r\n        <div class=\"col-lg-6 mt-2\">\r\n          <div class=\"box fbox\">\r\n            <div class=\"row\">\r\n              <div class=\"col-md-5\">\r\n                <img decoding=\"async\" src=\"\/wp-content\/themes\/website-theme\/images\/blog-img-03.jpg\" class=\"img-fluid\" alt=\"...\">\r\n              <\/div>\r\n              <div class=\"col-md-7\">\r\n                <h3 class=\"medium-heading\">Indicadores econ\u00f4micos: descobrindo os n\u00fameros-chave<\/h3>\r\n                <p>Os indicadores econ\u00f4micos s\u00e3o fundamentais para entender os movimentos do mercado. Esse artigo explora indicadores econ\u00f4micos essenciais, como PIB, taxas de desemprego e infla\u00e7\u00e3o. <\/p>\r\n              <\/div>\r\n            <\/div>\r\n          <\/div>\r\n        <\/div>\r\n      \r\n          <div class=\"col-lg-6 mt-2\">\r\n            <div class=\"box fbox\">\r\n              <div class=\"row\">\r\n                <div class=\"col-md-5\">\r\n                  <img decoding=\"async\" src=\"\/wp-content\/themes\/website-theme\/images\/blog-img-04.jpg\" class=\"img-fluid\" alt=\"...\">\r\n                <\/div>\r\n                <div class=\"col-md-7\">\r\n                  <h3 class=\"medium-heading\">Estrat\u00e9gias de negocia\u00e7\u00e3o Forex para iniciantes: um guia passo a passo<\/h3>\r\n                  <p>Essa publica\u00e7\u00e3o detalha os fundamentos da negocia\u00e7\u00e3o Forex, desde como escolher uma corretora, configurar uma conta e implementar uma estrat\u00e9gia de negocia\u00e7\u00e3o simples.<\/p>\r\n                <\/div>\r\n              <\/div>\r\n            <\/div>\r\n          <\/div>\r\n        <\/div>\r\n        \r\n  <\/div>\r\n <\/div>\r\n\r\n<\/div>\r\n\r\n","protected":false},"excerpt":{"rendered":"Mantenha-se informado com as not\u00edcias sobre o mercado de Forex da TNDMarkets Sua fonte de informa\u00e7\u00e3o sobre o mercado de Forex Bem-vindo \u00e0s not\u00edcias e informa\u00e7\u00f5es da TNDMarkets, seu canal de acesso ao mundo din\u00e2mico da negocia\u00e7\u00e3o em Forex. Nesta se\u00e7\u00e3o, iremos explorar a import\u00e2ncia de se manter atualizado com as \u00faltimas not\u00edcias e como &hellip;","protected":false},"author":6,"featured_media":0,"parent":0,"menu_order":0,"comment_status":"closed","ping_status":"closed","template":"fullwidth-page.php","meta":{"footnotes":""},"class_list":["post-1024","page","type-page","status-publish","hentry"],"_links":{"self":[{"href":"https:\/\/tndmarkets.com\/pt-br\/wp-json\/wp\/v2\/pages\/1024","targetHints":{"allow":["GET"]}}],"collection":[{"href":"https:\/\/tndmarkets.com\/pt-br\/wp-json\/wp\/v2\/pages"}],"about":[{"href":"https:\/\/tndmarkets.com\/pt-br\/wp-json\/wp\/v2\/types\/page"}],"author":[{"embeddable":true,"href":"https:\/\/tndmarkets.com\/pt-br\/wp-json\/wp\/v2\/users\/6"}],"replies":[{"embeddable":true,"href":"https:\/\/tndmarkets.com\/pt-br\/wp-json\/wp\/v2\/comments?post=1024"}],"version-history":[{"count":3,"href":"https:\/\/tndmarkets.com\/pt-br\/wp-json\/wp\/v2\/pages\/1024\/revisions"}],"predecessor-version":[{"id":1030,"href":"https:\/\/tndmarkets.com\/pt-br\/wp-json\/wp\/v2\/pages\/1024\/revisions\/1030"}],"wp:attachment":[{"href":"https:\/\/tndmarkets.com\/pt-br\/wp-json\/wp\/v2\/media?parent=1024"}],"curies":[{"name":"wp","href":"https:\/\/api.w.org\/{rel}","templated":true}]}}