{"id":1020,"date":"2023-10-20T06:18:43","date_gmt":"2023-10-20T06:18:43","guid":{"rendered":"http:\/\/tndmarkets.com\/?page_id=1020"},"modified":"2024-02-16T06:48:14","modified_gmt":"2024-02-16T06:48:14","slug":"ebooks","status":"publish","type":"page","link":"https:\/\/tndmarkets.com\/pt-br\/ebooks\/","title":{"rendered":"Ebooks"},"content":{"rendered":"<div class=\"innerpage-wrap about-us-page\">\r\n<div class=\"aboutus-top text-center\">\r\n<div class=\"container\">\r\n  <div class=\"row\">\r\n    <div class=\"col-md-12\">\r\n  <h2>Navegando nos mercados de Forex com a TNDMarkets: <br>Seu guia para o sucesso na negocia\u00e7\u00e3o de divisas<\/h2>\r\n  <p>Bem-vindo ao mundo do com\u00e9rcio de divisas. Neste e-book, seremos sua b\u00fassola no din\u00e2mico mundo cambial. Estamos aqui para fornecer a voc\u00ea as informa\u00e7\u00f5es, estrat\u00e9gias e ferramentas de que precisa para tomar decis\u00f5es informadas no maior e mais l\u00edquido mercado financeiro do mundo.<\/p>\r\n<\/div>\r\n<\/div>\r\n<\/div>\r\n<\/div>\r\n\r\n<div class=\"aboutus-middle pb-0\">\r\n  <div class=\"container\">\r\n  <div class=\"row\">\r\n      <div class=\"col-lg-6 p-0\">\r\n    <div class=\"ab-green-box\">\r\n          <h2>Cap\u00edtulo 1: <span class=\"\">Entendendo os mercados de Forex<\/span><\/h2>\r\n          <h3>Decifrando o cen\u00e1rio monet\u00e1rio mundial<\/h3>\r\n      <p>\u00c9 nos mercados de c\u00e2mbio (Forex) que se compra e vende moedas. Para que voc\u00ea possa ter sucesso em suas atividades de negocia\u00e7\u00e3o, \u00e9 importante que entenda como funcionam os mercados cambiais. Neste cap\u00edtulo, iremos nos aprofundar nos aspectos fundamentais da negocia\u00e7\u00e3o Forex.<\/p>\r\n        <\/div>\r\n      <\/div>\r\n      <div class=\"col-lg-6 p-0\">\r\n        <img decoding=\"async\" src=\"\/wp-content\/themes\/website-theme\/images\/ebooks-img-01.jpg\" class=\"img-fluid\" alt=\"...\">\r\n      <\/div>\r\n    <\/div>\r\n    <div class=\"row mt-4 flex-row-reverse\">\r\n      <div class=\"col-lg-6 p-0\">\r\n    <div class=\"ab-green-box\">\r\n          <h2>Cap\u00edtulo 2:  <span class=\"\">An\u00e1lise e estrat\u00e9gias de negocia\u00e7\u00e3o Forex<\/span><\/h2>\r\n          <h3>Explorando o cen\u00e1rio Forex<\/h3>\r\n      <p>A negocia\u00e7\u00e3o em Forex consiste em entender os movimentos do mercado e capitalizar as mudan\u00e7as de pre\u00e7o. Este cap\u00edtulo se dedica a explorar v\u00e1rias estrat\u00e9gias de negocia\u00e7\u00e3o e m\u00e9todos de an\u00e1lise que podem ajud\u00e1-lo a se tornar um negociador de Forex bem-sucedido.<\/p>\r\n        <\/div>\r\n      <\/div>\r\n      <div class=\"col-lg-6 p-0\">\r\n        <img decoding=\"async\" src=\"\/wp-content\/themes\/website-theme\/images\/ebooks-img-02.jpg\" class=\"img-fluid\" alt=\"...\">\r\n      <\/div>\r\n    <\/div>\r\n\r\n    <div class=\"row mt-4\">\r\n      <div class=\"col-lg-6 p-0\">\r\n    <div class=\"ab-green-box\">\r\n          <h2>Cap\u00edtulo 3: <span class=\"\"> Negociar na TNDMarkets<\/span><\/h2>\r\n          <h3>Sua porta de entrada para o sucesso no mercado de Forex<\/h3>\r\n      <p>A plataforma da TNDMarkets tem todas as ferramentas de que voc\u00ea precisa para embarcar em sua jornada de negocia\u00e7\u00e3o Forex. Neste cap\u00edtulo, iremos apresentar os recursos de nossa plataforma, ajud\u00e1-lo a entender como negociar pares de moedas principais e cruzados, acessar dados em tempo real e executar negocia\u00e7\u00f5es com efici\u00eancia.<\/p>\r\n        <\/div>\r\n      <\/div>\r\n      <div class=\"col-lg-6 p-0\">\r\n        <img decoding=\"async\" src=\"\/wp-content\/themes\/website-theme\/images\/ebooks-img-03.jpg\" class=\"img-fluid\" alt=\"...\">\r\n      <\/div>\r\n    <\/div>\r\n    <div class=\"row mt-4 flex-row-reverse\">\r\n      <div class=\"col-lg-6 p-0\">\r\n    <div class=\"ab-green-box\">\r\n          <h2>Cap\u00edtulo 4:  <span class=\"\">Recursos e suporte<\/span><\/h2>\r\n          <h3>Sua parceira de confian\u00e7a na negocia\u00e7\u00e3o Forex<\/h3>\r\n      <p>A  TNDMarkets, \u00e9 mais do que uma plataforma de negocia\u00e7\u00e3o: somos sua parceira em seus esfor\u00e7os de negocia\u00e7\u00e3o Forex. Este cap\u00edtulo apresenta os recursos que pomos ao seu dispor, incluindo materiais did\u00e1ticos, ferramentas de an\u00e1lise t\u00e9cnica e uma equipe de suporte ao cliente sempre pronta a ajudar. Estamos aqui para ajud\u00e1-lo em seu caminho para o sucesso no mercado de Forex.<\/p>\r\n        <\/div>\r\n      <\/div>\r\n      <div class=\"col-lg-6 p-0\">\r\n        <img decoding=\"async\" src=\"\/wp-content\/themes\/website-theme\/images\/ebooks-img-04.jpg\" class=\"img-fluid\" alt=\"...\">\r\n      <\/div>\r\n    <\/div>\r\n\r\n\r\n    <\/div>\r\n    <\/div>\r\n\r\n  \r\n \r\n <\/div>","protected":false},"excerpt":{"rendered":"Navegando nos mercados de Forex com a TNDMarkets: Seu guia para o sucesso na negocia\u00e7\u00e3o de divisas Bem-vindo ao mundo do com\u00e9rcio de divisas. Neste e-book, seremos sua b\u00fassola no din\u00e2mico mundo cambial. Estamos aqui para fornecer a voc\u00ea as informa\u00e7\u00f5es, estrat\u00e9gias e ferramentas de que precisa para tomar decis\u00f5es informadas no maior e mais &hellip;","protected":false},"author":6,"featured_media":0,"parent":0,"menu_order":0,"comment_status":"closed","ping_status":"closed","template":"fullwidth-page.php","meta":{"footnotes":""},"class_list":["post-1020","page","type-page","status-publish","hentry"],"_links":{"self":[{"href":"https:\/\/tndmarkets.com\/pt-br\/wp-json\/wp\/v2\/pages\/1020","targetHints":{"allow":["GET"]}}],"collection":[{"href":"https:\/\/tndmarkets.com\/pt-br\/wp-json\/wp\/v2\/pages"}],"about":[{"href":"https:\/\/tndmarkets.com\/pt-br\/wp-json\/wp\/v2\/types\/page"}],"author":[{"embeddable":true,"href":"https:\/\/tndmarkets.com\/pt-br\/wp-json\/wp\/v2\/users\/6"}],"replies":[{"embeddable":true,"href":"https:\/\/tndmarkets.com\/pt-br\/wp-json\/wp\/v2\/comments?post=1020"}],"version-history":[{"count":5,"href":"https:\/\/tndmarkets.com\/pt-br\/wp-json\/wp\/v2\/pages\/1020\/revisions"}],"predecessor-version":[{"id":1099,"href":"https:\/\/tndmarkets.com\/pt-br\/wp-json\/wp\/v2\/pages\/1020\/revisions\/1099"}],"wp:attachment":[{"href":"https:\/\/tndmarkets.com\/pt-br\/wp-json\/wp\/v2\/media?parent=1020"}],"curies":[{"name":"wp","href":"https:\/\/api.w.org\/{rel}","templated":true}]}}