{"id":1012,"date":"2023-10-20T05:46:43","date_gmt":"2023-10-20T05:46:43","guid":{"rendered":"http:\/\/tndmarkets.com\/?page_id=1012"},"modified":"2024-02-15T10:27:57","modified_gmt":"2024-02-15T10:27:57","slug":"platform","status":"publish","type":"page","link":"https:\/\/tndmarkets.com\/pt-br\/platform\/","title":{"rendered":"Platform"},"content":{"rendered":"<div class=\"innerpage-wrap trading-inner-page pt-0\">\r\n<div class=\"text-center pb-5 tip-middle\">\r\n<div class=\"container\">\r\n  <h2>Descubra como \u00e9 f\u00e1cil negociar com nossa plataforma para celular e Web<\/h2>\r\n  <p>Na TNDMarkets,  nos dedicamos a fornecer aos nossos operadores as ferramentas mais vers\u00e1teis e eficientes para navegar nos mercados financeiros. Nossa plataforma de negocia\u00e7\u00e3o, dispon\u00edvel para celular e Web, \u00e9 uma solu\u00e7\u00e3o poderosa e f\u00e1cil de usar, que lhe permite negociar em seus pr\u00f3prios termos.<\/p>\r\n<\/div>\r\n<\/div>\r\n<div class=\"pt-5 pb-5\">\r\n  <div class=\"container\">\r\n    <div class=\"row\">\r\n   \r\n      <div class=\"col-md-6\">\r\n<h2 class=\"green-color\">Negocia\u00e7\u00e3o m\u00f3vel com nossa plataforma de trading<\/h2>\r\n        <p><b>Negocie a qualquer hora e em qualquer lugar<\/b><\/p>\r\n        <p>Com nossa plataforma de negocia\u00e7\u00e3o para celular, voc\u00ea tem os mercados na palma de sua m\u00e3o. Quer voc\u00ea esteja se deslocando ou prefira a conveni\u00eancia da negocia\u00e7\u00e3o m\u00f3vel, nossa plataforma de trading tem a flexibilidade de que voc\u00ea precisa.\r\n          <\/p>\r\n        <h4 class=\"mt-4\">Principais caracter\u00edsticas:<\/h4>\r\n        <ul class=\"list\">\r\n          <li><b>Interface amig\u00e1vel:<\/b>  Uma interface intuitiva, projetada para uma navega\u00e7\u00e3o perfeita.<\/li>\r\n          <li><b>Cota\u00e7\u00f5es em tempo real:<\/b>Acesse dados do mercado em tempo real para tomar decis\u00f5es de negocia\u00e7\u00e3o informadas.<\/li>\r\n          <li><b>Gr\u00e1ficos personaliz\u00e1veis:<\/b>Personalize seus gr\u00e1ficos de negocia\u00e7\u00e3o com uma variedade de indicadores t\u00e9cnicos e per\u00edodos de tempo.<\/li>\r\n          <li><b>Alertas de negocia\u00e7\u00e3o: <\/b> Configure alertas de pre\u00e7os e notifica\u00e7\u00f5es para nunca perder uma oportunidade.<\/li>\r\n          <li><b>Segura e instant\u00e2nea: <\/b>Negocie com confian\u00e7a, sabendo que sua conta est\u00e1 segura e que a execu\u00e7\u00e3o \u00e9 quase instant\u00e2nea.<\/li>\r\n        <\/ul>\r\n      <\/div>\r\n      <div class=\"col-md-6\">\r\n        <img decoding=\"async\" class=\"img-fluid\" src=\"\/wp-content\/themes\/website-theme\/images\/MT4-img-01.png\" alt=\"\">\r\n      <\/div>\r\n    <\/div>\r\n  <\/div>\r\n<\/div>\r\n\r\n  \r\n   <div class=\"tip-middle\">\r\n    <div class=\"container\">\r\n    <div class=\"row\">\r\n      <div class=\"col-lg-12\">\r\n       <h3>Comece a negociar do seu jeito<\/h3>\r\n       <p>N\u00e3o importa se voc\u00ea \u00e9 um operador iniciante ou experiente, nossa plataforma de negocia\u00e7\u00e3o para celular e Web oferece a versatilidade, seguran\u00e7a e os recursos de que voc\u00ea precisa para ter \u00eaxito. Negocie seus ativos favoritos, analise os mercados e aproveite as oportunidades como quiser.<\/p>\r\n       <p>Junte-se \u00e0  TNDMarkets hoje mesmo e conhe\u00e7a o poder de nossa plataforma de trading para celular e Web. \u00c9 hora de assumir o controle de sua jornada de negocia\u00e7\u00e3o.<\/p>\r\n      <\/div>\r\n    <\/div>\r\n  <\/div>\r\n  <\/div>\r\n  \r\n  <div class=\"tip-bottom\">\r\n    <div class=\"container\">\r\n    <div class=\"row\">\r\n      <div class=\"col-md-12\">\r\n        <h2 class=\"green-color\">Negociando na Web com a plataforma de trading<\/h2>\r\n       <h4>Negocie diretamente de seu navegador<\/h4>\r\n      <p>Nossa plataforma de negocia\u00e7\u00e3o para a Web \u00e9 perfeita para aqueles que preferem uma plataforma no navegador, sem a necessidade de downloads ou instala\u00e7\u00f5es. Oferece os mesmos recursos que a vers\u00e3o para desktop, em qualquer dispositivo com conex\u00e3o \u00e0 Internet.<\/p>\r\n      <\/div>\r\n      <div class=\"col-lg-5\">\r\n        <img decoding=\"async\" class=\"img-fluid mt-3 mb-3\" src=\"\/wp-content\/themes\/website-theme\/images\/MT4-img-02.png\" alt=\"\">\r\n        <\/div>\r\n    <div class=\"col-lg-7\">       \r\n      <h3>Principais caracter\u00edsticas:<\/h3>\r\n       <ul class=\"list\">\r\n        <li><b>N\u00e3o s\u00e3o necess\u00e1rios downloads: <\/b> Comece a negociar instantaneamente em seu navegador da Web.<\/li>\r\n        <li><b>Acesso total \u00e0 conta:<\/b> Gerencie sua conta, fa\u00e7a negocia\u00e7\u00f5es e visualize seu portf\u00f3lio em qualquer computador.<\/li>\r\n        <li><b>Gr\u00e1ficos detalhados:<\/b> Utilize ferramentas de an\u00e1lise t\u00e9cnica e indicadores para uma an\u00e1lise aprofundada do mercado.<\/li>\r\n        <li><b>Negocia\u00e7\u00e3o segura: <\/b> Desfrute de conex\u00f5es seguras e encriptadas para uma negocia\u00e7\u00e3o sem preocupa\u00e7\u00f5es.<\/li>\r\n        <li><b>Compatibilidade com v\u00e1rios dispositivos: <\/b> Acesse sua conta e negocie em dispositivos diferentes com facilidade.<\/li>\r\n       <\/ul>\r\n     <\/div>    \r\n    <\/div>\r\n  <\/div>\r\n  <\/div>\r\n  \r\n \r\n <\/div>","protected":false},"excerpt":{"rendered":"Descubra como \u00e9 f\u00e1cil negociar com nossa plataforma para celular e Web Na TNDMarkets, nos dedicamos a fornecer aos nossos operadores as ferramentas mais vers\u00e1teis e eficientes para navegar nos mercados financeiros. Nossa plataforma de negocia\u00e7\u00e3o, dispon\u00edvel para celular e Web, \u00e9 uma solu\u00e7\u00e3o poderosa e f\u00e1cil de usar, que lhe permite negociar em seus &hellip;","protected":false},"author":6,"featured_media":0,"parent":0,"menu_order":0,"comment_status":"closed","ping_status":"closed","template":"fullwidth-page.php","meta":{"footnotes":""},"class_list":["post-1012","page","type-page","status-publish","hentry"],"_links":{"self":[{"href":"https:\/\/tndmarkets.com\/pt-br\/wp-json\/wp\/v2\/pages\/1012","targetHints":{"allow":["GET"]}}],"collection":[{"href":"https:\/\/tndmarkets.com\/pt-br\/wp-json\/wp\/v2\/pages"}],"about":[{"href":"https:\/\/tndmarkets.com\/pt-br\/wp-json\/wp\/v2\/types\/page"}],"author":[{"embeddable":true,"href":"https:\/\/tndmarkets.com\/pt-br\/wp-json\/wp\/v2\/users\/6"}],"replies":[{"embeddable":true,"href":"https:\/\/tndmarkets.com\/pt-br\/wp-json\/wp\/v2\/comments?post=1012"}],"version-history":[{"count":2,"href":"https:\/\/tndmarkets.com\/pt-br\/wp-json\/wp\/v2\/pages\/1012\/revisions"}],"predecessor-version":[{"id":1014,"href":"https:\/\/tndmarkets.com\/pt-br\/wp-json\/wp\/v2\/pages\/1012\/revisions\/1014"}],"wp:attachment":[{"href":"https:\/\/tndmarkets.com\/pt-br\/wp-json\/wp\/v2\/media?parent=1012"}],"curies":[{"name":"wp","href":"https:\/\/api.w.org\/{rel}","templated":true}]}}