{"id":756,"date":"2023-10-27T06:43:30","date_gmt":"2023-10-27T06:43:30","guid":{"rendered":"http:\/\/staging.xmrmarkets.com\/why-trade-with-us\/"},"modified":"2024-01-03T08:59:09","modified_gmt":"2024-01-03T08:59:09","slug":"why-trade-with-us","status":"publish","type":"page","link":"https:\/\/tndmarkets.com\/es\/why-trade-with-us\/","title":{"rendered":"\u00bfPor qu\u00e9 tradear con nosotros?"},"content":{"rendered":"<div class=\"innerpage-wrap about-us-page\">\r\n   \r\n  <div class=\"aboutus-top\">\r\n<div class=\"container\">\r\n  <div class=\"row\">\r\n       <div class=\"col-lg-12 text-center mb-5\">\r\n          <h2> Ventajas de TNDMarket: tu camino hacia el \u00e9xito comercial<\/h2>\r\n            <p>Descubre por qu\u00e9 operar con TNDMarket es la clave para un viaje comercial exitoso y gratificante. Ofrecemos multitud de ventajas que nos diferencian del resto:<\/p>\r\n          \r\n       <\/div>\r\n       <div class=\"col-md-4\">\r\n        <img decoding=\"async\" src=\"\/wp-content\/themes\/website-theme\/images\/why-trade-img-01.png\" class=\"img-fluid mr-20\" alt=\"\">\r\n       <\/div>\r\n       <div class=\"col-md-8\">\r\n        <h3 class=\"medium-heading\">Perspectivas y an\u00e1lisis de expertos<\/h3>\r\n        <p>En TNDMarket, creemos que las decisiones de trading informadas son esenciales. Es por eso que nuestro equipo de operadores experimentados y expertos financieros proporciona informaci\u00f3n y an\u00e1lisis diarios del mercado. Nuestra investigaci\u00f3n en profundidad lo mantiene informado sobre las \u00faltimas tendencias del mercado, lo que te permite realizar operaciones bien informadas.<\/p>\r\n       <\/div>\r\n       <div class=\"clearfix mt-5\"><\/div>\r\n\r\n  <div class=\"col-md-4\">\r\n        <img decoding=\"async\" src=\"\/wp-content\/themes\/website-theme\/images\/why-trade-img-02.png\" class=\"img-fluid mr-20\" alt=\"\">\r\n       <\/div>\r\n       <div class=\"col-md-8\">\r\n        <h3 class=\"medium-heading\">Selecci\u00f3n diversa de CFD<\/h3>\r\n        <p>La diversidad es el n\u00facleo de los mercados financieros y lo reflejamos en nuestra amplia gama de activos de trading de CFD. Desde pares de divisas principales y menores hasta criptomonedas, acciones, materias primas e \u00edndices, ofrecemos una amplia selecci\u00f3n de oportunidades de inversi\u00f3n. Diversifica tu cartera y explore nuevos horizontes.<\/p>\r\n       <\/div>\r\n  <\/div>\r\n  <\/div>   \r\n  <\/div>\r\n\r\n\r\n\r\n<div class=\"aboutus-yellow-sec mt-5\">\r\n<div class=\"container\">\r\n  <div class=\"row\">\r\n       <div class=\"col-lg-12\">\r\n          <h2>Potenciando tu viaje comercial con TNDMarket<\/h2>\r\n          <p>TNDMarket es tu socio de confianza en el camino hacia la excelencia comercial. M\u00e1s all\u00e1 de ser una plataforma de negociaci\u00f3n, somos tu aliado dedicado, comprometidos a ayudarte a liberar todo tu potencial en los mercados financieros. TNDMarket Advantage es tu puerta de entrada a una amplia gama de beneficios, meticulosamente dise\u00f1ados para mejorar tu experiencia comercial y maximizar tus posibilidades de \u00e9xito.<\/p>\r\n          <p>Nuestro equipo de operadores experimentados y expertos financieros est\u00e1 a tu servicio, proporcion\u00e1ndote informaci\u00f3n diaria sobre el mercado y an\u00e1lisis en profundidad para garantizar que siempre est\u00e9s bien informado y capacitado para tomar decisiones de trading seguras en tiempo real. La amplia diversidad de CFD que ofrecemos, que abarca pares de divisas principales y menores, acciones, materias primas, \u00edndices y criptomonedas, te permite diversificar tu cartera y explorar nuevos horizontes en tu viaje comercial.\r\n<\/p>\r\n       <\/div>\r\n  <\/div>\r\n  <\/div>\r\n  <\/div>\r\n\r\n  <div class=\"pt-5 aboutus-top\">\r\n    <div class=\"container\">\r\n      <div class=\"row\">        \r\n         <div class=\"col-md-8\">\r\n          <h3 class=\"medium-heading\">Diferenciales competitivos y transparencia de precios<\/h3>\r\n          <p>Nuestro objetivo es mejorar la rentabilidad de tus operaciones con diferenciales competitivos y precios transparentes. Accede a los mercados a precios favorables y minimiza los costos, lo que te brindar\u00e1 una ventaja en tu recorrido comercial.<\/p>\r\n         <\/div>\r\n         <div class=\"col-md-4\">\r\n          <img decoding=\"async\" src=\"\/wp-content\/themes\/website-theme\/images\/why-trade-img-03.png\" class=\"img-fluid\" alt=\"\">\r\n         <\/div>\r\n      <\/div>\r\n      <div class=\"row mt-5\">        \r\n        <div class=\"col-md-8\">\r\n         <h3 class=\"medium-heading\">Soluciones de trading innovadoras<\/h3>\r\n         <p>Los mercados financieros est\u00e1n en constante evoluci\u00f3n, y nosotros tambi\u00e9n. TNDMarket se adapta constantemente a los cambios del mercado y ofrece soluciones de trading innovadoras, lo que garantiza que permanezcas a la vanguardia de las oportunidades de trading.<\/p>\r\n        <\/div>\r\n        <div class=\"col-md-4\">\r\n         <img decoding=\"async\" src=\"\/wp-content\/themes\/website-theme\/images\/why-trade-img-04.png\" class=\"img-fluid\" alt=\"\">\r\n        <\/div>\r\n     <\/div>\r\n    <\/div>\r\n  <\/div>\r\n\r\n<\/div>\r\n\r\n","protected":false},"excerpt":{"rendered":"Ventajas de TNDMarket: tu camino hacia el \u00e9xito comercial Descubre por qu\u00e9 operar con TNDMarket es la clave para un viaje comercial exitoso y gratificante. Ofrecemos multitud de ventajas que nos diferencian del resto: Perspectivas y an\u00e1lisis de expertos En TNDMarket, creemos que las decisiones de trading informadas son esenciales. Es por eso que nuestro &hellip;","protected":false},"author":6,"featured_media":0,"parent":0,"menu_order":0,"comment_status":"closed","ping_status":"closed","template":"fullwidth-page.php","meta":{"footnotes":""},"class_list":["post-756","page","type-page","status-publish","hentry"],"_links":{"self":[{"href":"https:\/\/tndmarkets.com\/es\/wp-json\/wp\/v2\/pages\/756","targetHints":{"allow":["GET"]}}],"collection":[{"href":"https:\/\/tndmarkets.com\/es\/wp-json\/wp\/v2\/pages"}],"about":[{"href":"https:\/\/tndmarkets.com\/es\/wp-json\/wp\/v2\/types\/page"}],"author":[{"embeddable":true,"href":"https:\/\/tndmarkets.com\/es\/wp-json\/wp\/v2\/users\/6"}],"replies":[{"embeddable":true,"href":"https:\/\/tndmarkets.com\/es\/wp-json\/wp\/v2\/comments?post=756"}],"version-history":[{"count":4,"href":"https:\/\/tndmarkets.com\/es\/wp-json\/wp\/v2\/pages\/756\/revisions"}],"predecessor-version":[{"id":896,"href":"https:\/\/tndmarkets.com\/es\/wp-json\/wp\/v2\/pages\/756\/revisions\/896"}],"wp:attachment":[{"href":"https:\/\/tndmarkets.com\/es\/wp-json\/wp\/v2\/media?parent=756"}],"curies":[{"name":"wp","href":"https:\/\/api.w.org\/{rel}","templated":true}]}}