{"id":713,"date":"2023-10-20T07:20:06","date_gmt":"2023-10-20T07:20:06","guid":{"rendered":"http:\/\/staging.xmrmarkets.com\/economic-calendar\/"},"modified":"2024-01-03T09:01:47","modified_gmt":"2024-01-03T09:01:47","slug":"economic-calendar","status":"publish","type":"page","link":"https:\/\/tndmarkets.com\/es\/economic-calendar\/","title":{"rendered":"Calendario econ\u00f3mico"},"content":{"rendered":"<div class=\"innerpage-wrap trading-inner-page\">\r\n  <div class=\"pb-5\">\r\n  <div class=\"container\">\r\n    <div class=\"row\">\r\n      <div class=\"col-lg-7\">\r\n        <h2>Aprovechando el calendario econ\u00f3mico de TNDMarket para el \u00e9xito en el trading de Forex<\/h2>\r\n          <h3>Tu gu\u00eda para el trading estrat\u00e9gico de Forex<\/h3>\r\n          <p>Bienvenido al Calendario Econ\u00f3mico de TNDMarket, tu herramienta indispensable para navegar por el din\u00e1mico mundo del trading de divisas. En esta gu\u00eda, exploraremos c\u00f3mo utilizar nuestro calendario econ\u00f3mico integral para tomar decisiones de trading informadas en el mercado cambiario global.<\/p>\r\n      <\/div>\r\n      <div class=\"col-lg-5\">\r\n        <img decoding=\"async\" class=\"img-fluid\" src=\"\/wp-content\/themes\/website-theme\/images\/calendar-img-01.jpg\" alt=\"\">\r\n      <\/div>\r\n    <\/div>\r\n    \r\n  <\/div>\r\n  <\/div>\r\n  \r\n  \r\n    \r\n     <div class=\"tip-middle\">\r\n      <div class=\"container\">\r\n      <div class=\"row\">\r\n        <div class=\"col-lg-12\">\r\n         <h3>Comprender el calendario econ\u00f3mico<\/h3>\r\n         <h4>Una clave para operar en Forex informado<\/h4>\r\n        <p>El calendario econ\u00f3mico es m\u00e1s que un simple calendario de pr\u00f3ximos eventos; es tu ventana a los factores fundamentales que influyen en los mercados de divisas. Proporciona informaci\u00f3n valiosa sobre indicadores econ\u00f3micos, eventos y anuncios de pa\u00edses de todo el mundo. Comprende c\u00f3mo interpretar esta informaci\u00f3n puede ayudarte a planificar tus estrategias de compraventa de divisas de forma eficaz.<\/p>\r\n        <\/div>\r\n      <\/div>\r\n    <\/div>\r\n    <\/div>\r\n    \r\n    <div class=\"tip-bottom\">\r\n      <div class=\"container\">\r\n      <div class=\"row\">\r\n        <div class=\"col-md-12 text-center\">\r\n          <h2>Tu socio de confianza en el trading de Forex<\/h2>         \r\n        <p>TNDMarket se comprometa a brindarte las herramientas y el conocimiento que necesita para tener \u00e9xito en el trading de divisas. Nuestro Calendario Econ\u00f3mico es solo uno de los muchos recursos que ofrecemos para potenciar tu viaje comercial. Con informaci\u00f3n y datos en tiempo real a tu alcance, puede tomar decisiones bien informadas y navegar por el mercado de divisas con confianza.<\/p>\r\n        <div class=\"widget-wr\">\r\n          <!-- TradingView Widget BEGIN -->\r\n<div class=\"tradingview-widget-container\">\r\n  <div class=\"tradingview-widget-container__widget\"><\/div>\r\n\r\n  <script src=\"https:\/\/s3.tradingview.com\/external-embedding\/embed-widget-events.js\" async>\r\n  {\r\n  \"colorTheme\": \"light\",\r\n  \"isTransparent\": false,\r\n  \"width\": \"100%\",\r\n  \"height\": \"600\",\r\n  \"locale\": \"in\",\r\n  \"importanceFilter\": \"-1,0,1\",\r\n  \"currencyFilter\": \"USD,EUR,ITL,NZD,CHF,AUD,FRF,JPY,ZAR,TRL,CAD,DEM,MXN,ESP,GBP\"\r\n}\r\n  <\/script>\r\n<\/div>\r\n<!-- TradingView Widget END -->\r\n        <\/div>\r\n        <\/div>\r\n        \r\n      <\/div>\r\n    <\/div>\r\n    <\/div>\r\n    \r\n   \r\n   <\/div>","protected":false},"excerpt":{"rendered":"Aprovechando el calendario econ\u00f3mico de TNDMarket para el \u00e9xito en el trading de Forex Tu gu\u00eda para el trading estrat\u00e9gico de Forex Bienvenido al Calendario Econ\u00f3mico de TNDMarket, tu herramienta indispensable para navegar por el din\u00e1mico mundo del trading de divisas. En esta gu\u00eda, exploraremos c\u00f3mo utilizar nuestro calendario econ\u00f3mico integral para tomar decisiones de &hellip;","protected":false},"author":6,"featured_media":0,"parent":0,"menu_order":0,"comment_status":"closed","ping_status":"closed","template":"fullwidth-page.php","meta":{"footnotes":""},"class_list":["post-713","page","type-page","status-publish","hentry"],"_links":{"self":[{"href":"https:\/\/tndmarkets.com\/es\/wp-json\/wp\/v2\/pages\/713","targetHints":{"allow":["GET"]}}],"collection":[{"href":"https:\/\/tndmarkets.com\/es\/wp-json\/wp\/v2\/pages"}],"about":[{"href":"https:\/\/tndmarkets.com\/es\/wp-json\/wp\/v2\/types\/page"}],"author":[{"embeddable":true,"href":"https:\/\/tndmarkets.com\/es\/wp-json\/wp\/v2\/users\/6"}],"replies":[{"embeddable":true,"href":"https:\/\/tndmarkets.com\/es\/wp-json\/wp\/v2\/comments?post=713"}],"version-history":[{"count":5,"href":"https:\/\/tndmarkets.com\/es\/wp-json\/wp\/v2\/pages\/713\/revisions"}],"predecessor-version":[{"id":901,"href":"https:\/\/tndmarkets.com\/es\/wp-json\/wp\/v2\/pages\/713\/revisions\/901"}],"wp:attachment":[{"href":"https:\/\/tndmarkets.com\/es\/wp-json\/wp\/v2\/media?parent=713"}],"curies":[{"name":"wp","href":"https:\/\/api.w.org\/{rel}","templated":true}]}}