{"id":710,"date":"2023-10-20T08:51:23","date_gmt":"2023-10-20T08:51:23","guid":{"rendered":"http:\/\/staging.xmrmarkets.com\/etfs\/"},"modified":"2024-01-03T09:04:17","modified_gmt":"2024-01-03T09:04:17","slug":"etfs","status":"publish","type":"page","link":"https:\/\/tndmarkets.com\/es\/etfs\/","title":{"rendered":"ETF"},"content":{"rendered":"<div class=\"innerpage-wrap trading-inner-page\">\r\n\r\n  <div class=\"tip-top\">\r\n   <div class=\"container\">\r\n    <div class=\"row\">\r\n      <div class=\"col-lg-6\">\r\n        <h2>Diversifica tu cartera con CFD sobre ETF en TNDMarket<\/h2>\r\n         <p>En TNDMarket entendemos la importancia de la diversificaci\u00f3n y el acceso a una amplia gama de opciones de inversi\u00f3n. Los fondos cotizados en bolsa (ETF) ofrecen una manera conveniente y rentable de lograr esta diversificaci\u00f3n, y nos complace brindarte la oportunidad de explorar e invertir en estos vers\u00e1tiles instrumentos financieros.<\/p>\r\n      <\/div>\r\n    <div class=\"col-lg-6\">\r\n      <img decoding=\"async\" class=\"img-fluid\" src=\"\/wp-content\/themes\/website-theme\/images\/ETF-img-01.jpg\" alt=\"\">\r\n      <\/div>\r\n    <\/div>\r\n  <\/div>\r\n  <\/div>\r\n  \r\n   <div class=\"tip-middle\">\r\n    <div class=\"container\">\r\n    <div class=\"row\">\r\n    \r\n    \r\n    <div class=\"col-lg-6\">\r\n       <div class=\"tip-middle-box\">       \r\n         <h3>Diversifica tus inversiones hoy<\/h3>\r\n          <p>La diversificaci\u00f3n es un principio fundamental para una inversi\u00f3n exitosa y los ETF son una herramienta valiosa para lograrlo. TNDMarket se comprometa a ayudarte a diversificar tu cartera y navegar por el mundo de los ETF.<\/p>\r\n          <p>Comienza a explorar nuestra gama de ETF hoy y da el primer paso hacia la creaci\u00f3n de una cartera de inversiones m\u00e1s diversificada y resistente.<\/p>         \r\n     <\/div>\r\n    <\/div>\r\n    \r\n    <div class=\"col-lg-6\">\r\n     <div class=\"tip-middle-box\">\r\n       \r\n        <h3>Invertir en ETF en TNDMarket: ampliar las posibilidades con los CFD<\/h3>\r\n        <p>TNDMarket ofrece una selecci\u00f3n diversa de fondos cotizados en bolsa (ETF) para satisfacer las necesidades y preferencias \u00fanicas de nuestros clientes. Estos vers\u00e1tiles instrumentos financieros brindan exposici\u00f3n a una amplia gama de clases de activos, sectores y regiones. Sin embargo, nuestro compromiso de mejorar tu experiencia de inversi\u00f3n va m\u00e1s all\u00e1 con la inclusi\u00f3n de Contratos por Diferencia (CFD).<\/p>\r\n      <\/div>\r\n    <\/div>\r\n   \r\n    \r\n    <\/div>\r\n  <\/div>\r\n  <\/div>\r\n  \r\n  <div class=\"tip-bottom\">\r\n    <div class=\"container\">\r\n    <div class=\"row\">\r\n       <div class=\"col-lg-7\">\r\n         <h2>\u00bfQu\u00e9 son los fondos cotizados en bolsa (ETF)?<\/h2>\r\n     <p>Los fondos cotizados en bolsa (ETF) son fondos de inversi\u00f3n que cotizan en bolsas de valores, al igual que las acciones individuales. Est\u00e1n dise\u00f1ados para rastrear el desempe\u00f1o de un \u00edndice, clase de activo, materia prima o grupo de activos espec\u00edfico. Los ETF ofrecen a los inversores exposici\u00f3n a una cartera diversificada de activos subyacentes, lo que los convierte en una opci\u00f3n atractiva para quienes buscan distribuir el riesgo y lograr una exposici\u00f3n m\u00e1s amplia al mercado.<\/p>\r\n   <\/div>\r\n   \r\n    <div class=\"col-lg-5\">\r\n      <img decoding=\"async\" class=\"img-fluid\" src=\"\/wp-content\/themes\/website-theme\/images\/ETF-img-02.png\" alt=\"\">\r\n      <\/div>\r\n    <\/div>\r\n  <\/div>\r\n  <\/div>\r\n  \r\n \r\n <\/div>","protected":false},"excerpt":{"rendered":"Diversifica tu cartera con CFD sobre ETF en TNDMarket En TNDMarket entendemos la importancia de la diversificaci\u00f3n y el acceso a una amplia gama de opciones de inversi\u00f3n. Los fondos cotizados en bolsa (ETF) ofrecen una manera conveniente y rentable de lograr esta diversificaci\u00f3n, y nos complace brindarte la oportunidad de explorar e invertir en &hellip;","protected":false},"author":6,"featured_media":0,"parent":0,"menu_order":0,"comment_status":"closed","ping_status":"closed","template":"fullwidth-page.php","meta":{"footnotes":""},"class_list":["post-710","page","type-page","status-publish","hentry"],"_links":{"self":[{"href":"https:\/\/tndmarkets.com\/es\/wp-json\/wp\/v2\/pages\/710","targetHints":{"allow":["GET"]}}],"collection":[{"href":"https:\/\/tndmarkets.com\/es\/wp-json\/wp\/v2\/pages"}],"about":[{"href":"https:\/\/tndmarkets.com\/es\/wp-json\/wp\/v2\/types\/page"}],"author":[{"embeddable":true,"href":"https:\/\/tndmarkets.com\/es\/wp-json\/wp\/v2\/users\/6"}],"replies":[{"embeddable":true,"href":"https:\/\/tndmarkets.com\/es\/wp-json\/wp\/v2\/comments?post=710"}],"version-history":[{"count":3,"href":"https:\/\/tndmarkets.com\/es\/wp-json\/wp\/v2\/pages\/710\/revisions"}],"predecessor-version":[{"id":904,"href":"https:\/\/tndmarkets.com\/es\/wp-json\/wp\/v2\/pages\/710\/revisions\/904"}],"wp:attachment":[{"href":"https:\/\/tndmarkets.com\/es\/wp-json\/wp\/v2\/media?parent=710"}],"curies":[{"name":"wp","href":"https:\/\/api.w.org\/{rel}","templated":true}]}}