{"id":704,"date":"2023-06-13T13:49:05","date_gmt":"2023-06-13T13:49:05","guid":{"rendered":"http:\/\/staging.xmrmarkets.com\/forex\/"},"modified":"2024-01-03T09:04:26","modified_gmt":"2024-01-03T09:04:26","slug":"forex","status":"publish","type":"page","link":"https:\/\/tndmarkets.com\/es\/forex\/","title":{"rendered":"Forex"},"content":{"rendered":"<div class=\"innerpage-wrap trading-inner-page\">\r\n\r\n <div class=\"tip-top\">\r\n  <div class=\"container\">\r\n   <div class=\"row\">\r\n     <div class=\"col-lg-6\">\r\n<h3>El din\u00e1mico mundo de los CFD en el trading de Forex<\/h3>\r\n       <p>El Mercado Forex es el mercado m\u00e1s l\u00edquido del mundo, hay una gran cantidad de compradores y vendedores que buscan realizar una operaci\u00f3n en un momento dado. El alto volumen de operaciones de divisas cada d\u00eda se traduce en miles de millones de d\u00f3lares por minuto, lo que hace que los movimientos de precios de algunas monedas sean vol\u00e1tiles. El trading de divisas implica vender una moneda para comprar otra, por eso es posible obtener ganancias independientemente de c\u00f3mo se mueva el mercado.<\/p>\r\n     <\/div>\r\n   <div class=\"col-lg-6\">\r\n     <img decoding=\"async\" class=\"img-fluid\" src=\"\/wp-content\/themes\/website-theme\/images\/fx-img-01.jpg\" alt=\"\">\r\n     <\/div>\r\n   <\/div>\r\n <\/div>\r\n <\/div>\r\n \r\n  <div class=\"tip-middle\">\r\n   <div class=\"container\">\r\n   <div class=\"row\">\r\n     <div class=\"col-lg-12\">\r\n       <h3>\u00bfPor qu\u00e9 operar con CFD en Forex con nosotros?<\/h3>\r\n     <p>Los operadores de Forex activos buscan el impulso que se obtiene al poder identificar oportunidades y obtener ideas de los mercados de divisas de todo el mundo. Puede acceder a paquetes de gr\u00e1ficos globales de Forex y mapas de trading  de divisas, todo desde una plataforma integrada.<\/p>\r\n     <\/div>\r\n   <\/div>\r\n <\/div>\r\n <\/div>\r\n \r\n <div class=\"tip-bottom\">\r\n   <div class=\"container\">\r\n   <div class=\"row\">\r\n     <div class=\"col-lg-5\">\r\n     <img decoding=\"async\" class=\"img-fluid\" src=\"\/wp-content\/themes\/website-theme\/images\/fx-img-02.png\" alt=\"\">\r\n     <\/div>\r\n   <div class=\"col-lg-7\">\r\n        <h3>\u00bfQu\u00e9 es el trading de divisas y por qu\u00e9 les encanta a los operadores?<\/h3>\r\n        <p>Las divisas siempre se negocian en pares. La primera moneda del par se denomina moneda base y la segunda moneda cotizada. Los operadores de Forex compran una moneda del par y venden la otra al mismo tiempo, dependiendo de c\u00f3mo creen que cambiar\u00e1n tus valores entre s\u00ed.<\/p>\r\n        <p>Los valores de las monedas pueden verse afectados por una serie de factores que afectan la fortaleza de la econom\u00eda de una naci\u00f3n, incluida la inflaci\u00f3n, las tasas de inter\u00e9s y la estabilidad pol\u00edtica, por nombrar algunos. Normalmente, los operadores de Forex ven la mayor volatilidad antes y despu\u00e9s de eventos econ\u00f3micos o pol\u00edticos clave mientras especulan c\u00f3mo esto podr\u00eda afectar a los mercados.<\/p>\r\n        <p>Los pares de divisas se dividen en tres categor\u00edas. Los principales pares de divisas son los m\u00e1s negociados en la industria forex. Por lo general, incluyen el d\u00f3lar estadounidense como la mitad del par, como el EUR\/USD y el USD\/JPY. Otros pares importantes que se negocian habitualmente son el EUR\/JPY.<\/p>   \r\n     <\/div>\r\n   <\/div>\r\n <\/div>\r\n <\/div>\r\n \r\n\r\n<\/div>","protected":false},"excerpt":{"rendered":"El din\u00e1mico mundo de los CFD en el trading de Forex El Mercado Forex es el mercado m\u00e1s l\u00edquido del mundo, hay una gran cantidad de compradores y vendedores que buscan realizar una operaci\u00f3n en un momento dado. El alto volumen de operaciones de divisas cada d\u00eda se traduce en miles de millones de d\u00f3lares &hellip;","protected":false},"author":6,"featured_media":0,"parent":0,"menu_order":0,"comment_status":"closed","ping_status":"closed","template":"fullwidth-page.php","meta":{"footnotes":""},"class_list":["post-704","page","type-page","status-publish","hentry"],"_links":{"self":[{"href":"https:\/\/tndmarkets.com\/es\/wp-json\/wp\/v2\/pages\/704","targetHints":{"allow":["GET"]}}],"collection":[{"href":"https:\/\/tndmarkets.com\/es\/wp-json\/wp\/v2\/pages"}],"about":[{"href":"https:\/\/tndmarkets.com\/es\/wp-json\/wp\/v2\/types\/page"}],"author":[{"embeddable":true,"href":"https:\/\/tndmarkets.com\/es\/wp-json\/wp\/v2\/users\/6"}],"replies":[{"embeddable":true,"href":"https:\/\/tndmarkets.com\/es\/wp-json\/wp\/v2\/comments?post=704"}],"version-history":[{"count":3,"href":"https:\/\/tndmarkets.com\/es\/wp-json\/wp\/v2\/pages\/704\/revisions"}],"predecessor-version":[{"id":824,"href":"https:\/\/tndmarkets.com\/es\/wp-json\/wp\/v2\/pages\/704\/revisions\/824"}],"wp:attachment":[{"href":"https:\/\/tndmarkets.com\/es\/wp-json\/wp\/v2\/media?parent=704"}],"curies":[{"name":"wp","href":"https:\/\/api.w.org\/{rel}","templated":true}]}}