{"id":701,"date":"2023-06-08T06:02:18","date_gmt":"2023-06-08T06:02:18","guid":{"rendered":"http:\/\/staging.xmrmarkets.com\/home\/"},"modified":"2024-01-03T09:11:29","modified_gmt":"2024-01-03T09:11:29","slug":"home","status":"publish","type":"page","link":"https:\/\/tndmarkets.com\/es\/","title":{"rendered":"Home"},"content":{"rendered":"<div class=\"home-banner\">\r\n  <div class=\"content_block\" id=\"custom_post_widget-18\"><div id=\"carouselExampleIndicators\" class=\"carousel slide\" data-bs-ride=\"carousel\">\r\n  <div class=\"carousel-inner\">\r\n    \r\n    <div class=\"carousel-item active\">\r\n\t<div class=\"container\">\r\n\t  <div class=\"row\">\r\n\t\t<div class=\"col-lg-5\">\r\n\t\t  <h2>TOMA EL CONTROL DE<span> TU TRADING<\/span><\/h2> \r\n\t\t  <p>BROKER LICENCIADO Y SUPERVISADO<\/p>\r\n\t\t  <a href=\"https:\/\/clientzone.tndmarkets.com\/#\/login\" class=\"common-btn\">Comienza a negociar<\/a>\r\n\t\t<\/div>\r\n\t\t<div class=\"col-lg-7\">\r\n\t\t   <img decoding=\"async\" src=\"\/wp-content\/themes\/website-theme\/images\/banner.png\" class=\"img-fluid\" alt=\"...\">\r\n        <\/div>\r\n\t <\/div>\r\n\t<\/div>\r\n    <\/div>\r\n    <!-- <div class=\"carousel-item\">\r\n\t  <div class=\"container\">\r\n       <div class=\"row\">\r\n\t\t<div class=\"col-lg-5\">\r\n\t\t  <h2>Leaders in zero-commission trading platforms<\/h2> \r\n\t\t  <p>An award winning and leading provider of online foreign exchange(FX) trading, stocks, CFD trading, Crypto and related services worldwide.<\/p>\r\n\t\t  <a class=\"common-btn\" href=\"https:\/\/clientzone.tndmarkets.com\/#\/login\">Start Trading<\/a>\r\n\t\t<\/div>\r\n\t\t<div class=\"col-lg-7\">\r\n\t\t  <img decoding=\"async\" src=\"\/wp-content\/themes\/website-theme\/images\/banner-img02.jpg\" class=\"img-fluid\" alt=\"...\">\r\n        <\/div>\r\n\t   <\/div>\r\n\t   <\/div>\r\n    <\/div>\r\n    <div class=\"carousel-item\">\r\n\t    <div class=\"container\">\r\n       <div class=\"row\">\r\n\t\t<div class=\"col-lg-5\">\r\n\t\t  <h2>Leaders in zero-commission trading platforms<\/h2> \r\n\t\t  <p>An award winning and leading provider of online foreign exchange(FX) trading, stocks, CFD trading, Crypto and related services worldwide.<\/p>\r\n\t\t  <a class=\"common-btn\">Start Trading<\/a>\r\n\t\t<\/div>\r\n\t\t<div class=\"col-lg-7\">\r\n\t\t  <img decoding=\"async\" src=\"\/wp-content\/themes\/website-theme\/images\/banner-img03.jpg\" class=\"img-fluid\" alt=\"...\">\r\n        <\/div>\r\n\t   <\/div>\r\n\t   <\/div>\r\n    <\/div> -->\r\n  \r\n  <\/div>\r\n  <!-- <div class=\"carousel-indicators\">\r\n   <div class=\"container\">\r\n    <button type=\"button\" data-bs-target=\"#carouselExampleIndicators\" data-bs-slide-to=\"0\" class=\"active thumbnail\" aria-current=\"true\" aria-label=\"Slide 1\">\r\n      <img decoding=\"async\" src=\"\/wp-content\/themes\/website-theme\/images\/banner-img.jpg\" class=\"d-block w-100\" alt=\"...\">\r\n    <\/button>\r\n    <button type=\"button\" data-bs-target=\"#carouselExampleIndicators\" data-bs-slide-to=\"1\" class=\"thumbnail\" aria-label=\"Slide 2\">\r\n      <img decoding=\"async\" src=\"\/wp-content\/themes\/website-theme\/images\/banner-img02.jpg\" class=\"d-block w-100\" alt=\"...\">\r\n    <\/button>\r\n    <button type=\"button\" data-bs-target=\"#carouselExampleIndicators\" data-bs-slide-to=\"2\" class=\"thumbnail\" aria-label=\"Slide 3\">\r\n      <img decoding=\"async\" src=\"\/wp-content\/themes\/website-theme\/images\/banner-img03.jpg\" class=\"d-block w-100\" alt=\"...\">\r\n    <\/button>\r\n   <\/div>\r\n  <\/div> -->\r\n  \r\n\r\n<\/div>\r\n<\/div>\r\n<\/div>\r\n\r\n<div class=\"section hp-about-sec\">\r\n<div class=\"container\">\r\n  <div class=\"row\">\r\n\r\n<div class=\"col-lg-12 text-center\">\r\n  <h2>Acerca de los TNDMarket<\/h2>\r\n  <p><b>Los TNDMarket te ofrece una ejecuci\u00f3n r\u00e1pida y operaciones rentables con diferenciales bajos<\/b><\/p>\r\n    <p>Creada por Traders para Traders, nuestra plataforma est\u00e1 en una posici\u00f3n \u00fanica para anticipar tus necesidades de trading. Creemos en el poder de la experiencia compartida y nuestra plataforma refleja esa sabidur\u00eda compartida, haciendo que tu viaje en el trading sea m\u00e1s fluido y gratificante.<\/p>\r\n<\/div>\r\n\r\n<div class=\"col-lg-12\">\r\n  <div class=\"hp-about-wrap\">\r\n     \r\n <div class=\"ab-box\">\r\n  <div class=\"ab-content\">\r\n    <h3>Cuentas que se adaptan a tus necesidades de trading<\/h3> \r\n        <a href=\"#!\"><i class=\"fas fa-link\"><\/i><\/a>\r\n      <\/div>\r\n <\/div>\r\n     \r\n <div class=\"ab-box\">\r\n   <div class=\"ab-content\">\r\n     <h3>Recursos educativos<\/h3> \r\n     <p>El \u00e9xito en el trading est\u00e1 estrechamente ligado al conocimiento. Es por eso que ofrecemos una rica biblioteca de materiales educativos, incluidos seminarios web, art\u00edculos y tutoriales.<\/p>\r\n       <\/div>\r\n <\/div>\r\n \r\n <div class=\"ab-box\">\r\n   <div class=\"ab-content\">\r\n     <h3>experiencia comercial de clase mundial<\/h3> \r\n     <p>En el mundo del trading, cada segundo cuenta y nuestra plataforma ofrece un rendimiento y una confiabilidad inigualables. Tambi\u00e9n ofrecemos estructuras de tarifas competitivas y transparentes para maximizar tus ganancias.<\/p>\r\n       <\/div>\r\n <\/div>\r\n \r\n <div class=\"ab-box\">\r\n   <div class=\"ab-content\">\r\n    <h3>servicio al cliente de 5 estrellas<\/h3> \r\n    <p>Nuestro dedicado equipo de atenci\u00f3n al cliente multiling\u00fce trabaja las 24 horas del d\u00eda, los 5 d\u00edas de la semana para brindarte un nivel excepcional de soporte.<\/p>\r\n      <\/div>\r\n <\/div>\r\n \r\n   \r\n  <\/div>\r\n<\/div>\r\n\r\n<\/div>\r\n<\/div>\r\n<\/div>\r\n\r\n<div class=\"section mt4\">\r\n  <div class=\"container\">\r\n  <div class=\"row\">\r\n  <div class=\"col-lg-4\">\r\n   <div class=\"ht-box\">\r\n    <img decoding=\"async\" src=\"\/wp-content\/themes\/website-theme\/images\/6.png\" class=\"img-fluid\" alt=\"...\">\r\n     <h3>ACTIVO <br>\r\n      CLASES<\/h3>\r\n       \r\n     <\/div>   \r\n  <\/div>\r\n  <div class=\"col-lg-4\">\r\n  <div class=\"ht-box \">\r\n    <img decoding=\"async\" src=\"\/wp-content\/themes\/website-theme\/images\/mt4.png\" class=\"img-fluid\" alt=\"...\" >\r\n    <h3>INNOVADORES <br>\r\n      PLATAFORMAS DE TRADING\r\n<\/h3>\r\n      \r\n    <\/div>    \r\n  <\/div>\r\n  <div class=\"col-lg-4\">\r\n   <div class=\"ht-box\">\r\n    <img decoding=\"async\" src=\"\/wp-content\/themes\/website-theme\/images\/200.png\" class=\"img-fluid\" alt=\"...\">\r\n     <h3>TRADEABLE <br>\r\n      INSTRUMENTOS\r\n      <\/h3>\r\n     \r\n     <\/div>   \r\n  <\/div>\r\n  <\/div>\r\n  <\/div>\r\n  <\/div>\r\n\r\n<div class=\"section unlock\">\r\n  <div class=\"container\">\r\n    <div class=\"row\">\r\n      <div class=\"col-lg-6\">\r\n        <img decoding=\"async\" src=\"\/wp-content\/themes\/website-theme\/images\/S04-img.jpg\" class=\"img-fluid\" alt=\"...\">\r\n      <\/div>\r\n      <div class=\"col-lg-6\">\r\n        <h3><span class=\"primary-color\">Desbloquea<\/span> diversas oportunidades de trading<\/h3>\r\n        <p>En TNDMarket te ofrecemos la oportunidad de desbloquear un mundo de diversas oportunidades de trading a trav\u00e9s de CFD. Con los CFD, puedes operar con seis clases de activos diferentes, cada una de las cuales presenta ventajas y potencial de ganancias \u00fanicos. Explora estas clases de activos con nosotros<\/p>\r\n        <div class=\"row mt-5\">\r\n          <div class=\"col-md-6\">\r\n            <div class=\"icon icon1\"><\/div>\r\n            <h4>CFD sobre Forex (divisas)<\/h4>\r\n            <p>Acceda al mercado financiero m\u00e1s grande y l\u00edquido a nivel mundial con nuestros CFD de Forex. Opera con pares de divisas principales, menores y ex\u00f3ticos, aprovechando las fluctuaciones de los tipos de cambio.<\/p>\r\n          <\/div>\r\n          <div class=\"col-md-6\">\r\n            <div class=\"icon icon2\"><\/div>\r\n            <h4>CFD sobre acciones (acciones)<\/h4>\r\n            <p>Opera con CFD sobre algunas de las empresas m\u00e1s reconocidas del mundo y disfruta de la flexibilidad de operar en largo o en corto en los precios de tus acciones.<\/p>\r\n          <\/div>\r\n        <\/div>\r\n        <div class=\"row mt-5\">\r\n          <div class=\"col-md-6\">\r\n            <div class=\"icon icon3\"><\/div>\r\n            <h4>CFD sobre materias primas<\/h4>\r\n            <p>Diversifica tu estrategia comercial incluyendo materias primas como oro, petr\u00f3leo, plata y m\u00e1s en tu cartera de CFD. Toma posiciones basadas en tus perspectivas de mercado y aprovecha las fluctuaciones de precios.<\/p>\r\n          <\/div>\r\n          <div class=\"col-md-6\">\r\n            <div class=\"icon icon4\"><\/div>\r\n            <h4>CFD sobre \u00edndices<\/h4>\r\n            <p>Opera con CFD sobre los principales \u00edndices burs\u00e1tiles de todo el mundo, incluidos el S&#038;P 500, Dow Jones, FTSE 100 y muchos otros. Obt\u00e9n exposici\u00f3n a amplios movimientos del mercado a trav\u00e9s de CFD sobre \u00edndices.<\/p>\r\n          <\/div>\r\n        <\/div>\r\n        <div class=\"row mt-5\">\r\n          <div class=\"col-md-6\">\r\n            <div class=\"icon icon5\"><\/div>\r\n            <h4>CFD sobre criptomonedas<\/h4>\r\n            <p>Ingrese al mundo de los activos digitales con nuestros CFD sobre criptomonedas. Especula sobre los movimientos de precios como Bitcoin y Ethereum sin la necesidad de una billetera criptogr\u00e1fica.<\/p>\r\n          <\/div>\r\n          <div class=\"col-md-6\">\r\n            <div class=\"icon icon6\"><\/div>\r\n            <h4>CFD sobre fondos cotizados en bolsa (ETF)<\/h4>\r\n            <p>Los ETF ofrecen varias ventajas, incluidas liquidez, diversificaci\u00f3n y transparencia, lo que los convierte en una opci\u00f3n popular tanto para inversores minoristas como institucionales.<\/p>\r\n          <\/div>\r\n        <\/div>\r\n      <\/div>\r\n    <\/div>\r\n  <\/div>\r\n<\/div>\r\n  \r\n\r\n<div class=\"section number-section\">\r\n<div class=\"container\">\r\n<div class=\"row\">\r\n<div class=\"col-lg-4\">\r\n <div class=\"number-box\">\r\n     <img decoding=\"async\" src=\"\/wp-content\/themes\/website-theme\/images\/01.png\" class=\"img-fluid\" alt=\"...\">\r\n     <h3>Trading<\/h3>\r\n       <p>Accede a los mercados m\u00e1s grandes del mundo, con una cuenta adaptada a tus necesidades.<\/p>\r\n   <\/div>     \r\n<\/div>\r\n<div class=\"col-lg-4\">\r\n<div class=\"number-box\">\r\n  <img decoding=\"async\" src=\"\/wp-content\/themes\/website-theme\/images\/02.png\" class=\"img-fluid\" alt=\"...\">\r\n  <h3>Rendimientos<\/h3>\r\n    <p>Disfrute de diferenciales desde cero, de una ejecuci\u00f3n ultrarr\u00e1pida y opera a los mejores precios disponibles.<\/p>\r\n  <\/div>      \r\n<\/div>\r\n<div class=\"col-lg-4\">\r\n <div class=\"number-box\">\r\n   <img decoding=\"async\" src=\"\/wp-content\/themes\/website-theme\/images\/03.png\" class=\"img-fluid\" alt=\"...\">\r\n   <h3>Seguridad<\/h3>\r\n     <p>Como broker con licencia y regulado a nivel mundial, tus fondos est\u00e1n completamente segregados y protegidos.<\/p>\r\n   <\/div>     \r\n<\/div>\r\n<\/div>\r\n<\/div>\r\n<\/div>\r\n\r\n<div class=\"section green-section\">\r\n<div class=\"container\">\r\n<div class=\"row\">\r\n  <h2>J\u00daneta a un broker l\u00edder a nivel mundial y comienza<br> obteniendo m\u00e1s de los mercados.<\/h2>\r\n  <p>Con un amigable servicio de atenci\u00f3n al cliente, la \u00faltima tecnolog\u00eda y una variedad de tipos de cuentas, tenemos todo lo que necesitas para descubrir mejores operaciones.<\/p>\r\n<\/div>\r\n<\/div>\r\n<\/div>\r\n\r\n\r\n<div class=\"section knowledg\">\r\n  <div class=\"container\">\r\n    <div class=\"text-center\">\r\n      <h2><span class=\"primary-color\">TNDMarket:<\/span><br>Donde el conocimiento impulsa tus operaciones<\/h2>\r\n      <p>En TNDMarket, creemos firmemente que el conocimiento es la fuerza impulsora detr\u00e1s del \u00e9xito comercial. En un mundo de mercados en constante evoluci\u00f3n, estar bien informado no es s\u00f3lo una ventaja; es una necesidad. As\u00ed es como priorizamos el conocimiento en beneficio de nuestros clientes<\/p>\r\n      <div class=\"row mt-5\">\r\n        <div class=\"col-lg-4 mr-20\">\r\n          <div class=\"box img\">\r\n            <img decoding=\"async\" src=\"\/wp-content\/themes\/website-theme\/images\/S07-img-01.png\" class=\"img-fluid\" alt=\"...\">\r\n          <\/div>\r\n        <\/div>\r\n        <div class=\"col-lg-4 mr-20\">\r\n          <div class=\"box\">\r\n            <h3>Destacando el papel del conocimiento en el trading<\/h3>\r\n            <p>En TNDMarket, creemos firmemente que el conocimiento es la fuerza impulsora detr\u00e1s del \u00e9xito comercial. En un mundo de mercados en constante evoluci\u00f3n, estar bien informado no es simplemente una ventaja: es una necesidad absoluta.<\/p>\r\n          <\/div>\r\n        <\/div>\r\n        <div class=\"col-lg-4\">\r\n          <div class=\"box img\">\r\n            <img decoding=\"async\" src=\"\/wp-content\/themes\/website-theme\/images\/S07-img-02.png\" class=\"img-fluid\" alt=\"...\">\r\n          <\/div>\r\n        <\/div>\r\n      <\/div>\r\n      <div class=\"row mt-4\">\r\n        <div class=\"col-lg-4 mr-20\">\r\n          <div class=\"box\">\r\n            <h3>Adaptaci\u00f3n de estrategias a niveles de conocimiento individuales<\/h3>\r\n            <p>En TNDMarket, entendemos que los operadores tienen distintos niveles de conocimiento y experiencia. Es por eso que ofrecemos orientaci\u00f3n personalizada y recursos educativos que atienden tanto a principiantes que buscan comenzar su viaje como a operadores experimentados que buscan perfeccionar tus habilidades.<\/p>\r\n          <\/div>\r\n        <\/div>\r\n        <div class=\"col-lg-4  mr-20\">\r\n         \r\n          <div class=\"box img\">\r\n            <img decoding=\"async\" src=\"\/wp-content\/themes\/website-theme\/images\/S07-img-03.png\" class=\"img-fluid\" alt=\"...\">\r\n          <\/div>\r\n        <\/div>\r\n        <div class=\"col-lg-4\">\r\n          <div class=\"box\">\r\n            <h3>Empoderar a los clientes con conocimientos profundos<\/h3>\r\n            <p>Nuestro compromiso es brindar a nuestros clientes el conocimiento que necesitan para tomar decisiones de trading informadas. Creemos que un trader bien informado es un trader confiado, y la confianza es la clave para navegar en aguas de trading a menudo turbulentas.<\/p>\r\n          <\/div>\r\n        <\/div>\r\n      <\/div>\r\n    <\/div>\r\n  <\/div>\r\n<\/div>\r\n","protected":false},"excerpt":{"rendered":"Acerca de los TNDMarket Los TNDMarket te ofrece una ejecuci\u00f3n r\u00e1pida y operaciones rentables con diferenciales bajos Creada por Traders para Traders, nuestra plataforma est\u00e1 en una posici\u00f3n \u00fanica para anticipar tus necesidades de trading. Creemos en el poder de la experiencia compartida y nuestra plataforma refleja esa sabidur\u00eda compartida, haciendo que tu viaje en &hellip;","protected":false},"author":6,"featured_media":0,"parent":0,"menu_order":0,"comment_status":"closed","ping_status":"closed","template":"homepage.php","meta":{"footnotes":""},"class_list":["post-701","page","type-page","status-publish","hentry"],"_links":{"self":[{"href":"https:\/\/tndmarkets.com\/es\/wp-json\/wp\/v2\/pages\/701","targetHints":{"allow":["GET"]}}],"collection":[{"href":"https:\/\/tndmarkets.com\/es\/wp-json\/wp\/v2\/pages"}],"about":[{"href":"https:\/\/tndmarkets.com\/es\/wp-json\/wp\/v2\/types\/page"}],"author":[{"embeddable":true,"href":"https:\/\/tndmarkets.com\/es\/wp-json\/wp\/v2\/users\/6"}],"replies":[{"embeddable":true,"href":"https:\/\/tndmarkets.com\/es\/wp-json\/wp\/v2\/comments?post=701"}],"version-history":[{"count":5,"href":"https:\/\/tndmarkets.com\/es\/wp-json\/wp\/v2\/pages\/701\/revisions"}],"predecessor-version":[{"id":905,"href":"https:\/\/tndmarkets.com\/es\/wp-json\/wp\/v2\/pages\/701\/revisions\/905"}],"wp:attachment":[{"href":"https:\/\/tndmarkets.com\/es\/wp-json\/wp\/v2\/media?parent=701"}],"curies":[{"name":"wp","href":"https:\/\/api.w.org\/{rel}","templated":true}]}}