{"id":698,"date":"2023-06-14T10:02:33","date_gmt":"2023-06-14T10:02:33","guid":{"rendered":"http:\/\/staging.xmrmarkets.com\/indices\/"},"modified":"2024-01-03T09:14:49","modified_gmt":"2024-01-03T09:14:49","slug":"indices","status":"publish","type":"page","link":"https:\/\/tndmarkets.com\/es\/indices\/","title":{"rendered":"\u00cdndices"},"content":{"rendered":"<div class=\"innerpage-wrap trading-inner-page\">\r\n\r\n <div class=\"tip-top\">\r\n  <div class=\"container\">\r\n   <div class=\"row\">\r\n     <div class=\"col-lg-6\">\r\n        <h3>Aprovecha tu pr\u00f3xima oportunidad de trading con los populares CFD sobre \u00edndices burs\u00e1tiles<\/h3>\r\n        <p>Cuando operas con \u00edndices CFD con nosotros, operas con los nombres m\u00e1s importantes del sector. A los traders les gusta explorar oportunidades en el mercado de \u00edndices porque les permite aprovechar m\u00faltiples beneficios en una sola operaci\u00f3n.<\/p>\r\n     <\/div>\r\n   <div class=\"col-lg-6\">\r\n     <img decoding=\"async\" class=\"img-fluid\" src=\"\/wp-content\/themes\/website-theme\/images\/in-img-01.jpg\" alt=\"\">\r\n     <\/div>\r\n   <\/div>\r\n <\/div>\r\n <\/div>\r\n \r\n  <div class=\"tip-middle\">\r\n   <div class=\"container\">\r\n   <div class=\"row\">\r\n   \r\n     <div class=\"col-lg-12\">\r\n       <h3>\u00bfPor qu\u00e9 operar con CFD sobre \u00edndices con TNDMarket?<\/h3>\r\n   <\/div>\r\n   \r\n   <div class=\"col-lg-4\">\r\n      <div class=\"tip-middle-box\">\r\n      <div class=\"icon ind-02\"><\/div>\r\n        <h3>Costos de trading inmejorables<\/h3>\r\n            <p>opera con \u00edndices con tasas de comisi\u00f3n s\u00faper bajas y diferenciales ajustados.<\/p>\r\n    <\/div>\r\n   <\/div>\r\n   \r\n   <div class=\"col-lg-4\">\r\n    <div class=\"tip-middle-box\">\r\n       <div class=\"icon ind-03\"><\/div>\r\n       <h3>Velocidades de ejecuci\u00f3n r\u00e1pidas<\/h3>\r\n         <p>Tus operaciones se ejecutar\u00e1n en milisegundos, por lo que siempre obtendr\u00e1s el mejor precio del mercado.<\/p>\r\n     <\/div>\r\n   <\/div>\r\n   \r\n   <div class=\"col-lg-4\">\r\n   <div class=\"tip-middle-box\">\r\n      <div class=\"icon ind-01\"><\/div>\r\n      <h3>Explora y opera con los principales \u00edndices<\/h3>\r\n        <p>Supera las fronteras geogr\u00e1ficas y explora la negociaci\u00f3n de los principales \u00edndices a nivel mundial, aprovechando un mundo de oportunidades en los mercados financieros.<\/p>\r\n   <\/div>\r\n   <\/div>\r\n   \r\n   <\/div>\r\n <\/div>\r\n <\/div>\r\n \r\n <div class=\"tip-bottom\">\r\n   <div class=\"container\">\r\n   <div class=\"row\">\r\n     <div class=\"col-lg-5\">\r\n     <img decoding=\"async\" class=\"img-fluid\" src=\"\/wp-content\/themes\/website-theme\/images\/in-img-02.png\" alt=\"\">\r\n     <\/div>\r\n   <div class=\"col-lg-7\">\r\n        <h2>\u00bfQu\u00e9 son los CFD sobre \u00edndices?<\/h2>\r\n    <p>Los CFD sobre \u00edndices son instrumentos financieros que permiten a los operadores beneficiarse de las fluctuaciones de precios de los \u00edndices burs\u00e1tiles, como el S&#038;P 500, el Dow Jones Industrial Average, el NASDAQ o el FTSE 100. Cuando operas con un CFD sobre un \u00edndice, no posees el \u00edndice real o las acciones que lo componen; en tu lugar, haz un contrato con un broker para especular sobre la diferencia de precio del \u00edndice.<\/p>\r\n    <h3>Recursos educativos<\/h3>\r\n    <p>Muchos brokers de CFD ofrecen recursos y herramientas educativos para ayudar a los operadores a aprender sobre el trading de CFD sobre \u00edndices, incluidos seminarios web, tutoriales y cuentas de demostraci\u00f3n para practicar.<\/p>\r\n     <\/div>\r\n   <\/div>\r\n <\/div>\r\n <\/div>\r\n \r\n\r\n<\/div>","protected":false},"excerpt":{"rendered":"Aprovecha tu pr\u00f3xima oportunidad de trading con los populares CFD sobre \u00edndices burs\u00e1tiles Cuando operas con \u00edndices CFD con nosotros, operas con los nombres m\u00e1s importantes del sector. A los traders les gusta explorar oportunidades en el mercado de \u00edndices porque les permite aprovechar m\u00faltiples beneficios en una sola operaci\u00f3n. \u00bfPor qu\u00e9 operar con CFD &hellip;","protected":false},"author":6,"featured_media":0,"parent":0,"menu_order":0,"comment_status":"closed","ping_status":"closed","template":"fullwidth-page.php","meta":{"footnotes":""},"class_list":["post-698","page","type-page","status-publish","hentry"],"_links":{"self":[{"href":"https:\/\/tndmarkets.com\/es\/wp-json\/wp\/v2\/pages\/698","targetHints":{"allow":["GET"]}}],"collection":[{"href":"https:\/\/tndmarkets.com\/es\/wp-json\/wp\/v2\/pages"}],"about":[{"href":"https:\/\/tndmarkets.com\/es\/wp-json\/wp\/v2\/types\/page"}],"author":[{"embeddable":true,"href":"https:\/\/tndmarkets.com\/es\/wp-json\/wp\/v2\/users\/6"}],"replies":[{"embeddable":true,"href":"https:\/\/tndmarkets.com\/es\/wp-json\/wp\/v2\/comments?post=698"}],"version-history":[{"count":4,"href":"https:\/\/tndmarkets.com\/es\/wp-json\/wp\/v2\/pages\/698\/revisions"}],"predecessor-version":[{"id":906,"href":"https:\/\/tndmarkets.com\/es\/wp-json\/wp\/v2\/pages\/698\/revisions\/906"}],"wp:attachment":[{"href":"https:\/\/tndmarkets.com\/es\/wp-json\/wp\/v2\/media?parent=698"}],"curies":[{"name":"wp","href":"https:\/\/api.w.org\/{rel}","templated":true}]}}