{"id":695,"date":"2023-06-13T14:39:23","date_gmt":"2023-06-13T14:39:23","guid":{"rendered":"http:\/\/staging.xmrmarkets.com\/legal-information\/"},"modified":"2026-03-30T13:08:20","modified_gmt":"2026-03-30T13:08:20","slug":"legal-information","status":"publish","type":"page","link":"https:\/\/tndmarkets.com\/es\/legal-information\/","title":{"rendered":"Informaci\u00f3n legal"},"content":{"rendered":"<div class=\"innerpage-wrap legal-page\">\r\n    <div class=\"container\">\r\n        <div class=\"row\">\r\n            <div class=\"col-lg-6\">\r\n                <div class=\"legal-box\">\r\n                    <h3>Tasas administrativas<\/h3>\r\n                    <a class=\"common-btn\" href=\"\/wp-content\/themes\/website-theme\/images\/pdf\/Ad-Fees.pdf\" target=\"_blank\" rel=\"noopener\">Haga clic aqu\u00ed<\/a>\r\n                <\/div>\r\n            <\/div>\r\n            <div class=\"col-lg-6\">\r\n                <div class=\"legal-box\">\r\n                    <h3>Pol\u00edtica AML y KYC<\/h3>\r\n                    <a class=\"common-btn\" href=\"\/wp-content\/themes\/website-theme\/images\/pdf\/AML_&#038;_KYC_Policy.pdf\" target=\"_blank\" rel=\"noopener\">Haga clic aqu\u00ed<\/a>\r\n                <\/div>\r\n            <\/div>\r\n            <div class=\"col-lg-6\">\r\n                <div class=\"legal-box\">\r\n                    <h3>Condiciones de las bonificaciones<\/h3>\r\n                    <a class=\"common-btn\" href=\"\/wp-content\/themes\/website-theme\/images\/pdf\/Bonus_terms.pdf\" target=\"_blank\" rel=\"noopener\">Haga clic aqu\u00ed<\/a>\r\n                <\/div>\r\n            <\/div>\r\n            <div class=\"col-lg-6\">\r\n                <div class=\"legal-box\">\r\n                    <h3>Proceso de tramitaci\u00f3n de reclamaciones<\/h3>\r\n                    <a class=\"common-btn\" href=\"\/wp-content\/themes\/website-theme\/images\/pdf\/Complaint_Handling_Process.pdf\" target=\"_blank\" rel=\"noopener\">Haga clic aqu\u00ed<\/a>\r\n                <\/div>\r\n            <\/div>\r\n            <div class=\"col-lg-6\">\r\n                <div class=\"legal-box\">\r\n                    <h3>Formulario de reclamaci\u00f3n<\/h3>\r\n                    <a class=\"common-btn\" href=\"\/wp-content\/themes\/website-theme\/images\/pdf\/Complaints_form.pdf\" target=\"_blank\" rel=\"noopener\">Haga clic aqu\u00ed<\/a>\r\n                <\/div>\r\n            <\/div>\r\n            <div class=\"col-lg-6\">\r\n                <div class=\"legal-box\">\r\n                    <h3>Pol\u00edtica de cookies<\/h3>\r\n                    <a class=\"common-btn\" href=\"\/wp-content\/themes\/website-theme\/images\/pdf\/Cookie_Policy.pdf\" target=\"_blank\" rel=\"noopener\">Haga clic aqu\u00ed<\/a>\r\n                <\/div>\r\n            <\/div>\r\n            <div class=\"col-lg-6\">\r\n                <div class=\"  legal-box\">\r\n                    <h3>Condiciones generales<\/h3>\r\n                    <a class=\"common-btn\" href=\"\/wp-content\/themes\/website-theme\/images\/pdf\/General_terms_and_conditions.pdf\" target=\"_blank\" rel=\"noopener\">Haga clic aqu\u00ed<\/a>\r\n                <\/div>\r\n            <\/div>\r\n            <div class=\"col-lg-6\">\r\n                <div class=\"  legal-box\">\r\n                    <h3>Pol\u00edtica de devoluciones y reembolsos<\/h3>\r\n                    <a class=\"common-btn\" href=\"\/wp-content\/themes\/website-theme\/images\/pdf\/Refunds_&#038;_Returns_Policy.pdf\" target=\"_blank\" rel=\"noopener\">Haga clic aqu\u00ed<\/a>\r\n                <\/div>\r\n            <\/div>\r\n            <div class=\"col-lg-6\">\r\n                <div class=\"  legal-box\">\r\n                    <h3>Pol\u00edtica de privacidad<\/h3>\r\n                    <a class=\"common-btn\" href=\"\/wp-content\/themes\/website-theme\/images\/pdf\/Privacy_policy.pdf\" target=\"_blank\" rel=\"noopener\">Haga clic aqu\u00ed<\/a>\r\n                <\/div>\r\n            <\/div>\r\n            <div class=\"col-lg-6\">\r\n                <div class=\"  legal-box\">\r\n                    <h3>Declaraci\u00f3n de divulgaci\u00f3n de riesgos <\/h3>\r\n                    <a class=\"common-btn\" href=\"\/wp-content\/themes\/website-theme\/images\/pdf\/Risk_disclosure_statement.pdf\" target=\"_blank\" rel=\"noopener\">Haga clic aqu\u00ed<\/a>\r\n                <\/div>\r\n            <\/div>\r\n        <\/div>\r\n    <\/div>","protected":false},"excerpt":{"rendered":"Tasas administrativas Haga clic aqu\u00ed Pol\u00edtica AML y KYC Haga clic aqu\u00ed Condiciones de las bonificaciones Haga clic aqu\u00ed Proceso de tramitaci\u00f3n de reclamaciones Haga clic aqu\u00ed Formulario de reclamaci\u00f3n Haga clic aqu\u00ed Pol\u00edtica de cookies Haga clic aqu\u00ed Condiciones generales Haga clic aqu\u00ed Pol\u00edtica de devoluciones y reembolsos Haga clic aqu\u00ed Pol\u00edtica de privacidad &hellip;","protected":false},"author":6,"featured_media":0,"parent":0,"menu_order":0,"comment_status":"closed","ping_status":"closed","template":"fullwidth-page.php","meta":{"footnotes":""},"class_list":["post-695","page","type-page","status-publish","hentry"],"_links":{"self":[{"href":"https:\/\/tndmarkets.com\/es\/wp-json\/wp\/v2\/pages\/695","targetHints":{"allow":["GET"]}}],"collection":[{"href":"https:\/\/tndmarkets.com\/es\/wp-json\/wp\/v2\/pages"}],"about":[{"href":"https:\/\/tndmarkets.com\/es\/wp-json\/wp\/v2\/types\/page"}],"author":[{"embeddable":true,"href":"https:\/\/tndmarkets.com\/es\/wp-json\/wp\/v2\/users\/6"}],"replies":[{"embeddable":true,"href":"https:\/\/tndmarkets.com\/es\/wp-json\/wp\/v2\/comments?post=695"}],"version-history":[{"count":9,"href":"https:\/\/tndmarkets.com\/es\/wp-json\/wp\/v2\/pages\/695\/revisions"}],"predecessor-version":[{"id":1166,"href":"https:\/\/tndmarkets.com\/es\/wp-json\/wp\/v2\/pages\/695\/revisions\/1166"}],"wp:attachment":[{"href":"https:\/\/tndmarkets.com\/es\/wp-json\/wp\/v2\/media?parent=695"}],"curies":[{"name":"wp","href":"https:\/\/api.w.org\/{rel}","templated":true}]}}