{"id":692,"date":"2023-10-27T09:17:22","date_gmt":"2023-10-27T09:17:22","guid":{"rendered":"http:\/\/staging.xmrmarkets.com\/news-and-insights\/"},"modified":"2024-01-03T09:14:25","modified_gmt":"2024-01-03T09:14:25","slug":"news-and-insights","status":"publish","type":"page","link":"https:\/\/tndmarkets.com\/es\/news-and-insights\/","title":{"rendered":"Noticias y perspectivas"},"content":{"rendered":"<div class=\"innerpage-wrap about-us-page\">\r\n   \r\n  <div class=\"aboutus-top\">\r\n<div class=\"container\">\r\n  <div class=\"row\">     \r\n      \r\n       <div class=\"col-lg-8\">\r\n        <h2 class=\"medium-heading\">Mantente informado con las noticias y conocimientos de Forex de TNDMarket<\/h2>\r\n          <h3 class=\"medium-heading\">Tu fuente de inteligencia del mercado Forex<\/h3>\r\n          <p>Bienvenido a Noticias e informaci\u00f3n de TNDMarket, tu puerta de entrada para mantenerte bien informado sobre el din\u00e1mico mundo del trading de divisas. En esta secci\u00f3n, exploraremos la importancia de mantenerse al d\u00eda con las \u00faltimas noticias y conocimientos y c\u00f3mo pueden influir en tus decisiones de compraventa de divisas.<\/p>\r\n       <\/div>\r\n       <div class=\"col-lg-4\">\r\n        <img decoding=\"async\" src=\"\/wp-content\/themes\/website-theme\/images\/news-img.jpg\" class=\"img-fluid\" alt=\"\">\r\n       <\/div>\r\n     \r\n  <\/div>\r\n  <\/div>   \r\n  <\/div>\r\n\r\n\r\n\r\n<div class=\"aboutus-yellow-sec mt-5\">\r\n<div class=\"container\">\r\n  <div class=\"row\">\r\n       <div class=\"col-lg-12\">\r\n          <h2>Implementaci\u00f3n de estrategias basadas en noticias<\/h2>\r\n          <h3 class=\"medium-heading\">Traducir el conocimiento en ganancias<\/h3>\r\n          <p>Como operador de Forex, puedes aprovechar los conocimientos adquiridos a partir de noticias y an\u00e1lisis para adaptar tus estrategias. Por ejemplo, puedes optar por entrar o salir de operaciones en respuesta a noticias importantes, o puedes ajustar los par\u00e1metros de gesti\u00f3n de riesgos en funci\u00f3n del sentimiento m\u00e1s reciente del mercado.<\/p>\r\n          <p>Comprender c\u00f3mo las noticias influyen en el mercado y tener acceso a informaci\u00f3n en tiempo real es un componente crucial para el \u00e9xito de tus operaciones.<\/p>\r\n       <\/div>\r\n  <\/div>\r\n  <\/div>\r\n  <\/div>\r\n\r\n <div class=\"news-page pt-5\">\r\n  <div class=\"container\">\r\n    <h2 class=\"lg-heading text-center\">Centro de informaci\u00f3n: Una fusi\u00f3n de noticias y blogs<\/h2>\r\n    <div class=\"row\">\r\n      <div class=\"col-lg-4 newsp\">\r\n        <div class=\"box\">\r\n          <img decoding=\"async\" src=\"\/wp-content\/themes\/website-theme\/images\/news-img-01.png\" alt=\"\" class=\"img-fluid\">\r\n          <h3>Principales movimientos del mercado<\/h3>\r\n          <p>Mantente a la \u00faltima con actualizaciones en tiempo real sobre movimientos importantes del mercado. Nuestro an\u00e1lisis profundiza en los factores que impulsan estos cambios y ofrece perspectivas sobre qu\u00e9 esperar a continuaci\u00f3n.<\/p>\r\n          <p class=\"number\">19 OCT 11.55<\/p>\r\n        <\/div>\r\n        <div class=\"box\">\r\n          <img decoding=\"async\" src=\"\/wp-content\/themes\/website-theme\/images\/news-img-03.png\" alt=\"\" class=\"img-fluid\">\r\n          <h3>Indicadores econ\u00f3micos revelados<\/h3>\r\n          <p>Los indicadores econ\u00f3micos desempe\u00f1an un papel crucial en el trading. Nuestros art\u00edculos desglosan las publicaciones de datos econ\u00f3micos clave, tu impacto en los mercados y c\u00f3mo puede utilizar esta informaci\u00f3n a tu favor.<\/p>\r\n          <p class=\"number\">18 OCT 12.34<\/p>\r\n        <\/div>\r\n      <\/div>\r\n      <div class=\"col-lg-4 newsp\">\r\n        <div class=\"box text-center\">\r\n          <h3>Noticias de trading<\/h3>\r\n          <p>Mantente informado y toma decisiones de trading informadas con nuestras \u00faltimas actualizaciones de noticias de trading. Nuestro dedicado equipo de expertos recopila y ofrece noticias de \u00faltima hora y an\u00e1lisis profundos sobre los mercados financieros, ayud\u00e1ndote a navegar por el mundo del trading de forma eficaz. Ya seas un operador experimentado o reci\u00e9n est\u00e9s comenzando, nuestras noticias actualizadas y art\u00edculos detallados te mantendr\u00e1n informado y potenciar\u00e1n tu viaje en el trading.<\/p>          \r\n        <\/div>\r\n        <div class=\"box\">\r\n          <img decoding=\"async\" src=\"\/wp-content\/themes\/website-theme\/images\/news-img-04.png\" alt=\"\" class=\"img-fluid\">\r\n          <h3>Tradear en mercados vol\u00e1tiles<\/h3>\r\n          <p>La volatilidad del mercado es una constante en el trading. Si bien presenta riesgos, tambi\u00e9n trae oportunidades. En nuestro art\u00edculo sobre \u201cTradear en mercados vol\u00e1tiles\u201d, exploramos c\u00f3mo navegar en tiempos turbulentos. Aprende estrategias de gesti\u00f3n de riesgos, indicadores de volatilidad y t\u00e1cticas para aprovechar oportunidades durante las oscilaciones del mercado. La volatilidad no tiene por qu\u00e9 ser tu enemiga; puede ser tu aliada cuando sepas c\u00f3mo aprovecharla de manera efectiva.<\/p>\r\n          <p class=\"number\">20 OCT 10.22<\/p>\r\n        <\/div>\r\n      <\/div>\r\n      <div class=\"col-lg-4 newsp\">\r\n        <div class=\"box\">\r\n          <img decoding=\"async\" src=\"\/wp-content\/themes\/website-theme\/images\/news-img-02.png\" alt=\"\" class=\"img-fluid\">\r\n          <h3>Tendencias econ\u00f3micas globales<\/h3>\r\n          <p>Comprende el panorama econ\u00f3mico global actual y c\u00f3mo afecta las diferentes clases de activos. Nuestro an\u00e1lisis te ayuda a ver el panorama m\u00e1s amplio y a tomar decisiones de inversi\u00f3n informadas.<\/p>\r\n          <p class=\"number\">16 OCT 12.55<\/p>\r\n        <\/div>\r\n        <div class=\"box\">\r\n          <img decoding=\"async\" src=\"\/wp-content\/themes\/website-theme\/images\/news-img-05.png\" alt=\"\" class=\"img-fluid\">\r\n          <h3>Estrategias de trading para el \u00e9xito<\/h3>\r\n          <p>Descubre estrategias y t\u00e1cticas de trading efectivas de la mano de nuestros expertos. Aprende c\u00f3mo adaptar tu enfoque a las condiciones del mercado y optimizar tu cartera en el trading.<\/p>\r\n          <p class=\"number\">17 OCT 11.00<\/p>\r\n        <\/div>\r\n      <\/div>\r\n\r\n    <\/div>\r\n    <div class=\"mt-5 clearfix\"><\/div>\r\n    <div class=\"row\">\r\n      <div class=\"col-lg-6 mt-2\">\r\n        <div class=\"box fbox\">\r\n          <div class=\"row\">\r\n            <div class=\"col-md-5\">\r\n              <img decoding=\"async\" src=\"\/wp-content\/themes\/website-theme\/images\/blog-img-01.jpg\" class=\"img-fluid\" alt=\"...\">\r\n            <\/div>\r\n            <div class=\"col-md-7\">\r\n              <h3 class=\"medium-heading\">Desmitificando los pares de Forex: mayores, menores y ex\u00f3ticos<\/h3>\r\n              <p>En esta publicaci\u00f3n de blog, analizaremos las diferencias entre pares mayores, menores y ex\u00f3ticos, explicaremos tu importancia y ayudaremos a los operadores a tomar decisiones informadas sobre cu\u00e1les operar.<\/p>\r\n            <\/div>\r\n          <\/div>\r\n        <\/div>\r\n      <\/div>\r\n    \r\n        <div class=\"col-lg-6 mt-2\">\r\n          <div class=\"box fbox\">\r\n            <div class=\"row\">\r\n              <div class=\"col-md-5\">\r\n                <img decoding=\"async\" src=\"\/wp-content\/themes\/website-theme\/images\/blog-img-02.jpg\" class=\"img-fluid\" alt=\"...\">\r\n              <\/div>\r\n              <div class=\"col-md-7\">\r\n                <h3 class=\"medium-heading\">El arte de la gesti\u00f3n de riesgos en el trading de divisas<\/h3>\r\n                <p>La gesti\u00f3n de riesgos es la piedra angular del \u00e9xito del trading de divisas. En esta publicaci\u00f3n, analizamos la importancia de las t\u00e9cnicas de gesti\u00f3n de riesgos, como establecer \u00f3rdenes de limitaci\u00f3n de p\u00e9rdidas, gestionar el apalancamiento y diversificar tu cartera.<\/p>\r\n              <\/div>\r\n            <\/div>\r\n          <\/div>\r\n        <\/div>\r\n      <\/div>\r\n      <div class=\"row\">\r\n        <div class=\"col-lg-6 mt-2\">\r\n          <div class=\"box fbox\">\r\n            <div class=\"row\">\r\n              <div class=\"col-md-5\">\r\n                <img decoding=\"async\" src=\"\/wp-content\/themes\/website-theme\/images\/blog-img-03.jpg\" class=\"img-fluid\" alt=\"...\">\r\n              <\/div>\r\n              <div class=\"col-md-7\">\r\n                <h3 class=\"medium-heading\">Indicadores econ\u00f3micos: desentra\u00f1ando las cifras clave<\/h3>\r\n                <p>Los indicadores econ\u00f3micos son fundamentales para comprender los movimientos del mercado. Esta publicaci\u00f3n explora indicadores econ\u00f3micos esenciales como el PIB, las tasas de desempleo y la inflaci\u00f3n.<\/p>\r\n              <\/div>\r\n            <\/div>\r\n          <\/div>\r\n        <\/div>\r\n      \r\n          <div class=\"col-lg-6 mt-2\">\r\n            <div class=\"box fbox\">\r\n              <div class=\"row\">\r\n                <div class=\"col-md-5\">\r\n                  <img decoding=\"async\" src=\"\/wp-content\/themes\/website-theme\/images\/blog-img-04.jpg\" class=\"img-fluid\" alt=\"...\">\r\n                <\/div>\r\n                <div class=\"col-md-7\">\r\n                  <h3 class=\"medium-heading\">Estrategias de negociaci\u00f3n de Forex para principiantes: una gu\u00eda paso a paso<\/h3>\r\n                  <p>Esta publicaci\u00f3n de blog puede desglosar los conceptos b\u00e1sicos del trading de divisas, incluido c\u00f3mo elegir un broker, configurar una cuenta comercial e implementar una estrategia comercial simple.<\/p>\r\n                <\/div>\r\n              <\/div>\r\n            <\/div>\r\n          <\/div>\r\n        <\/div>\r\n        \r\n  <\/div>\r\n <\/div>\r\n\r\n<\/div>\r\n\r\n","protected":false},"excerpt":{"rendered":"Mantente informado con las noticias y conocimientos de Forex de TNDMarket Tu fuente de inteligencia del mercado Forex Bienvenido a Noticias e informaci\u00f3n de TNDMarket, tu puerta de entrada para mantenerte bien informado sobre el din\u00e1mico mundo del trading de divisas. En esta secci\u00f3n, exploraremos la importancia de mantenerse al d\u00eda con las \u00faltimas noticias &hellip;","protected":false},"author":6,"featured_media":0,"parent":0,"menu_order":0,"comment_status":"closed","ping_status":"closed","template":"fullwidth-page.php","meta":{"footnotes":""},"class_list":["post-692","page","type-page","status-publish","hentry"],"_links":{"self":[{"href":"https:\/\/tndmarkets.com\/es\/wp-json\/wp\/v2\/pages\/692","targetHints":{"allow":["GET"]}}],"collection":[{"href":"https:\/\/tndmarkets.com\/es\/wp-json\/wp\/v2\/pages"}],"about":[{"href":"https:\/\/tndmarkets.com\/es\/wp-json\/wp\/v2\/types\/page"}],"author":[{"embeddable":true,"href":"https:\/\/tndmarkets.com\/es\/wp-json\/wp\/v2\/users\/6"}],"replies":[{"embeddable":true,"href":"https:\/\/tndmarkets.com\/es\/wp-json\/wp\/v2\/comments?post=692"}],"version-history":[{"count":4,"href":"https:\/\/tndmarkets.com\/es\/wp-json\/wp\/v2\/pages\/692\/revisions"}],"predecessor-version":[{"id":908,"href":"https:\/\/tndmarkets.com\/es\/wp-json\/wp\/v2\/pages\/692\/revisions\/908"}],"wp:attachment":[{"href":"https:\/\/tndmarkets.com\/es\/wp-json\/wp\/v2\/media?parent=692"}],"curies":[{"name":"wp","href":"https:\/\/api.w.org\/{rel}","templated":true}]}}