{"id":686,"date":"2023-10-20T05:46:43","date_gmt":"2023-10-20T05:46:43","guid":{"rendered":"http:\/\/staging.xmrmarkets.com\/platform\/"},"modified":"2024-01-18T06:33:16","modified_gmt":"2024-01-18T06:33:16","slug":"platform","status":"publish","type":"page","link":"https:\/\/tndmarkets.com\/es\/platform\/","title":{"rendered":"Plataforma"},"content":{"rendered":"<div class=\"innerpage-wrap trading-inner-page pt-0\">\r\n<div class=\"text-center pb-5 tip-middle\">\r\n<div class=\"container\">\r\n  <h2>Descubre el trading fluido con la plataforma de trading: plataformas m\u00f3viles y web<\/h2>\r\n  <p>En TNDMarket, nos dedicamos a brindarles a nuestros operadores las herramientas m\u00e1s vers\u00e1tiles y eficientes para navegar en los mercados financieros. La plataforma de operaciones, disponible tanto en dispositivos m\u00f3viles como en la web, es una soluci\u00f3n potente y f\u00e1cil de usar que te permite operar en tus propios t\u00e9rminos.<\/p>\r\n<\/div>\r\n<\/div>\r\n<div class=\"pt-5 pb-5\">\r\n  <div class=\"container\">\r\n    <div class=\"row\">\r\n   \r\n      <div class=\"col-md-6\">\r\n<h2 class=\"green-color\">Trading en el m\u00f3vil con plataforma de trading <\/h2>\r\n        <p><b>Opera en cualquier lugar y en cualquier momento<\/b><\/p>\r\n        <p>Con Trading Platform para dispositivos m\u00f3viles, puedes acceder a los mercados desde la palma de tu mano. Ya sea que est\u00e9s en movimiento o prefieras la comodidad del trading m\u00f3vil, Trading Platform te brinda la flexibilidad que necesita.\r\n          <\/p>\r\n        <h4 class=\"mt-4\">Caracter\u00edsticas clave:<\/h4>\r\n        <ul class=\"list\">\r\n          <li><b>Interfaz amigable:<\/b> Una interfaz intuitiva dise\u00f1ada para una navegaci\u00f3n perfecta.<\/li>\r\n          <li><b>Cotizaciones en tiempo real:<\/b> Accede a datos de mercado en tiempo real para tomar decisiones de trading informadas.<\/li>\r\n          <li><b>Gr\u00e1ficos personalizables:<\/b> Personaliza tus gr\u00e1ficos de trading con una variedad de indicadores t\u00e9cnicos y marcos temporales.<\/li>\r\n          <li><b>Alertas de trading:<\/b> Configura alertas de precios y notificaciones para no perder nunca una oportunidad.<\/li>\r\n          <li><b>Seguro e instant\u00e1neo:<\/b> Opera con confianza, sabiendo que tu cuenta est\u00e1 segura y la ejecuci\u00f3n es casi instant\u00e1nea.<\/li>\r\n        <\/ul>\r\n      <\/div>\r\n      <div class=\"col-md-6\">\r\n        <img decoding=\"async\" class=\"img-fluid\" src=\"\/wp-content\/themes\/website-theme\/images\/MT4-img-01.png\" alt=\"\">\r\n      <\/div>\r\n    <\/div>\r\n  <\/div>\r\n<\/div>\r\n\r\n  \r\n   <div class=\"tip-middle\">\r\n    <div class=\"container\">\r\n    <div class=\"row\">\r\n      <div class=\"col-lg-12\">\r\n       <h3>Comienza a operar a tu manera<\/h3>\r\n       <p>Ya seas un principiante o un operador experimentado, Trading Platform para dispositivos m\u00f3viles y web ofrece la versatilidad, seguridad y funciones que necesitas para tener \u00e9xito. Opera con tus activos favoritos, analia los mercados y aprovecha las oportunidades cuando te convenga.<\/p>\r\n       <p>\u00danete a TNDMarket hoy y experimente el poder de trading  Platform para operaciones m\u00f3viles y web. Es hora de tomar el control de tu viaje comercial.<\/p>\r\n      <\/div>\r\n    <\/div>\r\n  <\/div>\r\n  <\/div>\r\n  \r\n  <div class=\"tip-bottom\">\r\n    <div class=\"container\">\r\n    <div class=\"row\">\r\n      <div class=\"col-md-12\">\r\n        <h2 class=\"green-color\">Trading web con plataforma de trading <\/h2>\r\n       <h4>Opera directamente desde tu navegador<\/h4>\r\n      <p>Trading Platform para la web es perfecta para quienes prefieren una plataforma basada en navegador sin necesidad de descargas ni instalaciones. Ofrece las mismas funciones s\u00f3lidas que la versi\u00f3n de escritorio, accesible desde cualquier dispositivo con conexi\u00f3n a Internet.<\/p>\r\n      <\/div>\r\n      <div class=\"col-lg-5\">\r\n        <img decoding=\"async\" class=\"img-fluid mt-3 mb-3\" src=\"\/wp-content\/themes\/website-theme\/images\/MT4-img-02.png\" alt=\"\">\r\n        <\/div>\r\n    <div class=\"col-lg-7\">       \r\n      <h3>Caracter\u00edsticas clave:<\/h3>\r\n       <ul class=\"list\">\r\n        <li><b>No se requieren descargas:<\/b> Comienza a operar instant\u00e1neamente en tu navegador web.<\/li>\r\n        <li><b>Acceso completo a la cuenta:<\/b> Administra tu cuenta, realiza operaciones y revisa tu cartera desde cualquier computadora.<\/li>\r\n        <li><b>Gr\u00e1ficos completos:<\/b> Utiliza herramientas e indicadores de an\u00e1lisis t\u00e9cnico para un an\u00e1lisis de mercado en profundidad.<\/li>\r\n        <li><b>Trading seguro:<\/b> Disfrute de conexiones seguras y cifradas para operar sin preocupaciones.<\/li>\r\n        <li><b>Compatibilidad multidispositivo: <\/b> Accede a tu cuenta y opera en diferentes dispositivos con facilidad.<\/li>\r\n       <\/ul>\r\n     <\/div>    \r\n    <\/div>\r\n  <\/div>\r\n  <\/div>\r\n  \r\n \r\n <\/div>","protected":false},"excerpt":{"rendered":"Descubre el trading fluido con la plataforma de trading: plataformas m\u00f3viles y web En TNDMarket, nos dedicamos a brindarles a nuestros operadores las herramientas m\u00e1s vers\u00e1tiles y eficientes para navegar en los mercados financieros. La plataforma de operaciones, disponible tanto en dispositivos m\u00f3viles como en la web, es una soluci\u00f3n potente y f\u00e1cil de usar &hellip;","protected":false},"author":6,"featured_media":0,"parent":0,"menu_order":0,"comment_status":"closed","ping_status":"closed","template":"fullwidth-page.php","meta":{"footnotes":""},"class_list":["post-686","page","type-page","status-publish","hentry"],"_links":{"self":[{"href":"https:\/\/tndmarkets.com\/es\/wp-json\/wp\/v2\/pages\/686","targetHints":{"allow":["GET"]}}],"collection":[{"href":"https:\/\/tndmarkets.com\/es\/wp-json\/wp\/v2\/pages"}],"about":[{"href":"https:\/\/tndmarkets.com\/es\/wp-json\/wp\/v2\/types\/page"}],"author":[{"embeddable":true,"href":"https:\/\/tndmarkets.com\/es\/wp-json\/wp\/v2\/users\/6"}],"replies":[{"embeddable":true,"href":"https:\/\/tndmarkets.com\/es\/wp-json\/wp\/v2\/comments?post=686"}],"version-history":[{"count":6,"href":"https:\/\/tndmarkets.com\/es\/wp-json\/wp\/v2\/pages\/686\/revisions"}],"predecessor-version":[{"id":909,"href":"https:\/\/tndmarkets.com\/es\/wp-json\/wp\/v2\/pages\/686\/revisions\/909"}],"wp:attachment":[{"href":"https:\/\/tndmarkets.com\/es\/wp-json\/wp\/v2\/media?parent=686"}],"curies":[{"name":"wp","href":"https:\/\/api.w.org\/{rel}","templated":true}]}}