{"id":680,"date":"2023-10-20T06:18:43","date_gmt":"2023-10-20T06:18:43","guid":{"rendered":"http:\/\/staging.xmrmarkets.com\/ebooks\/"},"modified":"2024-02-16T07:25:42","modified_gmt":"2024-02-16T07:25:42","slug":"ebooks","status":"publish","type":"page","link":"https:\/\/tndmarkets.com\/es\/ebooks\/","title":{"rendered":"LIBROS ELECTR\u00d3NICOS"},"content":{"rendered":"<div class=\"innerpage-wrap about-us-page\">\r\n<div class=\"aboutus-top text-center\">\r\n<div class=\"container\">\r\n  <div class=\"row\">\r\n    <div class=\"col-md-12\">\r\n  <h2>Navegando en los mercados Forex con TNDMarket:<br>Tu gu\u00eda para el \u00e9xito en el trading de divisas<\/h2>\r\n  <p>Bienvenido al mundo del trading de divisas con TNDMarket. En este libro electr\u00f3nico, seremos tu br\u00fajula a trav\u00e9s del din\u00e1mico \u00e1mbito del cambio de divisas. Estamos aqu\u00ed para brindarte informaci\u00f3n, estrategias y herramientas esenciales necesarias para tomar decisiones informadas en el mercado financiero m\u00e1s grande y l\u00edquido del mundo.<\/p>\r\n<\/div>\r\n<\/div>\r\n<\/div>\r\n<\/div>\r\n\r\n<div class=\"aboutus-middle pb-0\">\r\n  <div class=\"container\">\r\n  <div class=\"row\">\r\n      <div class=\"col-lg-6 p-0\">\r\n    <div class=\"ab-green-box\">\r\n          <h2>Cap\u00edtulo 1:<span class=\"\">Comprender los mercados Forex<\/span><\/h2>\r\n          <h3>Descifrando el panorama monetario mundial<\/h3>\r\n      <p>Los mercados de divisas (forex) son donde se compran y venden divisas. Comprender la mec\u00e1nica del mercado de divisas es esencial para ser un operador exitoso. En este cap\u00edtulo, profundizaremos en los aspectos fundamentales del trading de divisas.<\/p>\r\n        <\/div>\r\n      <\/div>\r\n      <div class=\"col-lg-6 p-0\">\r\n        <img decoding=\"async\" src=\"\/wp-content\/themes\/website-theme\/images\/ebooks-img-01.jpg\" class=\"img-fluid\" alt=\"...\">\r\n      <\/div>\r\n    <\/div>\r\n    <div class=\"row mt-4 flex-row-reverse\">\r\n      <div class=\"col-lg-6 p-0\">\r\n    <div class=\"ab-green-box\">\r\n          <h2>Capitulo 2: <span class=\"\">Estrategias y an\u00e1lisis de operaciones de cambio<\/span><\/h2>\r\n          <h3>Navegando por el panorama Forex<\/h3>\r\n      <p>El trading de divisas consiste en comprender los movimientos del mercado y capitalizar los cambios de precios. Este cap\u00edtulo est\u00e1 dedicado a explorar diversas estrategias de trading y m\u00e9todos anal\u00edticos que pueden ayudarlo a convertirse en un operador de Forex exitoso.<\/p>\r\n        <\/div>\r\n      <\/div>\r\n      <div class=\"col-lg-6 p-0\">\r\n        <img decoding=\"async\" src=\"\/wp-content\/themes\/website-theme\/images\/ebooks-img-02.jpg\" class=\"img-fluid\" alt=\"...\">\r\n      <\/div>\r\n    <\/div>\r\n\r\n    <div class=\"row mt-4\">\r\n      <div class=\"col-lg-6 p-0\">\r\n    <div class=\"ab-green-box\">\r\n          <h2>Cap\u00edtulo 3: <span class=\"\"> Negociar en TNDMarket<\/span><\/h2>\r\n          <h3>Tu puerta de entrada al \u00e9xito en Forex<\/h3>\r\n      <p>TNDMarket te proporciona la plataforma y las herramientas para embarcarse en tu viaje en el trading de divisas. En este cap\u00edtulo, lo guiaremos a trav\u00e9s de las caracter\u00edsticas de nuestra plataforma, ayud\u00e1ndote a comprender c\u00f3mo operar con pares de divisas mayores y menores, acceder a datos en tiempo real y ejecutar operaciones de manera eficiente.<\/p>\r\n        <\/div>\r\n      <\/div>\r\n      <div class=\"col-lg-6 p-0\">\r\n        <img decoding=\"async\" src=\"\/wp-content\/themes\/website-theme\/images\/ebooks-img-03.jpg\" class=\"img-fluid\" alt=\"...\">\r\n      <\/div>\r\n    <\/div>\r\n    <div class=\"row mt-4 flex-row-reverse\">\r\n      <div class=\"col-lg-6 p-0\">\r\n    <div class=\"ab-green-box\">\r\n          <h2>Cap\u00edtulo 4: <span class=\"\">Recursos y soporte<\/span><\/h2>\r\n          <h3>Tu socio en el trading de divisas<\/h3>\r\n      <p>En TNDMarket, somos m\u00e1s que una simple plataforma comercial; Somos tu socio en tus esfuerzos de compraventa de divisas. Este cap\u00edtulo te presenta los recursos y el soporte disponibles, incluidos materiales educativos, herramientas de an\u00e1lisis t\u00e9cnico y un equipo de soporte al cliente receptivo. Estamos aqu\u00ed para ayudarte en tu camino hacia el \u00e9xito en el mercado de divisas.<\/p>\r\n        <\/div>\r\n      <\/div>\r\n      <div class=\"col-lg-6 p-0\">\r\n        <img decoding=\"async\" src=\"\/wp-content\/themes\/website-theme\/images\/ebooks-img-04.jpg\" class=\"img-fluid\" alt=\"...\">\r\n      <\/div>\r\n    <\/div>\r\n\r\n\r\n    <\/div>\r\n    <\/div>\r\n\r\n  \r\n \r\n <\/div>","protected":false},"excerpt":{"rendered":"Navegando en los mercados Forex con TNDMarket:Tu gu\u00eda para el \u00e9xito en el trading de divisas Bienvenido al mundo del trading de divisas con TNDMarket. En este libro electr\u00f3nico, seremos tu br\u00fajula a trav\u00e9s del din\u00e1mico \u00e1mbito del cambio de divisas. Estamos aqu\u00ed para brindarte informaci\u00f3n, estrategias y herramientas esenciales necesarias para tomar decisiones informadas &hellip;","protected":false},"author":6,"featured_media":0,"parent":0,"menu_order":0,"comment_status":"closed","ping_status":"closed","template":"fullwidth-page.php","meta":{"footnotes":""},"class_list":["post-680","page","type-page","status-publish","hentry"],"_links":{"self":[{"href":"https:\/\/tndmarkets.com\/es\/wp-json\/wp\/v2\/pages\/680","targetHints":{"allow":["GET"]}}],"collection":[{"href":"https:\/\/tndmarkets.com\/es\/wp-json\/wp\/v2\/pages"}],"about":[{"href":"https:\/\/tndmarkets.com\/es\/wp-json\/wp\/v2\/types\/page"}],"author":[{"embeddable":true,"href":"https:\/\/tndmarkets.com\/es\/wp-json\/wp\/v2\/users\/6"}],"replies":[{"embeddable":true,"href":"https:\/\/tndmarkets.com\/es\/wp-json\/wp\/v2\/comments?post=680"}],"version-history":[{"count":5,"href":"https:\/\/tndmarkets.com\/es\/wp-json\/wp\/v2\/pages\/680\/revisions"}],"predecessor-version":[{"id":1101,"href":"https:\/\/tndmarkets.com\/es\/wp-json\/wp\/v2\/pages\/680\/revisions\/1101"}],"wp:attachment":[{"href":"https:\/\/tndmarkets.com\/es\/wp-json\/wp\/v2\/media?parent=680"}],"curies":[{"name":"wp","href":"https:\/\/api.w.org\/{rel}","templated":true}]}}