{"id":677,"date":"2023-10-19T12:46:04","date_gmt":"2023-10-19T12:46:04","guid":{"rendered":"http:\/\/staging.xmrmarkets.com\/cryptocurrencies\/"},"modified":"2024-01-03T09:02:56","modified_gmt":"2024-01-03T09:02:56","slug":"cryptocurrencies","status":"publish","type":"page","link":"https:\/\/tndmarkets.com\/es\/cryptocurrencies\/","title":{"rendered":"Criptomonedas"},"content":{"rendered":"<div class=\"innerpage-wrap trading-inner-page\">\r\n\r\n  <div class=\"tip-top\">\r\n   <div class=\"container\">\r\n    <div class=\"row\">\r\n      <div class=\"col-lg-6\">\r\n        <h2>Descubre un mundo de criptomonedas CFD en TNDMarket<\/h2>\r\n         <p>En TNDMarket, creemos en brindar a nuestros clientes acceso a CFD sobre criptomonedas para satisfacer todas las estrategias de trading y preferencias de inversi\u00f3n. Nuestra plataforma ofrece una selecci\u00f3n diversa de activos digitales, lo que garantiza que tengas la flexibilidad de explorar el apasionante mundo de los CFD sobre el trading de criptomonedas.<\/p>\r\n      <\/div>\r\n    <div class=\"col-lg-6\">\r\n      <img decoding=\"async\" class=\"img-fluid\" src=\"\/wp-content\/themes\/website-theme\/images\/crypto-img-01.jpg\" alt=\"\">\r\n      <\/div>\r\n    <\/div>\r\n  <\/div>\r\n  <\/div>\r\n  \r\n   <div class=\"tip-middle\">\r\n    <div class=\"container\">\r\n    <div class=\"row\">    \r\n      <div class=\"col-lg-12\">\r\n        <h3>Operar con CFD sobre criptomonedas con TNDMarket<\/h3>\r\n        <p>En TNDMarket, ofrecemos una excelente oportunidad para operar con CFD sobre criptomonedas, agregando una nueva dimensi\u00f3n a tu cartera de operaciones.<\/p>\r\n    <\/div>    \r\n    <div class=\"col-lg-3\">\r\n       <div class=\"tip-middle-box\">\r\n         <h3>Opciones diversas<\/h3>\r\n          <p>Los CFD sobre criptomonedas brindan acceso a Bitcoin y Ethereum<\/p>\r\n     <\/div>\r\n    <\/div>    \r\n    <div class=\"col-lg-3\">\r\n     <div class=\"tip-middle-box\">       \r\n        <h3>Flexibilidad<\/h3>\r\n          <p>El trading de CFD te permite beneficiarse tanto del aumento como de la ca\u00edda de los precios de las criptomonedas. Puedes abrir posiciones tanto largas (compra) como cortas (venta), aprovechando la volatilidad del mercado.<\/p>\r\n      <\/div>\r\n    <\/div>\r\n    <div class=\"col-lg-3\">\r\n      <div class=\"tip-middle-box\">        \r\n         <h3>Apalancamiento<\/h3>\r\n           <p>Esto puede generar mayores ganancias; es fundamental recordar que tambi\u00e9n conlleva mayores riesgos, por lo que debe usarse con precauci\u00f3n.<\/p>\r\n       <\/div>\r\n     <\/div>\r\n     <div class=\"col-lg-3\">\r\n      <div class=\"tip-middle-box\">        \r\n         <h3>Gesti\u00f3n de riesgos<\/h3>\r\n           <p>Nuestra plataforma proporciona herramientas de gesti\u00f3n de riesgos, incluidas \u00f3rdenes de limitaci\u00f3n de p\u00e9rdidas, para ayudar a proteger tu capital y gestionar tu exposici\u00f3n al riesgo de forma eficaz.<\/p>\r\n       <\/div>\r\n     <\/div>    \r\n    <\/div>\r\n  <\/div>\r\n  <\/div>\r\n  \r\n  <div class=\"tip-bottom\">\r\n    <div class=\"container\">\r\n    <div class=\"row\">\r\n       <div class=\"col-lg-7\">\r\n         <h2>Operar con CFD sobre criptomonedas: una gu\u00eda completa<\/h2>\r\n     <p>Las criptomonedas han revolucionado el panorama financiero y negociarlas a trav\u00e9s de CFD ha abierto nuevas v\u00edas para inversores y traders. Los CFD ofrecen una forma flexible de especular sobre los movimientos de precios de las criptomonedas sin poseer realmente los activos subyacentes. En esta gu\u00eda, profundizaremos en el mundo de los CFD sobre criptomonedas, explicaremos qu\u00e9 son y brindaremos informaci\u00f3n sobre c\u00f3mo operar con ellas de manera efectiva.\r\n<\/p>\r\n     <h2 class=\"mt-4\">\u00bfQu\u00e9 son los CFD sobre criptomonedas?<\/h2>\r\n     <p>El contrato por diferencia (CFD) es un derivado financiero que permite a los operadores especular sobre los movimientos de precios de las criptomonedas sin poseer las monedas reales. Al operar con CFD sobre criptomonedas, b\u00e1sicamente est\u00e1s celebrando un contrato con un broker para intercambiar la diferencia en el precio de la criptomoneda entre el momento en que abres y cierras tu posici\u00f3n.<\/p>\r\n   <\/div>   \r\n    <div class=\"col-lg-5\">\r\n      <img decoding=\"async\" class=\"img-fluid\" src=\"\/wp-content\/themes\/website-theme\/images\/crypto-img-02.png\" alt=\"\">\r\n      <\/div>\r\n    <\/div>\r\n  <\/div>\r\n  <\/div>\r\n  \r\n \r\n <\/div>","protected":false},"excerpt":{"rendered":"Descubre un mundo de criptomonedas CFD en TNDMarket En TNDMarket, creemos en brindar a nuestros clientes acceso a CFD sobre criptomonedas para satisfacer todas las estrategias de trading y preferencias de inversi\u00f3n. Nuestra plataforma ofrece una selecci\u00f3n diversa de activos digitales, lo que garantiza que tengas la flexibilidad de explorar el apasionante mundo de los &hellip;","protected":false},"author":6,"featured_media":0,"parent":0,"menu_order":0,"comment_status":"closed","ping_status":"closed","template":"fullwidth-page.php","meta":{"footnotes":""},"class_list":["post-677","page","type-page","status-publish","hentry"],"_links":{"self":[{"href":"https:\/\/tndmarkets.com\/es\/wp-json\/wp\/v2\/pages\/677","targetHints":{"allow":["GET"]}}],"collection":[{"href":"https:\/\/tndmarkets.com\/es\/wp-json\/wp\/v2\/pages"}],"about":[{"href":"https:\/\/tndmarkets.com\/es\/wp-json\/wp\/v2\/types\/page"}],"author":[{"embeddable":true,"href":"https:\/\/tndmarkets.com\/es\/wp-json\/wp\/v2\/users\/6"}],"replies":[{"embeddable":true,"href":"https:\/\/tndmarkets.com\/es\/wp-json\/wp\/v2\/comments?post=677"}],"version-history":[{"count":4,"href":"https:\/\/tndmarkets.com\/es\/wp-json\/wp\/v2\/pages\/677\/revisions"}],"predecessor-version":[{"id":902,"href":"https:\/\/tndmarkets.com\/es\/wp-json\/wp\/v2\/pages\/677\/revisions\/902"}],"wp:attachment":[{"href":"https:\/\/tndmarkets.com\/es\/wp-json\/wp\/v2\/media?parent=677"}],"curies":[{"name":"wp","href":"https:\/\/api.w.org\/{rel}","templated":true}]}}