{"id":674,"date":"2023-06-14T14:04:25","date_gmt":"2023-06-14T14:04:25","guid":{"rendered":"http:\/\/staging.xmrmarkets.com\/contact-us\/"},"modified":"2024-01-03T10:18:40","modified_gmt":"2024-01-03T10:18:40","slug":"contact-us","status":"publish","type":"page","link":"https:\/\/tndmarkets.com\/es\/contact-us\/","title":{"rendered":"Contacto"},"content":{"rendered":"<div class=\"innerpage-wrap contact-page\">\r\n  <div class=\"container\">\r\n  <div class=\"contact-page-wrap\">\r\n    <div class=\"row\">\r\n\t\r\n      <div class=\"col-lg-12 col-md-12\">\r\n         <div class=\"contact-left\">\r\n\t\t    <div class=\"contact-left-content\">\r\n               <h3>Estamos aqu\u00ed..<\/h3>\r\n               <p><span class=\"icon address\"><\/span><strong>DIRECCI\u00d3N :<\/strong> Hamchaku, Mutsamudu, Autonomes Island of Anjouan, Union of Comoros<\/p>\r\n               <!--<p><span class=\"icon phone\"><\/span><strong>Phone No :<\/strong> +91 000 000 000<\/p>-->\r\n               <p><span class=\"icon email\"><\/span><strong>Correo electr\u00f3nico :<\/strong> suppport@tndmarket.com<\/p>\r\n\t\t\t<\/div>\r\n\t\t\t<!-- <div class=\"contact-left-img\">\r\n\t\t\t   <img decoding=\"async\" src=\"\/wp-content\/themes\/website-theme\/images\/map-img.jpg\" alt=\"\" class=\"img-fluid\"> \r\n            <\/div> -->         \r\n         <\/div>           \r\n      <\/div>\r\n\t  \r\n    <!-- <div class=\"col-lg-6 col-md-12\">\r\n         <div class=\"contact-right\">\r\n            <h3>Start Trading<\/h3>\r\n            <form>\r\n\t\t\t  <div class=\"form-group position-relative\">\r\n\t\t\t\t<input class=\"form-control\" name=\"co_name\" type=\"text\" placeholder=\"First Name\" data-validation=\"required\" data-validation-error-msg=\"Please provide above details\">\r\n\t\t\t  <\/div>\r\n\t\t\t  <div class=\"form-group position-relative\">\r\n\t\t\t\t<input class=\"form-control\" name=\"co_name\" type=\"text\" placeholder=\"Last Name\" data-validation=\"required\" data-validation-error-msg=\"Please provide above details\">\r\n\t\t\t  <\/div>\r\n\t\t\t  <div class=\"form-group position-relative\">\r\n\t\t\t\t<input class=\"form-control\" name=\"co_email\" type=\"email\" placeholder=\"Email\" data-validation=\"custom\" data-validation-regexp=\"^([a-zA-Z0-9_.+-])+\\@(([a-zA-Z0-9-])+\\.)+([a-zA-Z0-9]{2,4})+$\" data-validation-error-msg=\"Please provide above details\">\r\n\t\t\t  <\/div>\r\n\t\t\t  <div class=\"form-group position-relative\">\r\n\t\t\t\t<select class=\"form-control form-select\" name=\"co_country\" id=\"real-country\" onchange=\"change(this.value)\" data-validation=\"required\" data-validation-error-msg=\"Please provide above details\">\r\n\t\t\t\t  <option value=\"IN\">India<\/option>\r\n\t\t\t\t<\/select>\r\n\t\t\t  <\/div>\r\n\t\t\t  <div class=\"form-group position-relative\">\r\n\t\t\t     <input type=\"text\" class=\"form-control code country-code\" name=\"country_code_cont\" readonly=\"\" value=\"+91\" id=\"real-countrycode-contact\">\r\n\t\t\t\t <input class=\"form-control ph-number\" name=\"co_phone\" type=\"number\" placeholder=\"0000 0000 00\" data-validation=\"number\" data-validation-error-msg=\"Please provide above details\">\r\n\t\t\t  <\/div>\r\n\t\t\t  <div class=\"form-group mb-4 position-relative\">\r\n\t\t\t\t <input class=\"form-control\" name=\"\" type=\"text\" placeholder=\"Password\" data-validation=\"required\">\r\n\t\t\t  <\/div>\r\n\t\t\t  <button type=\"submit\" name=\"co_submit\" class=\"common-btn\">Submit<\/button>\r\n            <\/form>\r\n        <\/div>   \r\n      <\/div>-->\r\n\t  \r\n    <\/div>\r\n    <\/div>\r\n  <\/div>\r\n<\/div>","protected":false},"excerpt":{"rendered":"Estamos aqu\u00ed.. DIRECCI\u00d3N : Hamchaku, Mutsamudu, Autonomes Island of Anjouan, Union of Comoros Correo electr\u00f3nico : suppport@tndmarket.com","protected":false},"author":6,"featured_media":0,"parent":0,"menu_order":0,"comment_status":"closed","ping_status":"closed","template":"fullwidth-page.php","meta":{"footnotes":""},"class_list":["post-674","page","type-page","status-publish","hentry"],"_links":{"self":[{"href":"https:\/\/tndmarkets.com\/es\/wp-json\/wp\/v2\/pages\/674","targetHints":{"allow":["GET"]}}],"collection":[{"href":"https:\/\/tndmarkets.com\/es\/wp-json\/wp\/v2\/pages"}],"about":[{"href":"https:\/\/tndmarkets.com\/es\/wp-json\/wp\/v2\/types\/page"}],"author":[{"embeddable":true,"href":"https:\/\/tndmarkets.com\/es\/wp-json\/wp\/v2\/users\/6"}],"replies":[{"embeddable":true,"href":"https:\/\/tndmarkets.com\/es\/wp-json\/wp\/v2\/comments?post=674"}],"version-history":[{"count":3,"href":"https:\/\/tndmarkets.com\/es\/wp-json\/wp\/v2\/pages\/674\/revisions"}],"predecessor-version":[{"id":916,"href":"https:\/\/tndmarkets.com\/es\/wp-json\/wp\/v2\/pages\/674\/revisions\/916"}],"wp:attachment":[{"href":"https:\/\/tndmarkets.com\/es\/wp-json\/wp\/v2\/media?parent=674"}],"curies":[{"name":"wp","href":"https:\/\/api.w.org\/{rel}","templated":true}]}}