{"id":671,"date":"2023-06-13T14:26:05","date_gmt":"2023-06-13T14:26:05","guid":{"rendered":"http:\/\/staging.xmrmarkets.com\/commodities\/"},"modified":"2024-01-03T09:14:32","modified_gmt":"2024-01-03T09:14:32","slug":"commodities","status":"publish","type":"page","link":"https:\/\/tndmarkets.com\/es\/commodities\/","title":{"rendered":"Materias primas"},"content":{"rendered":"<div class=\"innerpage-wrap trading-inner-page\">\r\n\r\n <div class=\"tip-top\">\r\n  <div class=\"container\">\r\n   <div class=\"row\">\r\n     <div class=\"col-lg-5\">\r\n<h3>Cultivar la riqueza: explorar la din\u00e1mica de los mercados de materias primas y el papel de los CFD<\/h3>\r\n       <p>El t\u00e9rmino \u201cmater\u00eda prima\u201d se refiere a los recursos naturales que se derivan de la naturaleza. Estos se utilizan principalmente como materia prima para otros productos. En este sentido, las materias primas son recursos que eventualmente se consumen, por ejemplo el petr\u00f3leo o el oro. Cada mercado de productos b\u00e1sicos tendr\u00e1 tus ciclos particulares, determinados por la oferta y la demanda.<\/p>\r\n     <\/div>\r\n   <div class=\"col-lg-7\">\r\n     <img decoding=\"async\" class=\"img-fluid\" src=\"\/wp-content\/themes\/website-theme\/images\/comm-img-01.jpg\" alt=\"\">\r\n     <\/div>\r\n   <\/div>\r\n <\/div>\r\n <\/div>\r\n \r\n  <div class=\"tip-middle\">\r\n   <div class=\"container\">\r\n   <div class=\"row\">\r\n     <div class=\"col-lg-12\">\r\n      <h3>\u00bfPor qu\u00e9 tradear materias primas con nosotros?<\/h3>\r\n      <p>El mercado de materias primas est\u00e1 lleno de interesantes oportunidades de trading. Al abarcar docenas de activos populares, desde az\u00facar y caf\u00e9 hasta petr\u00f3leo y gas, el trading de materias primas se convierte en un \u00e1mbito \u00fanico para la diversificaci\u00f3n de la cartera de tu operador.<\/p>\r\n    <p>Utiliza aqu\u00ed tus oportunidades de negociaci\u00f3n de CFD, ya que no necesitas involucrarse en el mercado en s\u00ed.<\/p>\r\n     <\/div>\r\n   <\/div>\r\n <\/div>\r\n <\/div>\r\n \r\n <div class=\"tip-bottom\">\r\n   <div class=\"container\">\r\n   <div class=\"row\">\r\n     <div class=\"col-lg-5\">\r\n     <img decoding=\"async\" class=\"img-fluid mb-3\" src=\"\/wp-content\/themes\/website-theme\/images\/comm-img-02.png\" alt=\"\">\r\n     <\/div>\r\n   <div class=\"col-lg-7\">\r\n      <h3>\u00bfQU\u00c9 SON LOS CONTRATOS POR DIFERENCIA?<\/h3>\r\n      <p>Antes de profundizar m\u00e1s en las materias primas y otras clases de activos de CFD, es importante explicar qu\u00e9 son los CFD. Los contratos por diferencias (CFD) son productos derivados que te permiten operar seg\u00fan el movimiento de precios de los activos financieros subyacentes (como las materias primas).<\/p>\r\n      <p>Un CFD es un acuerdo para intercambiar la diferencia en el valor de un activo desde el momento en que se abre el contrato hasta el momento en que se cierra. Lo que es importante comprender es que cuando opera con un CFD, t\u00fa nunca eres propietario del activo o instrumento que ha elegido operar, pero aun as\u00ed puedes beneficiarte si el mercado se mueve a tu favor, o sufrir p\u00e9rdidas si el mercado se mueve en tu contra.<\/p>\r\n      <p>En nuestras plataformas, puedes operar con CFD sobre las materias primas m\u00e1s populares del mundo. Los m\u00e1s comunes son el oro y el petr\u00f3leo, y estos dos tienen una cosa muy importante en com\u00fan: en alg\u00fan momento de la historia, la gente seleccion\u00f3 un peso y una moneda espec\u00edficos con los que se comercializar\u00edan.<\/p>\r\n    <\/div>\r\n   <\/div>\r\n <\/div>\r\n <\/div>\r\n \r\n\r\n<\/div>\r\n","protected":false},"excerpt":{"rendered":"Cultivar la riqueza: explorar la din\u00e1mica de los mercados de materias primas y el papel de los CFD El t\u00e9rmino \u201cmater\u00eda prima\u201d se refiere a los recursos naturales que se derivan de la naturaleza. Estos se utilizan principalmente como materia prima para otros productos. En este sentido, las materias primas son recursos que eventualmente se &hellip;","protected":false},"author":6,"featured_media":0,"parent":0,"menu_order":0,"comment_status":"closed","ping_status":"closed","template":"fullwidth-page.php","meta":{"footnotes":""},"class_list":["post-671","page","type-page","status-publish","hentry"],"_links":{"self":[{"href":"https:\/\/tndmarkets.com\/es\/wp-json\/wp\/v2\/pages\/671","targetHints":{"allow":["GET"]}}],"collection":[{"href":"https:\/\/tndmarkets.com\/es\/wp-json\/wp\/v2\/pages"}],"about":[{"href":"https:\/\/tndmarkets.com\/es\/wp-json\/wp\/v2\/types\/page"}],"author":[{"embeddable":true,"href":"https:\/\/tndmarkets.com\/es\/wp-json\/wp\/v2\/users\/6"}],"replies":[{"embeddable":true,"href":"https:\/\/tndmarkets.com\/es\/wp-json\/wp\/v2\/comments?post=671"}],"version-history":[{"count":3,"href":"https:\/\/tndmarkets.com\/es\/wp-json\/wp\/v2\/pages\/671\/revisions"}],"predecessor-version":[{"id":786,"href":"https:\/\/tndmarkets.com\/es\/wp-json\/wp\/v2\/pages\/671\/revisions\/786"}],"wp:attachment":[{"href":"https:\/\/tndmarkets.com\/es\/wp-json\/wp\/v2\/media?parent=671"}],"curies":[{"name":"wp","href":"https:\/\/api.w.org\/{rel}","templated":true}]}}