{"id":665,"date":"2023-06-14T12:16:17","date_gmt":"2023-06-14T12:16:17","guid":{"rendered":"http:\/\/staging.xmrmarkets.com\/account-types\/"},"modified":"2023-11-20T04:46:11","modified_gmt":"2023-11-20T04:46:11","slug":"account-types","status":"publish","type":"page","link":"https:\/\/tndmarkets.com\/es\/account-types\/","title":{"rendered":"Tipos de cuenta"},"content":{"rendered":"<div class=\"innerpage-wrap Account-pg\">\r\n  <div class=\"container\">\r\n  <div class=\"row\">\r\n    <div class=\"acc-type\">\r\n      <div class=\"account-wrapp\">\r\n        <ul class=\"accnt-list list-group-right border-list\">\r\n         \r\n          <li class=\"inner-list-item\">Actualizaciones<\/li>\r\n          <li class=\"inner-list-item\">Loyalty Points<\/li>\r\n          <li class=\"inner-list-item\">Access<\/li>\r\n          <li class=\"inner-list-item\">Leverage<\/li>\r\n          <li class=\"inner-list-item\">Spread<\/li>\r\n          <li class=\"inner-list-item\">Cr\u00e9dito de la empresa seg\u00fan TyC<\/li>\r\n          <li class=\"inner-list-item\">Acceso al seminario web semanal<\/li>\r\n          <li class=\"inner-list-item\">Acceso al seminario web diario + libro electr\u00f3nico<\/li>\r\n          <li class=\"inner-list-item\">Full Academy + Formaci\u00f3n de analistas<\/li>\r\n          <li class=\"inner-list-item\">Full Academy + Sesiones de analistas bajo demanda<\/li>\r\n          <li class=\"inner-list-item\">Full Academy Pro + Analista personal dedicado<\/li>\r\n          <li class=\"inner-list-item\">Actualiza tu cuenta en<\/li>\r\n    <\/ul>\r\n      <\/div>\r\n    <\/div>\r\n    <div class=\"acc-type\">\r\n      <div class=\"account-wrapp\">\r\n        <ul class=\"accnt-list list-group-right border-list\">\r\n          <li class=\"inner-list-item\">\r\n            <div class=\"gradient-box\">\r\n            <div class=\"title-box\">\r\n              <span>CUENTA VERDE<\/span>\r\n            <\/div>\r\n            <\/div>\r\n            <div class=\"pack\">$5,000<\/div>\r\n          <\/li>\r\n          <li class=\"inner-list-item\"><span class=\"mobile-ver\">Actualizaciones<\/span>Actualizaciones y rese\u00f1as diarias del mercado<\/li>\r\n          <li class=\"inner-list-item\"><span class=\"mobile-ver\">Puntos de lealtad<\/span>&#8211;<\/li>\r\n          <li class=\"inner-list-item\"><span class=\"mobile-ver\">Acceso<\/span>Experto en trading<\/li>\r\n          <li class=\"inner-list-item\"><span class=\"mobile-ver\">Apalancamiento<\/span>200<\/li>\r\n          <li class=\"inner-list-item\"><span class=\"mobile-ver\">Margen<\/span>2.5 \u2013 3<\/li>\r\n          <li class=\"inner-list-item\"><span class=\"mobile-ver\">Cr\u00e9dito de la empresa seg\u00fan TyC<\/span>Hasta 25%<\/li>\r\n          <li class=\"inner-list-item\"><span class=\"mobile-ver\">Acceso al seminario web semanal<\/span><span class=\"icon check\"><\/span><\/li>\r\n          <li class=\"inner-list-item\"><span class=\"mobile-ver\">Acceso al seminario web diario + libro electr\u00f3nico<\/span>&#8211;<\/li>\r\n          <li class=\"inner-list-item\"><span class=\"mobile-ver\">Full Academy + Formaci\u00f3n de analistas<\/span>&#8211;<\/li>\r\n          <li class=\"inner-list-item\"><span class=\"mobile-ver\">Full Academy + Sesiones de analistas bajo demanda<\/span>&#8211;<\/li>\r\n          <li class=\"inner-list-item\"><span class=\"mobile-ver\">Full Academy Pro + Analista personal dedicado<\/span>Full Academy Pro + Analista personal dedicado<\/li>\r\n          <li class=\"inner-list-item\"><span class=\"mobile-ver\">Actualiza tu cuenta en<\/span>Actualiza a Premium con una facturaci\u00f3n de 25 millones<\/li>\r\n    <\/ul>\r\n      <\/div>\r\n    <\/div>\r\n\r\n    <div class=\"acc-type\">\r\n      <div class=\"account-wrapp\">\r\n        <ul class=\"accnt-list list-group-right border-list\">\r\n          <li class=\"inner-list-item gradient-box\">\r\n           <div class=\"gradient-box\">\r\n            <div class=\"title-box\">\r\n      <span>CUENTA PRIVILEGIADA<\/span>\r\n            <\/div>\r\n            <\/div>\r\n            <div class=\"pack\">$15,000<\/div>\r\n          <\/li>\r\n          <li class=\"inner-list-item\"><span class=\"mobile-ver\">Actualizaciones<\/span>Recomendaciones de trading semanales<\/li>\r\n          <li class=\"inner-list-item\"><span class=\"mobile-ver\">Puntos de lealtad<\/span>&#8211;<\/li>\r\n          <li class=\"inner-list-item\"><span class=\"mobile-ver\">Acceso<\/span>Trade Expert<\/li>\r\n          <li class=\"inner-list-item\"><span class=\"mobile-ver\">Apalancamiento<\/span>200<\/li>\r\n          <li class=\"inner-list-item\"><span class=\"mobile-ver\">Margen<\/span>2 \u2013 2.5<\/li>\r\n          <li class=\"inner-list-item\"><span class=\"mobile-ver\">Cr\u00e9dito de la empresa seg\u00fan TyC<\/span>Hasta 25%<\/li>\r\n          <li class=\"inner-list-item\"><span class=\"mobile-ver\">Acceso al seminario web semanal<\/span><span class=\"icon check\"><\/span><\/li>\r\n          <li class=\"inner-list-item\"><span class=\"mobile-ver\">Acceso al seminario web diario + libro electr\u00f3nico<\/span><span class=\"icon check\"><\/span><\/li>\r\n          <li class=\"inner-list-item\"><span class=\"mobile-ver\">Full Academy + Formaci\u00f3n de analistas<\/span>&#8211;<\/li>\r\n          <li class=\"inner-list-item\"><span class=\"mobile-ver\">Full Academy + Sesiones de analistas bajo demanda<\/span>&#8211;<\/li>\r\n          <li class=\"inner-list-item\"><span class=\"mobile-ver\">Full Academy Pro + Analista personal dedicado<\/span>Full Academy Pro + Analista personal dedicado<\/li>\r\n          <li class=\"inner-list-item\"><span class=\"mobile-ver\">Actualiza tu cuenta en<\/span>Upgrade To Premium at 75M Turnover<\/li>\r\n        <\/ul>\r\n      <\/div>\r\n    <\/div>\r\n  \r\n    <div class=\"acc-type\">\r\n      <div class=\"account-wrapp\">\r\n        <ul class=\"accnt-list list-group-right border-list\">\r\n          <li class=\"inner-list-item gradient-box\">\r\n            <div class=\"gradient-box\">\r\n             <div class=\"title-box\">\r\n              <span>CUENTA PLATINO<\/span>\r\n             <\/div>\r\n            <\/div>\r\n            <div class=\"pack\">$50,000<\/div>\r\n          <\/li>\r\n          <li class=\"inner-list-item\"><span class=\"mobile-ver\">Actualizaciones<\/span>Recomendaciones de trading  diarias<\/li>\r\n          <li class=\"inner-list-item\"><span class=\"mobile-ver\">Puntos de lealtad<\/span>\r\n            <div class=\"d-flex align-items-center\">\r\n            <span class=\"icon check\"><\/span>x1.3\r\n            <\/div>\r\n          <\/li>\r\n          <li class=\"inner-list-item\"><span class=\"mobile-ver\">Acceso<\/span>Experto en trading premium<\/li>\r\n          <li class=\"inner-list-item\"><span class=\"mobile-ver\">Apalancamiento<\/span>200<\/li>\r\n          <li class=\"inner-list-item\"><span class=\"mobile-ver\">Margen<\/span>1.5 \u2013 2<\/li>\r\n          <li class=\"inner-list-item\"><span class=\"mobile-ver\">Cr\u00e9dito de la empresa seg\u00fan TyC<\/span>Hasta 25%<\/li>\r\n          <li class=\"inner-list-item\"><span class=\"mobile-ver\">Acceso al seminario web semanal<\/span><span class=\"icon check\"><\/span><\/li>\r\n          <li class=\"inner-list-item\"><span class=\"mobile-ver\">Acceso al seminario web diario + libro electr\u00f3nico<\/span><span class=\"icon check\"><\/span><\/li>\r\n          <li class=\"inner-list-item\"><span class=\"mobile-ver\">Full Academy + Formaci\u00f3n de analistas<\/span><span class=\"icon check\"><\/span><\/li>\r\n          <li class=\"inner-list-item\"><span class=\"mobile-ver\">Full Academy + Sesiones de analistas bajo demanda<\/span>&#8211;<\/li>\r\n          <li class=\"inner-list-item\"><span class=\"mobile-ver\">Full Academy Pro + Analista personal dedicado<\/span>Full Academy Pro + Analista personal dedicado<\/li>\r\n          <li class=\"inner-list-item\"><span class=\"mobile-ver\">Actualiza tu cuenta en<\/span>Actualiza a Premium con una facturaci\u00f3n de 100 millones<\/li>\r\n        <\/ul>\r\n      <\/div>\r\n    <\/div>\r\n  \r\n   <div class=\"acc-type\">\r\n      <div class=\"account-wrapp\">\r\n        <ul class=\"accnt-list list-group-right border-list\">\r\n          <li class=\"inner-list-item gradient-box\">\r\n            <div class=\"gradient-box\">\r\n            <div class=\"title-box\">\r\n              <span>CUENTA EJECUTIVA<\/span>\r\n            <\/div>\r\n            <\/div>\r\n            <div class=\"pack\">$100,000<\/div>\r\n          <\/li>\r\n          <li class=\"inner-list-item\"><span class=\"mobile-ver\">Actualizaciones<\/span>Recomendaciones de trading  por hora<\/li>\r\n          <li class=\"inner-list-item\"><span class=\"mobile-ver\">Puntos de lealtad<\/span>\r\n            <div class=\"d-flex align-items-center\">\r\n              <span class=\"icon check\"><\/span>x1.3\r\n              <\/div>\r\n          <\/li>\r\n          <li class=\"inner-list-item\"><span class=\"mobile-ver\">Acceso<\/span>Equipo de expertos en trading especializado<\/li>\r\n          <li class=\"inner-list-item\"><span class=\"mobile-ver\">Apalancamiento<\/span>200<\/li>\r\n          <li class=\"inner-list-item\"><span class=\"mobile-ver\">Margen<\/span>1 \u2013 1.5<\/li>\r\n          <li class=\"inner-list-item\"><span class=\"mobile-ver\">Cr\u00e9dito de la empresa seg\u00fan TyC<\/span>Hasta 25%<\/li>\r\n          <li class=\"inner-list-item\"><span class=\"mobile-ver\">Acceso al seminario web semanal<\/span><span class=\"icon check\"><\/span><\/li>\r\n          <li class=\"inner-list-item\"><span class=\"mobile-ver\">Acceso al seminario web diario + libro electr\u00f3nico<\/span><span class=\"icon check\"><\/span><\/li>\r\n          <li class=\"inner-list-item\"><span class=\"mobile-ver\">Full Academy + Formaci\u00f3n de analistas<\/span><span class=\"icon check\"><\/span><\/li>\r\n          <li class=\"inner-list-item\"><span class=\"mobile-ver\">Full Academy + Sesiones de analistas bajo demanda<\/span><span class=\"icon check\"><\/span><\/li>\r\n          <li class=\"inner-list-item\"><span class=\"mobile-ver\">Full Academy Pro + Analista personal dedicado<\/span>Full Academy Pro + Analista personal dedicado<\/li>\r\n          <li class=\"inner-list-item\"><span class=\"mobile-ver\">Actualiza tu cuenta en<\/span>Actualiza a Premium con una facturaci\u00f3n de 150 millones<\/li>\r\n        <\/ul>\r\n      <\/div>\r\n    <\/div>\r\n\r\n\r\n    <div class=\"acc-type\">\r\n      <div class=\"account-wrapp\">\r\n        <ul class=\"accnt-list list-group-right border-list\">\r\n          <li class=\"inner-list-item gradient-box\">\r\n             <div class=\"gradient-box\">\r\n             <div class=\"title-box\">\r\n               <span>CUENTA VIP<\/span>\r\n             <\/div>\r\n             <\/div>\r\n             <div class=\"pack\">$250,000<\/div>\r\n          <\/li>\r\n          <li class=\"inner-list-item\"><span class=\"mobile-ver\">Actualizaciones<\/span>Feed de recomendaciones en vivo<\/li>\r\n          <li class=\"inner-list-item\"><span class=\"mobile-ver\">Puntos de lealtad<\/span>Programa de puntos de fidelidad personalizado<\/li>\r\n          <li class=\"inner-list-item\"><span class=\"mobile-ver\">Acceso<\/span>Equipo de expertos presidenciales<\/li>\r\n          <li class=\"inner-list-item\"><span class=\"mobile-ver\">Apalancamiento<\/span>Tailored Leverage<\/li>\r\n          <li class=\"inner-list-item\"><span class=\"mobile-ver\">Margen<\/span>0.5 \u2013 1<\/li>\r\n          <li class=\"inner-list-item\"><span class=\"mobile-ver\">Cr\u00e9dito de la empresa seg\u00fan TyC<\/span>Hasta 25%<\/li>\r\n          <li class=\"inner-list-item\"><span class=\"mobile-ver\">Acceso al seminario web semanal<\/span><span class=\"icon check\"><\/span><\/li>\r\n          <li class=\"inner-list-item\"><span class=\"mobile-ver\">Acceso al seminario web diario + libro electr\u00f3nico<\/span><span class=\"icon check\"><\/span><\/li>\r\n          <li class=\"inner-list-item\"><span class=\"mobile-ver\">Full Academy + Formaci\u00f3n de analistas<\/span><span class=\"icon check\"><\/span><\/li>\r\n          <li class=\"inner-list-item\"><span class=\"mobile-ver\">Full Academy + Sesiones de analistas bajo demanda<\/span><span class=\"icon check\"><\/span><\/li>\r\n          <li class=\"inner-list-item\"><span class=\"mobile-ver\">Full Academy Pro + Analista personal dedicado<\/span><span class=\"icon check\"><\/span><\/li>\r\n          <li class=\"inner-list-item\"><span class=\"mobile-ver\">Actualiza tu cuenta en<\/span>Apalancamiento personalizado<\/li>\r\n         <\/ul>\r\n      <\/div>\r\n    <\/div>   \r\n   <\/div>\r\n   <\/div>\r\n<\/div>\r\n","protected":false},"excerpt":{"rendered":"Actualizaciones Loyalty Points Access Leverage Spread Cr\u00e9dito de la empresa seg\u00fan TyC Acceso al seminario web semanal Acceso al seminario web diario + libro electr\u00f3nico Full Academy + Formaci\u00f3n de analistas Full Academy + Sesiones de analistas bajo demanda Full Academy Pro + Analista personal dedicado Actualiza tu cuenta en CUENTA VERDE $5,000 ActualizacionesActualizaciones y &hellip;","protected":false},"author":6,"featured_media":0,"parent":0,"menu_order":0,"comment_status":"closed","ping_status":"closed","template":"fullwidth-page.php","meta":{"footnotes":""},"class_list":["post-665","page","type-page","status-publish","hentry"],"_links":{"self":[{"href":"https:\/\/tndmarkets.com\/es\/wp-json\/wp\/v2\/pages\/665","targetHints":{"allow":["GET"]}}],"collection":[{"href":"https:\/\/tndmarkets.com\/es\/wp-json\/wp\/v2\/pages"}],"about":[{"href":"https:\/\/tndmarkets.com\/es\/wp-json\/wp\/v2\/types\/page"}],"author":[{"embeddable":true,"href":"https:\/\/tndmarkets.com\/es\/wp-json\/wp\/v2\/users\/6"}],"replies":[{"embeddable":true,"href":"https:\/\/tndmarkets.com\/es\/wp-json\/wp\/v2\/comments?post=665"}],"version-history":[{"count":3,"href":"https:\/\/tndmarkets.com\/es\/wp-json\/wp\/v2\/pages\/665\/revisions"}],"predecessor-version":[{"id":803,"href":"https:\/\/tndmarkets.com\/es\/wp-json\/wp\/v2\/pages\/665\/revisions\/803"}],"wp:attachment":[{"href":"https:\/\/tndmarkets.com\/es\/wp-json\/wp\/v2\/media?parent=665"}],"curies":[{"name":"wp","href":"https:\/\/api.w.org\/{rel}","templated":true}]}}