{"id":662,"date":"2023-06-12T11:40:26","date_gmt":"2023-06-12T11:40:26","guid":{"rendered":"http:\/\/staging.xmrmarkets.com\/about-us\/"},"modified":"2024-01-03T09:19:02","modified_gmt":"2024-01-03T09:19:02","slug":"about-us","status":"publish","type":"page","link":"https:\/\/tndmarkets.com\/es\/about-us\/","title":{"rendered":"Sobre nosotros"},"content":{"rendered":"<div class=\"innerpage-wrap about-us-page\">\r\n   \r\n  <div class=\"aboutus-top\">\r\n<div class=\"container\">\r\n  <div class=\"row\">\r\n       <div class=\"col-lg-12 text-center\">\r\n          <h2> Plataformas potentes e intuitivas para todo tipo de inversor<\/h2>\r\n          <p>Ya sea que est\u00e9ss operando activamente o invirtiendo a largo plazo, nuestras plataformas est\u00e1n repletas de herramientas y funciones innovadoras para brindarte todo lo que necesita para tomar decisiones m\u00e1s inteligentes e informadas. No importa qu\u00e9 plataforma elijas, puedes investigar acciones, realizar operaciones y administrar tu cartera con conocimiento respaldado por transmisi\u00f3n en vivo, cotizaciones en tiempo real y especialistas con a\u00f1os de experiencia.<\/p>\r\n       <\/div>\r\n  \r\n  <\/div>\r\n  <\/div>   \r\n  <\/div>\r\n\r\n<div class=\"aboutus-middle\">\r\n<div class=\"container\">\r\n<div class=\"row\">\r\n    <div class=\"col-lg-6 pe-0\">\r\n  <div class=\"ab-green-box\">\r\n        <h2>M\u00e1s opciones de inversi\u00f3n. M\u00e1s oportunidades para crecer.<\/h2>\r\n    <p>Obt\u00e9n acceso a CFD sobre acciones, divisas, materias primas, \u00edndices y m\u00e1s para mantenerse diversificado y listo para aprovechar una gama m\u00e1s amplia de oportunidades.<\/p>\r\n      <\/div>\r\n    <\/div>\r\n    <div class=\"col-lg-6 ps-0\">\r\n      <img decoding=\"async\" src=\"\/wp-content\/themes\/website-theme\/images\/ab-img.jpg\" class=\"img-fluid\" alt=\"...\">\r\n    <\/div>\r\n  <\/div>\r\n  <\/div>\r\n  <\/div>\r\n\r\n<div class=\"aboutus-yellow-sec\">\r\n<div class=\"container\">\r\n  <div class=\"row\">\r\n       <div class=\"col-lg-12\">\r\n          <h2 class=\"green-color\">\u00daneta a la comunidad de TNDMarket\/h2>\r\n    <p>Te invitamos a formar parte de la comunidad de TNDMarket. Si es un operador experimentado o reci\u00e9n comienza tu viaje en los mercados de trading, nuestra plataforma est\u00e1 dise\u00f1ada para respaldarlo y empoderarlo.<\/p>\r\n      <p>Gracias por considerar a TNDMarket como tu socio comercial de confianza. Esperamos poder ayudarte a alcanzar tus objetivos financieros en el apasionante mundo del trading.<\/p>\r\n       <\/div>\r\n  <\/div>\r\n  <\/div>\r\n  <\/div>\r\n\r\n<div class=\"section aboutus-bottom\">\r\n<div class=\"container\">\r\n<div class=\"row\">\r\n\r\n<div class=\"col-lg-12 mb-4\">\r\n  <h2>Nuestro equipo<\/h2>\r\n  <p>Nuestro equipo de traders experimentados y expertos financieros est\u00e1 a tu servicio, proporcion\u00e1ndote informaci\u00f3n diaria sobre el mercado y an\u00e1lisis en profundidad para garantizar que siempre est\u00e9s bien informado y capacitado para tomar decisiones de trading seguras en tiempo real.<\/p>\r\n<\/div>\r\n<!-- <div class=\"col-lg-4 mtp\">\r\n <div class=\"ab-box\">\r\n <img decoding=\"async\" src=\"\/wp-content\/themes\/website-theme\/images\/ab-pic-01.png\" class=\"img-fluid mb-3\" alt=\"...\">\r\n   <h3 class=\"green-color\">John Doe <\/h3>\r\n    <p>CEO & Co-Founder <\/p>\r\n     <p class=\"mt-4\">John is a trading enthusiast with a background in financial services. He founded TNDMarket to bridge the gap between traditional finance and the digital asset space.<\/p>\r\n   <\/div>   \r\n<\/div>\r\n<div class=\"col-lg-4 mtp\">\r\n<div class=\"ab-box\">\r\n<img decoding=\"async\" src=\"\/wp-content\/themes\/website-theme\/images\/ab-pic-02.png\" class=\"img-fluid mb-3\" alt=\"...\">\r\n  <h3 class=\"green-color\">Jane Smith<\/h3>\r\n  <p> Chief Technology Officer <\/p>\r\n   <p class=\"mt-4\">Jane brings years of experience in software development and blockchain technology. Her leadership in the technical team ensures a secure and robust trading platform.<\/p>\r\n  <\/div>    \r\n<\/div>\r\n<div class=\"col-lg-4 mtp\">\r\n <div class=\"ab-box\">\r\n <img decoding=\"async\" src=\"\/wp-content\/themes\/website-theme\/images\/ab-pic-03.png\" class=\"img-fluid mb-3\" alt=\"...\">\r\n  <h3 class=\"green-color\">Mark Wilson <\/h3>\r\n  <p> Head of Customer Support <\/p>\r\n   <p class=\"mt-4\">Mark is here to assist you 24\/7. He and his team are committed to providing prompt, efficient support to answer your questions and resolve any issues.<\/p>\r\n   <\/div>   \r\n<\/div> -->\r\n<\/div>\r\n<\/div>\r\n<\/div>\r\n\r\n\r\n\r\n<\/div>\r\n\r\n","protected":false},"excerpt":{"rendered":"Plataformas potentes e intuitivas para todo tipo de inversor Ya sea que est\u00e9ss operando activamente o invirtiendo a largo plazo, nuestras plataformas est\u00e1n repletas de herramientas y funciones innovadoras para brindarte todo lo que necesita para tomar decisiones m\u00e1s inteligentes e informadas. No importa qu\u00e9 plataforma elijas, puedes investigar acciones, realizar operaciones y administrar tu &hellip;","protected":false},"author":6,"featured_media":0,"parent":0,"menu_order":0,"comment_status":"closed","ping_status":"closed","template":"fullwidth-page.php","meta":{"footnotes":""},"class_list":["post-662","page","type-page","status-publish","hentry"],"_links":{"self":[{"href":"https:\/\/tndmarkets.com\/es\/wp-json\/wp\/v2\/pages\/662","targetHints":{"allow":["GET"]}}],"collection":[{"href":"https:\/\/tndmarkets.com\/es\/wp-json\/wp\/v2\/pages"}],"about":[{"href":"https:\/\/tndmarkets.com\/es\/wp-json\/wp\/v2\/types\/page"}],"author":[{"embeddable":true,"href":"https:\/\/tndmarkets.com\/es\/wp-json\/wp\/v2\/users\/6"}],"replies":[{"embeddable":true,"href":"https:\/\/tndmarkets.com\/es\/wp-json\/wp\/v2\/comments?post=662"}],"version-history":[{"count":5,"href":"https:\/\/tndmarkets.com\/es\/wp-json\/wp\/v2\/pages\/662\/revisions"}],"predecessor-version":[{"id":912,"href":"https:\/\/tndmarkets.com\/es\/wp-json\/wp\/v2\/pages\/662\/revisions\/912"}],"wp:attachment":[{"href":"https:\/\/tndmarkets.com\/es\/wp-json\/wp\/v2\/media?parent=662"}],"curies":[{"name":"wp","href":"https:\/\/api.w.org\/{rel}","templated":true}]}}